{"id":33,"date":"2020-03-26T18:40:38","date_gmt":"2020-03-26T17:40:38","guid":{"rendered":"http:\/\/www.arth-online.ch\/ts\/?page_id=33"},"modified":"2020-03-26T20:49:15","modified_gmt":"2020-03-26T19:49:15","slug":"fed-karte","status":"publish","type":"page","link":"https:\/\/www.arth-online.ch\/theaterstubli\/karten\/fed-karte\/","title":{"rendered":"FED-Karte"},"content":{"rendered":"<h2>Franz\u00f6sisch-Englisch-Deutsche Speisekarte<\/h2>\n<p>Assiette de fitnesse: escalopes de veau pan\u00e9e<br \/>\nsalade m\u00eal\u00e8e<\/p>\n<p>Fitness plate: veal cutlet breaded<br \/>\nmixed salad<\/p>\n<p>Fitness-Teller: Kalbsschnitzel paniert<br \/>\ngemischter Salat<\/p>\n<p><strong>Fr. 24.50<\/strong><\/p>\n<p>Steak de porc mexicain, p\u00e2tes<br \/>\nsalade m\u00eal\u00e8e<\/p>\n<p>Steak pork, sauce mexican<br \/>\npasta, mixed salad<\/p>\n<p>Schweinssteak-Mexicain<br \/>\nN\u00fcdeli, gemischter Salat<\/p>\n<p><strong>Fr. 35.00<\/strong><\/p>\n<p>Filets de boeuf sauce b\u00e8arnaise<br \/>\nfrites, l\u00e9gumes, salade m\u00eal\u00e9e<\/p>\n<p>Fillet of beef, sauce b\u00e9arnaise<br \/>\nfrench fries, vegetables, mixed salad<\/p>\n<p>Rindsfilet Sauce B\u00e9arnaise<br \/>\nPomme-frites, Gem\u00fcse<br \/>\ngemischter Salat<\/p>\n<p><strong>Fr. 37.50<\/strong><\/p>\n<p>Filets de perche \u00e0 frire au beurre<br \/>\nsauce tartare, pommes de terre<br \/>\nsalade m\u00eal\u00e9e<\/p>\n<p>Perch fillet fried in butter<br \/>\nsauce tartare, boiled potatoes<br \/>\nmixes salad<\/p>\n<p>Egli-Filets in Butter, Sauce Tartare<br \/>\nSalzkartoffeln, gemischter Salat<\/p>\n<p><strong>Fr. 35.50<\/strong><\/p>\n<p>Saucisse \u00e0 r\u00f4tir, frites<\/p>\n<p>Grilled sausage, french fries<\/p>\n<p>Bratwurst, Pommes-frites<\/p>\n<p><strong>Fr. 16.50<\/strong><\/p>\n<p>Tortellini avec fromage<\/p>\n<p>Tortelini with Swiss cheese<\/p>\n<p>Tortellini mit K\u00e4se<\/p>\n<p><strong>Fr. 13.50<\/strong><\/p>\n","protected":false},"excerpt":{"rendered":"<p>Franz\u00f6sisch-Englisch-Deutsche Speisekarte Assiette de fitnesse: escalopes de veau pan\u00e9e salade m\u00eal\u00e8e Fitness plate: veal cutlet breaded mixed salad Fitness-Teller: Kalbsschnitzel paniert gemischter Salat Fr. 24.50 Steak de porc mexicain, p\u00e2tes salade m\u00eal\u00e8e Steak pork, sauce mexican pasta, mixed salad Schweinssteak-Mexicain N\u00fcdeli, gemischter Salat Fr. 35.00 Filets de boeuf sauce b\u00e8arnaise frites, l\u00e9gumes, salade m\u00eal\u00e9e Fillet &hellip; <a href=\"https:\/\/www.arth-online.ch\/theaterstubli\/karten\/fed-karte\/\" class=\"more-link\"><span class=\"screen-reader-text\">\u201eFED-Karte\u201c <\/span>weiterlesen<\/a><\/p>\n","protected":false},"author":1,"featured_media":0,"parent":10,"menu_order":0,"comment_status":"closed","ping_status":"closed","template":"","meta":{"ngg_post_thumbnail":0,"footnotes":""},"class_list":["post-33","page","type-page","status-publish","hentry"],"_links":{"self":[{"href":"https:\/\/www.arth-online.ch\/theaterstubli\/wp-json\/wp\/v2\/pages\/33","targetHints":{"allow":["GET"]}}],"collection":[{"href":"https:\/\/www.arth-online.ch\/theaterstubli\/wp-json\/wp\/v2\/pages"}],"about":[{"href":"https:\/\/www.arth-online.ch\/theaterstubli\/wp-json\/wp\/v2\/types\/page"}],"author":[{"embeddable":true,"href":"https:\/\/www.arth-online.ch\/theaterstubli\/wp-json\/wp\/v2\/users\/1"}],"replies":[{"embeddable":true,"href":"https:\/\/www.arth-online.ch\/theaterstubli\/wp-json\/wp\/v2\/comments?post=33"}],"version-history":[{"count":4,"href":"https:\/\/www.arth-online.ch\/theaterstubli\/wp-json\/wp\/v2\/pages\/33\/revisions"}],"predecessor-version":[{"id":80,"href":"https:\/\/www.arth-online.ch\/theaterstubli\/wp-json\/wp\/v2\/pages\/33\/revisions\/80"}],"up":[{"embeddable":true,"href":"https:\/\/www.arth-online.ch\/theaterstubli\/wp-json\/wp\/v2\/pages\/10"}],"wp:attachment":[{"href":"https:\/\/www.arth-online.ch\/theaterstubli\/wp-json\/wp\/v2\/media?parent=33"}],"curies":[{"name":"wp","href":"https:\/\/api.w.org\/{rel}","templated":true}]}}