{"id":6634,"date":"2025-10-30T15:14:35","date_gmt":"2025-10-30T14:14:35","guid":{"rendered":"https:\/\/www.arth-online.ch\/svp\/?page_id=6634"},"modified":"2025-10-30T18:24:09","modified_gmt":"2025-10-30T17:24:09","slug":"abstimmung-30-november-2025","status":"publish","type":"page","link":"https:\/\/www.arth-online.ch\/svp\/abstimmungen\/abstimmungen-2025\/abstimmung-30-november-2025\/","title":{"rendered":"Abstimmung 30. November 2025"},"content":{"rendered":"<h2>Bund<\/h2>\n<ul>\n<li><strong style=\"background-color: Red; color: white;\">NEIN<\/strong> zur Volksinitiative \u00abF\u00fcr eine engagierte Schweiz (Service-citoyen-Initiative)\u00bb<\/li>\n<li><strong style=\"background-color: Red; color: white;\">NEIN<\/strong> zur Volksinitiative \u00abF\u00fcr eine soziale Klimapolitik \u2013 steuerlich gerecht finanziert (Initiative f\u00fcr eine Zukunft)\u00bb<\/li>\n<\/ul>\n<h2>Kanton<\/h2>\n<p>Es gelangen keine kantonalen Vorlagen zur Abstimmung.<\/p>\n<h2>Bezirk<\/h2>\n<h2>Gemeinde<\/h2>\n<ul>\n<li>Ausgabenbewilligung f\u00fcr die Konkretisierung der geplanten Tiefgarage und f\u00fcr die Planung der baulichen Massnahmen auf den Arealfl\u00e4chen der Hofmatt in Arth von CHF 600&#8217;000.00<\/li>\n<li>Neubau Schulanlage Oberarth, Ausgabenbewilligung von CHF 1&#8217;500&#8217;000.00 f\u00fcr die Projektierungsarbeiten<\/li>\n<\/ul>\n","protected":false},"excerpt":{"rendered":"<p>Bund NEIN zur Volksinitiative \u00abF\u00fcr eine engagierte Schweiz (Service-citoyen-Initiative)\u00bb NEIN zur Volksinitiative \u00abF\u00fcr eine soziale Klimapolitik \u2013 steuerlich gerecht finanziert (Initiative f\u00fcr eine Zukunft)\u00bb Kanton Es gelangen keine kantonalen Vorlagen &hellip; <a href=\"https:\/\/www.arth-online.ch\/svp\/abstimmungen\/abstimmungen-2025\/abstimmung-30-november-2025\/\" class=\"more-link\"><span class=\"screen-reader-text\">\u201eAbstimmung 30. November 2025\u201c <\/span>weiterlesen<\/a><\/p>\n","protected":false},"author":1,"featured_media":0,"parent":6611,"menu_order":0,"comment_status":"closed","ping_status":"closed","template":"","meta":{"ngg_post_thumbnail":0,"footnotes":"","_links_to":"","_links_to_target":""},"class_list":["post-6634","page","type-page","status-publish","hentry"],"distributor_meta":false,"distributor_terms":false,"distributor_media":false,"distributor_original_site_name":"SVP Arth-Oberarth-Goldau","distributor_original_site_url":"https:\/\/www.arth-online.ch\/svp","push-errors":false,"_links":{"self":[{"href":"https:\/\/www.arth-online.ch\/svp\/wp-json\/wp\/v2\/pages\/6634","targetHints":{"allow":["GET"]}}],"collection":[{"href":"https:\/\/www.arth-online.ch\/svp\/wp-json\/wp\/v2\/pages"}],"about":[{"href":"https:\/\/www.arth-online.ch\/svp\/wp-json\/wp\/v2\/types\/page"}],"author":[{"embeddable":true,"href":"https:\/\/www.arth-online.ch\/svp\/wp-json\/wp\/v2\/users\/1"}],"replies":[{"embeddable":true,"href":"https:\/\/www.arth-online.ch\/svp\/wp-json\/wp\/v2\/comments?post=6634"}],"version-history":[{"count":3,"href":"https:\/\/www.arth-online.ch\/svp\/wp-json\/wp\/v2\/pages\/6634\/revisions"}],"predecessor-version":[{"id":6639,"href":"https:\/\/www.arth-online.ch\/svp\/wp-json\/wp\/v2\/pages\/6634\/revisions\/6639"}],"up":[{"embeddable":true,"href":"https:\/\/www.arth-online.ch\/svp\/wp-json\/wp\/v2\/pages\/6611"}],"wp:attachment":[{"href":"https:\/\/www.arth-online.ch\/svp\/wp-json\/wp\/v2\/media?parent=6634"}],"curies":[{"name":"wp","href":"https:\/\/api.w.org\/{rel}","templated":true}]}}