{"id":6442,"date":"2024-02-28T14:38:12","date_gmt":"2024-02-28T13:38:12","guid":{"rendered":"https:\/\/www.arth-online.ch\/svp\/?page_id=6442"},"modified":"2024-05-14T15:07:38","modified_gmt":"2024-05-14T13:07:38","slug":"wahlen-14-april-2024","status":"publish","type":"page","link":"https:\/\/www.arth-online.ch\/svp\/wahlen\/wahlen-2024\/wahlen-14-april-2024\/","title":{"rendered":"Wahlen 14. April 2024"},"content":{"rendered":"<p><!--\n\n<h2>Erneuerungswahlen der Gemeindebeh\u00f6rden<\/h2>\n\n\n\nEs sind folgende Wahlen vorzunehmen:\n\n\n\n<ul>\n\n\n<li>Gemeindepr\u00e4sidium - f\u00fcr 2 Jahre<\/li>\n\n\n\n\n<li>S\u00e4ckelmeister - f\u00fcr 2 Jahre<\/li>\n\n\n\n\n<li>3 Mitglieder des Gemeinderates - f\u00fcr 4 Jahre<\/li>\n\n\n\n\n<li>5 Mitglieder der Rechnungspr\u00fcfungskommission - f\u00fcr 2 Jahre<\/li>\n\n\n<\/ul>\n\n--><\/p>\n<p><img loading=\"lazy\" decoding=\"async\" src=\"http:\/\/www.arth-online.ch\/svp\/wp-content\/uploads\/sites\/2\/2024\/03\/gr2024-christian_inderbitzin.jpg\" alt=\"\" width=\"1280\" height=\"1078\" class=\"alignnone size-full wp-image-6514\" srcset=\"https:\/\/www.arth-online.ch\/svp\/wp-content\/uploads\/sites\/2\/2024\/03\/gr2024-christian_inderbitzin.jpg 1280w, https:\/\/www.arth-online.ch\/svp\/wp-content\/uploads\/sites\/2\/2024\/03\/gr2024-christian_inderbitzin-300x253.jpg 300w, https:\/\/www.arth-online.ch\/svp\/wp-content\/uploads\/sites\/2\/2024\/03\/gr2024-christian_inderbitzin-1024x862.jpg 1024w, https:\/\/www.arth-online.ch\/svp\/wp-content\/uploads\/sites\/2\/2024\/03\/gr2024-christian_inderbitzin-768x647.jpg 768w, https:\/\/www.arth-online.ch\/svp\/wp-content\/uploads\/sites\/2\/2024\/03\/gr2024-christian_inderbitzin-1200x1011.jpg 1200w\" sizes=\"auto, (max-width: 709px) 85vw, (max-width: 909px) 67vw, (max-width: 1362px) 62vw, 840px\" \/><\/p>\n<p>Christian Inderbitzin, geboren und aufgewachsen in der Gemeinde Arth, ist 37-j\u00e4hrig und dreifacher Familienvater. Als einheimischer Landwirt im \u00abBr\u00e4pfet\u00bb und Schulbusfahrer f\u00fcr die Gemeindeschulen Arth ist er fest in der Gemeinde verankert, kennt die Sorgen und N\u00f6te der Bev\u00f6lkerung und setzt sich tagt\u00e4glich f\u00fcr das Gemeinwohl ein. <\/p>\n<p>Im Gemeinderat will Christian Inderbitzin die Stimme der dezentral wohnenden Bev\u00f6lkerung, der Landwirtschaft, des arbeitenden Mittelstands, der Familien sowie der Schwyzer Werte und Traditionen sein.<\/p>\n<p>Er setzt sich f\u00fcr das Wohlergehen der Arther Bev\u00f6lkerung, f\u00fcr eine zeitgem\u00e4sse Infrastruktur, f\u00fcr ein intaktes Dorf- und Vereinsleben sowie gegen ein Bundesasylzentrum in der Gemeinde Arth ein.<\/p>\n<p>Als Pr\u00e4sident der Flurgenossenschaft Br\u00e4pfet-H\u00fcrlisegg, Stimmenz\u00e4hler Artherviertel der Oberallmeinds-Gemeinde und ehemaliger Kantonsratskandidat verf\u00fcgt Christian Inderbitzin bereits \u00fcber eine gute politische Grundlage, um im Gemeinderat Arth mitwirken zu k\u00f6nnen.<\/p>\n<p>Er will sich in den bestehenden Gemeinderat l\u00f6sungsorientiert, zielgerichtet einbringen, um so die anstehenden Herausforderungen f\u00fcr die Gemeinde Arth bestm\u00f6glich zu l\u00f6sen.<\/p>\n<p><img loading=\"lazy\" decoding=\"async\" src=\"http:\/\/www.arth-online.ch\/svp\/wp-content\/uploads\/sites\/2\/2024\/03\/rpk2024-katrin_jost.jpg\" alt=\"\" width=\"1280\" height=\"1078\" class=\"alignnone size-full wp-image-6513\" srcset=\"https:\/\/www.arth-online.ch\/svp\/wp-content\/uploads\/sites\/2\/2024\/03\/rpk2024-katrin_jost.jpg 1280w, https:\/\/www.arth-online.ch\/svp\/wp-content\/uploads\/sites\/2\/2024\/03\/rpk2024-katrin_jost-300x253.jpg 300w, https:\/\/www.arth-online.ch\/svp\/wp-content\/uploads\/sites\/2\/2024\/03\/rpk2024-katrin_jost-1024x862.jpg 1024w, https:\/\/www.arth-online.ch\/svp\/wp-content\/uploads\/sites\/2\/2024\/03\/rpk2024-katrin_jost-768x647.jpg 768w, https:\/\/www.arth-online.ch\/svp\/wp-content\/uploads\/sites\/2\/2024\/03\/rpk2024-katrin_jost-1200x1011.jpg 1200w\" sizes=\"auto, (max-width: 709px) 85vw, (max-width: 909px) 67vw, (max-width: 1362px) 62vw, 840px\" \/><\/p>\n<p>Katrin Jost ist aufgewachsen in K\u00f6niz BE, verheiratet und Mutter von drei S\u00f6hnen. Sie ist bereits Mitglied der RPK und stellt sich zur Wiederwahl. Katrin Jost verf\u00fcgt \u00fcber das n\u00f6tige R\u00fcstzeug aus der Berufswelt, sei es durch ihre kaufm\u00e4nnische Lehre beim EDA sowie diversen Funktionen bei Kantonal- und Privatbanken in Bern und Z\u00fcrich. Ebenfalls ist sie Stiftungsr\u00e4tin in einer privaten Stiftung. Mit diesem Hintergrund ist Katrin Jost erneut die ideale Besetzung f\u00fcr die Rechnungspr\u00fcfungskommission.<\/p>\n<p><em><strong>Wahlplakat<\/strong><\/em><br \/>\n<a href=\"http:\/\/www.arth-online.ch\/svp\/wp-content\/uploads\/sites\/2\/2024\/03\/WhatsApp-Image-2024-03-21-at-21.26.39.jpeg\"><img loading=\"lazy\" decoding=\"async\" src=\"http:\/\/www.arth-online.ch\/svp\/wp-content\/uploads\/sites\/2\/2024\/03\/WhatsApp-Image-2024-03-21-at-21.26.39-186x300.jpeg\" alt=\"\" width=\"186\" height=\"300\" class=\"alignnone size-medium wp-image-6509\" srcset=\"https:\/\/www.arth-online.ch\/svp\/wp-content\/uploads\/sites\/2\/2024\/03\/WhatsApp-Image-2024-03-21-at-21.26.39-186x300.jpeg 186w, https:\/\/www.arth-online.ch\/svp\/wp-content\/uploads\/sites\/2\/2024\/03\/WhatsApp-Image-2024-03-21-at-21.26.39-634x1024.jpeg 634w, https:\/\/www.arth-online.ch\/svp\/wp-content\/uploads\/sites\/2\/2024\/03\/WhatsApp-Image-2024-03-21-at-21.26.39-768x1240.jpeg 768w, https:\/\/www.arth-online.ch\/svp\/wp-content\/uploads\/sites\/2\/2024\/03\/WhatsApp-Image-2024-03-21-at-21.26.39-951x1536.jpeg 951w, https:\/\/www.arth-online.ch\/svp\/wp-content\/uploads\/sites\/2\/2024\/03\/WhatsApp-Image-2024-03-21-at-21.26.39.jpeg 990w\" sizes=\"auto, (max-width: 186px) 85vw, 186px\" \/><\/a><\/p>\n","protected":false},"excerpt":{"rendered":"<p>Christian Inderbitzin, geboren und aufgewachsen in der Gemeinde Arth, ist 37-j\u00e4hrig und dreifacher Familienvater. Als einheimischer Landwirt im \u00abBr\u00e4pfet\u00bb und Schulbusfahrer f\u00fcr die Gemeindeschulen Arth ist er fest in der &hellip; <a href=\"https:\/\/www.arth-online.ch\/svp\/wahlen\/wahlen-2024\/wahlen-14-april-2024\/\" class=\"more-link\"><span class=\"screen-reader-text\">\u201eWahlen 14. April 2024\u201c <\/span>weiterlesen<\/a><\/p>\n","protected":false},"author":1,"featured_media":0,"parent":6187,"menu_order":0,"comment_status":"closed","ping_status":"closed","template":"","meta":{"ngg_post_thumbnail":0,"footnotes":"","_links_to":"","_links_to_target":""},"class_list":["post-6442","page","type-page","status-publish","hentry"],"distributor_meta":false,"distributor_terms":false,"distributor_media":false,"distributor_original_site_name":"SVP Arth-Oberarth-Goldau","distributor_original_site_url":"https:\/\/www.arth-online.ch\/svp","push-errors":false,"_links":{"self":[{"href":"https:\/\/www.arth-online.ch\/svp\/wp-json\/wp\/v2\/pages\/6442","targetHints":{"allow":["GET"]}}],"collection":[{"href":"https:\/\/www.arth-online.ch\/svp\/wp-json\/wp\/v2\/pages"}],"about":[{"href":"https:\/\/www.arth-online.ch\/svp\/wp-json\/wp\/v2\/types\/page"}],"author":[{"embeddable":true,"href":"https:\/\/www.arth-online.ch\/svp\/wp-json\/wp\/v2\/users\/1"}],"replies":[{"embeddable":true,"href":"https:\/\/www.arth-online.ch\/svp\/wp-json\/wp\/v2\/comments?post=6442"}],"version-history":[{"count":7,"href":"https:\/\/www.arth-online.ch\/svp\/wp-json\/wp\/v2\/pages\/6442\/revisions"}],"predecessor-version":[{"id":6544,"href":"https:\/\/www.arth-online.ch\/svp\/wp-json\/wp\/v2\/pages\/6442\/revisions\/6544"}],"up":[{"embeddable":true,"href":"https:\/\/www.arth-online.ch\/svp\/wp-json\/wp\/v2\/pages\/6187"}],"wp:attachment":[{"href":"https:\/\/www.arth-online.ch\/svp\/wp-json\/wp\/v2\/media?parent=6442"}],"curies":[{"name":"wp","href":"https:\/\/api.w.org\/{rel}","templated":true}]}}