{"id":2954,"date":"2020-04-09T22:00:21","date_gmt":"2020-04-09T20:00:21","guid":{"rendered":"http:\/\/www.arth-online.ch\/svp\/?page_id=2954"},"modified":"2020-05-14T14:34:33","modified_gmt":"2020-05-14T12:34:33","slug":"philippe-szymkowiak","status":"publish","type":"page","link":"https:\/\/www.arth-online.ch\/svp\/wahlen\/wahlen-2020\/wahlen-17-mai-2020\/philippe-szymkowiak\/","title":{"rendered":"Philippe Szymkowiak"},"content":{"rendered":"<p><img loading=\"lazy\" decoding=\"async\" class=\"alignnone size-large wp-image-2955\" src=\"http:\/\/www.arth-online.ch\/svp\/wp-content\/uploads\/sites\/2\/2020\/04\/gr20-szymkowiak_philippe-690x1024.jpg\" alt=\"\" width=\"690\" height=\"1024\" srcset=\"https:\/\/www.arth-online.ch\/svp\/wp-content\/uploads\/sites\/2\/2020\/04\/gr20-szymkowiak_philippe-690x1024.jpg 690w, https:\/\/www.arth-online.ch\/svp\/wp-content\/uploads\/sites\/2\/2020\/04\/gr20-szymkowiak_philippe-202x300.jpg 202w, https:\/\/www.arth-online.ch\/svp\/wp-content\/uploads\/sites\/2\/2020\/04\/gr20-szymkowiak_philippe-768x1140.jpg 768w, https:\/\/www.arth-online.ch\/svp\/wp-content\/uploads\/sites\/2\/2020\/04\/gr20-szymkowiak_philippe-1035x1536.jpg 1035w, https:\/\/www.arth-online.ch\/svp\/wp-content\/uploads\/sites\/2\/2020\/04\/gr20-szymkowiak_philippe-1200x1781.jpg 1200w, https:\/\/www.arth-online.ch\/svp\/wp-content\/uploads\/sites\/2\/2020\/04\/gr20-szymkowiak_philippe.jpg 1280w\" sizes=\"auto, (max-width: 690px) 85vw, 690px\" \/><br \/>\n<em>Geboren am 7. April 1973, verheiratet, 1 Tochter und 1 Sohn<\/em><\/p>\n<p>Aufgewachsen in Arth, Schule in Arth und Oberarth besucht. Berufslehre als K\u00e4ser mit anschliessender Weiterbildung zum K\u00e4serei-Experten. 2003 Ausbildung zum eidg. medizinischen Masseur abgeschlossen, seither selbstst\u00e4ndig mit zwei Mitarbeitern in eigener Praxis in Arth und K\u00fcssnacht.<\/p>\n<p><strong style=\"color: green;\">Mitgliedschaften:<\/strong> Gruppenf\u00fchrer Feuerwehr Gemeinde Arth, Klausengesellschaft Arth, Gewerbeverein Arth- Goldau, Imkervereinigung Schwyz, Vorstand Ortspartei SVP Arth-Oberarth-Goldau<\/p>\n<h2>Meine Ziele als Gemeinderat<\/h2>\n<p><strong style=\"color: green;\">In erster Linie muss das Gewerbe in dieser schwierigen Corona-Zeit unb\u00fcrokratisch unterst\u00fctzt werden.<\/strong> Wir m\u00fcssen alles daran setzen, dass so wenig wie m\u00f6glich Arbeitsstellen abgebaut werden m\u00fcssen. Es gilt, Unternehmen, die durch die Corona-Massnahmen des Bundes in finanzielle Schwierigkeiten geraten sind, zu unterst\u00fctzen und vor dem Konkurs zu bewahren.<\/p>\n<p><strong style=\"color: green;\">Die Anliegen und Interessen der Bev\u00f6lkerung im Gemeinderat vertreten:<\/strong> Aktuell setze ich mich ein f\u00fcr die Aufrechterhaltung der Buslinie Arth\u2013Walchwil\u2013Zug sowie die Sicherheit der Fussg\u00e4nger und Velofahrer auf der Kantonsstrasse zwischen Arth und Walchwil.<\/p>\n<p><strong style=\"color: green;\">Ein sorgloses Altern ohne finanzielle Sorgen:<\/strong> Es darf nicht sein, das unsere \u00e4lteren Bewohner jeden Rappen umdrehen m\u00fcssen oder man kann auch sagen, ihnen aus der Tasche gezogen wird. Es ist klar, dass die Pflege kostet, aber man kann das Ganze auch besser planen und umstrukturieren. Gerade unsere \u00e4lteren Mitb\u00fcrger haben einen grossen Teil dazu beigetragen, dass es uns heute im Allgemeinen so gut geht.<\/p>\n<p>Den <strong style=\"color: green;\">Umweltschutz<\/strong> nehme ich ernst, lebe ihn selbstverantwortlich und unterst\u00fctze ihn im angemessenen Masse.<\/p>\n<div class=\"wc-shortcodes-row wc-shortcodes-item wc-shortcodes-clearfix\">\n<div class=\"wc-shortcodes-column wc-shortcodes-content wc-shortcodes-one-half wc-shortcodes-column-first \">\n<h2>Philippe, der Masseur<\/h2>\n<p><a href=\"http:\/\/www.arth-online.ch\/svp\/wp-content\/uploads\/sites\/2\/2020\/04\/masseur.jpg\"><img loading=\"lazy\" decoding=\"async\" class=\"alignnone size-large wp-image-2990\" src=\"http:\/\/www.arth-online.ch\/svp\/wp-content\/uploads\/sites\/2\/2020\/04\/masseur-1024x768.jpg\" alt=\"\" width=\"840\" height=\"630\" srcset=\"https:\/\/www.arth-online.ch\/svp\/wp-content\/uploads\/sites\/2\/2020\/04\/masseur-1024x768.jpg 1024w, https:\/\/www.arth-online.ch\/svp\/wp-content\/uploads\/sites\/2\/2020\/04\/masseur-300x225.jpg 300w, https:\/\/www.arth-online.ch\/svp\/wp-content\/uploads\/sites\/2\/2020\/04\/masseur-768x576.jpg 768w, https:\/\/www.arth-online.ch\/svp\/wp-content\/uploads\/sites\/2\/2020\/04\/masseur-1200x900.jpg 1200w, https:\/\/www.arth-online.ch\/svp\/wp-content\/uploads\/sites\/2\/2020\/04\/masseur.jpg 1280w\" sizes=\"auto, (max-width: 709px) 85vw, (max-width: 909px) 67vw, (max-width: 1362px) 62vw, 840px\" \/><\/a><br \/>\n<a href=\"http:\/\/www.rigi-massage.ch\">Website Rigi-Massage<\/a>\n<\/div>\n<div class=\"wc-shortcodes-column wc-shortcodes-content wc-shortcodes-one-half wc-shortcodes-column-last \">\n<h2>Philippe, der Feuerwehrmann<\/h2>\n<div style=\"width: 840px;\" class=\"wp-video\"><video class=\"wp-video-shortcode\" id=\"video-2954-1\" width=\"840\" height=\"473\" poster=\"http:\/\/www.arth-online.ch\/svp\/wp-content\/uploads\/sites\/2\/2020\/04\/poster_frame_feuerwehrmann.jpg\" preload=\"metadata\" controls=\"controls\"><source type=\"video\/mp4\" src=\"http:\/\/www.arth-online.ch\/svp\/wp-content\/uploads\/sites\/2\/2020\/04\/feuerwehrmann.mp4?_=1\" \/><a href=\"http:\/\/www.arth-online.ch\/svp\/wp-content\/uploads\/sites\/2\/2020\/04\/feuerwehrmann.mp4\">http:\/\/www.arth-online.ch\/svp\/wp-content\/uploads\/sites\/2\/2020\/04\/feuerwehrmann.mp4<\/a><\/video><\/div>\n<\/div>\n<\/div>\n<div class=\"wc-shortcodes-row wc-shortcodes-item wc-shortcodes-clearfix\">\n<div class=\"wc-shortcodes-column wc-shortcodes-content wc-shortcodes-one-half wc-shortcodes-column-first \">\n<h2>Philippe, der Imker<\/h2>\n<p><a href=\"http:\/\/www.arth-online.ch\/svp\/wp-content\/uploads\/sites\/2\/2020\/04\/imker.jpg\"><img loading=\"lazy\" decoding=\"async\" class=\"alignnone size-large wp-image-2988\" src=\"http:\/\/www.arth-online.ch\/svp\/wp-content\/uploads\/sites\/2\/2020\/04\/imker-1024x768.jpg\" alt=\"\" width=\"840\" height=\"630\" srcset=\"https:\/\/www.arth-online.ch\/svp\/wp-content\/uploads\/sites\/2\/2020\/04\/imker-1024x768.jpg 1024w, https:\/\/www.arth-online.ch\/svp\/wp-content\/uploads\/sites\/2\/2020\/04\/imker-300x225.jpg 300w, https:\/\/www.arth-online.ch\/svp\/wp-content\/uploads\/sites\/2\/2020\/04\/imker-768x576.jpg 768w, https:\/\/www.arth-online.ch\/svp\/wp-content\/uploads\/sites\/2\/2020\/04\/imker-1200x900.jpg 1200w, https:\/\/www.arth-online.ch\/svp\/wp-content\/uploads\/sites\/2\/2020\/04\/imker.jpg 1280w\" sizes=\"auto, (max-width: 709px) 85vw, (max-width: 909px) 67vw, (max-width: 1362px) 62vw, 840px\" \/><\/a>\n<\/div>\n<div class=\"wc-shortcodes-column wc-shortcodes-content wc-shortcodes-one-half wc-shortcodes-column-last \">\n<h2>Philippe, der Milchmann<\/h2>\n<div style=\"width: 840px;\" class=\"wp-video\"><video class=\"wp-video-shortcode\" id=\"video-2954-2\" width=\"840\" height=\"473\" poster=\"http:\/\/www.arth-online.ch\/svp\/wp-content\/uploads\/sites\/2\/2020\/04\/poster_frame_20200411_112519.jpg\" preload=\"metadata\" controls=\"controls\"><source type=\"video\/mp4\" src=\"http:\/\/www.arth-online.ch\/svp\/wp-content\/uploads\/sites\/2\/2020\/04\/20200411_112519.mp4?_=2\" \/><a href=\"http:\/\/www.arth-online.ch\/svp\/wp-content\/uploads\/sites\/2\/2020\/04\/20200411_112519.mp4\">http:\/\/www.arth-online.ch\/svp\/wp-content\/uploads\/sites\/2\/2020\/04\/20200411_112519.mp4<\/a><\/video><\/div>\n<\/div>\n<\/div>\n<div class=\"wc-shortcodes-box wc-shortcodes-item wc-shortcodes-content wc-shortcodes-clearfix wc-shortcodes-box-secondary \" style=\"text-align:left;\">\n<p><strong style=\"color: blue;\">Philippe,<br \/>\nunser Gewerbler,<br \/>\nbestens ger\u00fcstet f\u00fcr den Gemeinderat,<br \/>\num tatkr\u00e4ftig mitzuhelfen,<br \/>\ndie Folgen des wirtschaftlichen Corona-Shutdowns zu bew\u00e4ltigen.<\/strong><\/p>\n<\/div>\n<p><em>W\u00e4hlen Sie Philippe Szymkowiak mit Liste 2 in den Gemeinderat!<\/em><\/p>\n<div class=\"wc-shortcodes-row wc-shortcodes-item wc-shortcodes-clearfix\">\n<div class=\"wc-shortcodes-column wc-shortcodes-content wc-shortcodes-one-third wc-shortcodes-column-first \">\n<p><img loading=\"lazy\" decoding=\"async\" src=\"http:\/\/www.arth-online.ch\/svp\/wp-content\/uploads\/sites\/2\/2020\/05\/toni_ulrich_waehlt_philippe_szymkowiak.jpg\" alt=\"\" width=\"638\" height=\"639\" class=\"alignnone size-full wp-image-3049\" srcset=\"https:\/\/www.arth-online.ch\/svp\/wp-content\/uploads\/sites\/2\/2020\/05\/toni_ulrich_waehlt_philippe_szymkowiak.jpg 638w, https:\/\/www.arth-online.ch\/svp\/wp-content\/uploads\/sites\/2\/2020\/05\/toni_ulrich_waehlt_philippe_szymkowiak-300x300.jpg 300w, https:\/\/www.arth-online.ch\/svp\/wp-content\/uploads\/sites\/2\/2020\/05\/toni_ulrich_waehlt_philippe_szymkowiak-150x150.jpg 150w\" sizes=\"auto, (max-width: 638px) 85vw, 638px\" \/><\/p>\n<\/div>\n<div class=\"wc-shortcodes-column wc-shortcodes-content wc-shortcodes-one-third wc-shortcodes-column- \">\n<p><img loading=\"lazy\" decoding=\"async\" src=\"http:\/\/www.arth-online.ch\/svp\/wp-content\/uploads\/sites\/2\/2020\/05\/zeno_felchlin_waehlt_philippe_szymkowiak.jpg\" alt=\"\" width=\"636\" height=\"591\" class=\"alignnone size-full wp-image-3050\" srcset=\"https:\/\/www.arth-online.ch\/svp\/wp-content\/uploads\/sites\/2\/2020\/05\/zeno_felchlin_waehlt_philippe_szymkowiak.jpg 636w, https:\/\/www.arth-online.ch\/svp\/wp-content\/uploads\/sites\/2\/2020\/05\/zeno_felchlin_waehlt_philippe_szymkowiak-300x279.jpg 300w\" sizes=\"auto, (max-width: 636px) 85vw, 636px\" \/><\/p>\n<\/div>\n<div class=\"wc-shortcodes-column wc-shortcodes-content wc-shortcodes-one-third wc-shortcodes-column-last \">\n<p><img loading=\"lazy\" decoding=\"async\" src=\"http:\/\/www.arth-online.ch\/svp\/wp-content\/uploads\/sites\/2\/2020\/05\/roman_buergi_waehlt_philippe_szymkowiak.jpg\" alt=\"\" width=\"638\" height=\"639\" class=\"alignnone size-full wp-image-3051\" srcset=\"https:\/\/www.arth-online.ch\/svp\/wp-content\/uploads\/sites\/2\/2020\/05\/roman_buergi_waehlt_philippe_szymkowiak.jpg 638w, https:\/\/www.arth-online.ch\/svp\/wp-content\/uploads\/sites\/2\/2020\/05\/roman_buergi_waehlt_philippe_szymkowiak-300x300.jpg 300w, https:\/\/www.arth-online.ch\/svp\/wp-content\/uploads\/sites\/2\/2020\/05\/roman_buergi_waehlt_philippe_szymkowiak-150x150.jpg 150w\" sizes=\"auto, (max-width: 638px) 85vw, 638px\" \/><\/p>\n<\/div>\n<\/div>\n","protected":false},"excerpt":{"rendered":"<p>Geboren am 7. April 1973, verheiratet, 1 Tochter und 1 Sohn Aufgewachsen in Arth, Schule in Arth und Oberarth besucht. Berufslehre als K\u00e4ser mit anschliessender Weiterbildung zum K\u00e4serei-Experten. 2003 Ausbildung &hellip; <a href=\"https:\/\/www.arth-online.ch\/svp\/wahlen\/wahlen-2020\/wahlen-17-mai-2020\/philippe-szymkowiak\/\" class=\"more-link\"><span class=\"screen-reader-text\">\u201ePhilippe Szymkowiak\u201c <\/span>weiterlesen<\/a><\/p>\n","protected":false},"author":1,"featured_media":0,"parent":2636,"menu_order":0,"comment_status":"closed","ping_status":"closed","template":"","meta":{"ngg_post_thumbnail":0,"footnotes":"","_links_to":"","_links_to_target":""},"class_list":["post-2954","page","type-page","status-publish","hentry"],"distributor_meta":false,"distributor_terms":false,"distributor_media":false,"distributor_original_site_name":"SVP Arth-Oberarth-Goldau","distributor_original_site_url":"https:\/\/www.arth-online.ch\/svp","push-errors":false,"_links":{"self":[{"href":"https:\/\/www.arth-online.ch\/svp\/wp-json\/wp\/v2\/pages\/2954","targetHints":{"allow":["GET"]}}],"collection":[{"href":"https:\/\/www.arth-online.ch\/svp\/wp-json\/wp\/v2\/pages"}],"about":[{"href":"https:\/\/www.arth-online.ch\/svp\/wp-json\/wp\/v2\/types\/page"}],"author":[{"embeddable":true,"href":"https:\/\/www.arth-online.ch\/svp\/wp-json\/wp\/v2\/users\/1"}],"replies":[{"embeddable":true,"href":"https:\/\/www.arth-online.ch\/svp\/wp-json\/wp\/v2\/comments?post=2954"}],"version-history":[{"count":39,"href":"https:\/\/www.arth-online.ch\/svp\/wp-json\/wp\/v2\/pages\/2954\/revisions"}],"predecessor-version":[{"id":3052,"href":"https:\/\/www.arth-online.ch\/svp\/wp-json\/wp\/v2\/pages\/2954\/revisions\/3052"}],"up":[{"embeddable":true,"href":"https:\/\/www.arth-online.ch\/svp\/wp-json\/wp\/v2\/pages\/2636"}],"wp:attachment":[{"href":"https:\/\/www.arth-online.ch\/svp\/wp-json\/wp\/v2\/media?parent=2954"}],"curies":[{"name":"wp","href":"https:\/\/api.w.org\/{rel}","templated":true}]}}