{"id":2824,"date":"2020-02-18T11:22:18","date_gmt":"2020-02-18T10:22:18","guid":{"rendered":"http:\/\/www.arth-online.ch\/svp\/?page_id=2824"},"modified":"2020-02-18T11:22:18","modified_gmt":"2020-02-18T10:22:18","slug":"beatrice-frei-inderbitzin","status":"publish","type":"page","link":"https:\/\/www.arth-online.ch\/svp\/wahlen\/wahlen-2020\/wahlen-22-maerz-2020\/beatrice-frei-inderbitzin\/","title":{"rendered":"Beatrice Frei-Inderbitzin"},"content":{"rendered":"<h2>Am 22. M\u00e4rz 2020 In den Kantonsrat f\u00fcr Arth, Oberarth und Goldau!<\/h2>\n<p><img loading=\"lazy\" decoding=\"async\" src=\"http:\/\/www.arth-online.ch\/svp\/wp-content\/uploads\/sites\/2\/2020\/02\/kr2020-frei-inderbitzin_beatrice-1024x705.jpg\" alt=\"\" width=\"840\" height=\"578\" class=\"alignnone size-large wp-image-2770\" srcset=\"https:\/\/www.arth-online.ch\/svp\/wp-content\/uploads\/sites\/2\/2020\/02\/kr2020-frei-inderbitzin_beatrice-1024x705.jpg 1024w, https:\/\/www.arth-online.ch\/svp\/wp-content\/uploads\/sites\/2\/2020\/02\/kr2020-frei-inderbitzin_beatrice-300x207.jpg 300w, https:\/\/www.arth-online.ch\/svp\/wp-content\/uploads\/sites\/2\/2020\/02\/kr2020-frei-inderbitzin_beatrice-768x529.jpg 768w, https:\/\/www.arth-online.ch\/svp\/wp-content\/uploads\/sites\/2\/2020\/02\/kr2020-frei-inderbitzin_beatrice.jpg 1064w\" sizes=\"auto, (max-width: 709px) 85vw, (max-width: 909px) 67vw, (max-width: 1362px) 62vw, 840px\" \/><\/p>\n<h2>Smartspider<\/h2>\n<p><img loading=\"lazy\" decoding=\"async\" src=\"http:\/\/www.arth-online.ch\/svp\/wp-content\/uploads\/sites\/2\/2020\/02\/smartspider_frei-inderbitzin_beatrice.jpg\" alt=\"\" width=\"948\" height=\"949\" class=\"alignnone size-full wp-image-2808\" srcset=\"https:\/\/www.arth-online.ch\/svp\/wp-content\/uploads\/sites\/2\/2020\/02\/smartspider_frei-inderbitzin_beatrice.jpg 948w, https:\/\/www.arth-online.ch\/svp\/wp-content\/uploads\/sites\/2\/2020\/02\/smartspider_frei-inderbitzin_beatrice-300x300.jpg 300w, https:\/\/www.arth-online.ch\/svp\/wp-content\/uploads\/sites\/2\/2020\/02\/smartspider_frei-inderbitzin_beatrice-150x150.jpg 150w, https:\/\/www.arth-online.ch\/svp\/wp-content\/uploads\/sites\/2\/2020\/02\/smartspider_frei-inderbitzin_beatrice-768x769.jpg 768w\" sizes=\"auto, (max-width: 709px) 85vw, (max-width: 909px) 67vw, (max-width: 1362px) 62vw, 840px\" \/><\/p>\n<p>Aufgewachsen in Arth \/ Primarschule in Arth &#038; Sekundarschule in Oberarth.<br \/>\nAusbildung zur Kinderg\u00e4rtnerin in Ingenbohl, Lehrerin PH Zug und B\u00e4uerin in Gurtnellen.<br \/>\nSprachaufenthalte im Tessin, USA, Kanada, Irland und Australien.<br \/>\nMehrj\u00e4hrige Mitarbeit im Kantonalen Vorstand des Kinderg\u00e4rtnerinnenvereins, soziales Engagement in der Pfarrei Arth im Bereich Kleinkinderkirche. Vizepr\u00e4sidentin des Einwohnervereins Oberarth. Gr\u00fcndungspr\u00e4sidentin des Frauenschwingklubs der Urschweiz seit 2017. Kommissionsmitglied der SVP Nachwuchsf\u00f6rderung des Kantons Schwyz. Mitarbeit im Wahlausschuss der SVP Kanton Schwyz f\u00fcr National-, St\u00e4nde- und Regierungsratswahlen. Aktuarin im Vorstand der SVP Ortspartei Arth-Oberarth-Goldau.<\/p>\n<p><strong>Meine Zielsetzung als Kantonsr\u00e4tin:<\/strong><\/p>\n<p>Als im Kanton Schwyz verwurzelte Frau, Mutter und Lehrerin setze ich mich ein f\u00fcr die Familie und ein gutes Bildungs- und Weiterbildungssystem. Durch einen attraktiven Wirtschaftsstandort und optimale Rahmenbedingungen f\u00fcr das Gewerbe sollen die Arbeits- und Ausbildungspl\u00e4tze erhalten und neu geschaffen werden. Der Mittelstand muss gest\u00e4rkt werden. Ich unterst\u00fctze Werte wie Freiheit, Eigenverantwortung und Toleranz und die Selbstverantwortung der B\u00fcrger und Nichtb\u00fcrger. Ich bin f\u00fcr eine konstruktive und l\u00f6sungsorientierte Politik und gegen die Erh\u00f6hung von Steuern, Abgaben und die Einf\u00fchrung weiterer Gesetze, die den arbeitenden B\u00fcrger bevormunden und \u00abmelken\u00bb zugunsten von Profiteuren. Ich engagiere mich f\u00fcr Brauchtum, Traditionen, Kultur und f\u00fcr die Erhaltung des sch\u00f6nen Lebensraums unserer Heimat Schweiz.<\/p>\n<p><em>Herzlichen Dank f\u00fcr Ihre Unterst\u00fctzung<\/em><\/p>\n<p><a href=\"http:\/\/www.arth-online.ch\/svp\/wahlen\/wahlen-2020\/wahlen-22-maerz-2020\/\">Alle Kandidaten<\/a><\/p>\n","protected":false},"excerpt":{"rendered":"<p>Am 22. M\u00e4rz 2020 In den Kantonsrat f\u00fcr Arth, Oberarth und Goldau! Smartspider Aufgewachsen in Arth \/ Primarschule in Arth &#038; Sekundarschule in Oberarth. Ausbildung zur Kinderg\u00e4rtnerin in Ingenbohl, Lehrerin &hellip; <a href=\"https:\/\/www.arth-online.ch\/svp\/wahlen\/wahlen-2020\/wahlen-22-maerz-2020\/beatrice-frei-inderbitzin\/\" class=\"more-link\"><span class=\"screen-reader-text\">\u201eBeatrice Frei-Inderbitzin\u201c <\/span>weiterlesen<\/a><\/p>\n","protected":false},"author":1,"featured_media":0,"parent":2555,"menu_order":0,"comment_status":"closed","ping_status":"closed","template":"","meta":{"ngg_post_thumbnail":0,"footnotes":"","_links_to":"","_links_to_target":""},"class_list":["post-2824","page","type-page","status-publish","hentry"],"distributor_meta":false,"distributor_terms":false,"distributor_media":false,"distributor_original_site_name":"SVP Arth-Oberarth-Goldau","distributor_original_site_url":"https:\/\/www.arth-online.ch\/svp","push-errors":false,"_links":{"self":[{"href":"https:\/\/www.arth-online.ch\/svp\/wp-json\/wp\/v2\/pages\/2824","targetHints":{"allow":["GET"]}}],"collection":[{"href":"https:\/\/www.arth-online.ch\/svp\/wp-json\/wp\/v2\/pages"}],"about":[{"href":"https:\/\/www.arth-online.ch\/svp\/wp-json\/wp\/v2\/types\/page"}],"author":[{"embeddable":true,"href":"https:\/\/www.arth-online.ch\/svp\/wp-json\/wp\/v2\/users\/1"}],"replies":[{"embeddable":true,"href":"https:\/\/www.arth-online.ch\/svp\/wp-json\/wp\/v2\/comments?post=2824"}],"version-history":[{"count":1,"href":"https:\/\/www.arth-online.ch\/svp\/wp-json\/wp\/v2\/pages\/2824\/revisions"}],"predecessor-version":[{"id":2825,"href":"https:\/\/www.arth-online.ch\/svp\/wp-json\/wp\/v2\/pages\/2824\/revisions\/2825"}],"up":[{"embeddable":true,"href":"https:\/\/www.arth-online.ch\/svp\/wp-json\/wp\/v2\/pages\/2555"}],"wp:attachment":[{"href":"https:\/\/www.arth-online.ch\/svp\/wp-json\/wp\/v2\/media?parent=2824"}],"curies":[{"name":"wp","href":"https:\/\/api.w.org\/{rel}","templated":true}]}}