{"id":2040,"date":"2015-10-10T21:50:01","date_gmt":"2015-10-10T19:50:01","guid":{"rendered":"http:\/\/svp.arth-online.ch\/kantonsrat\/"},"modified":"2024-02-29T17:24:46","modified_gmt":"2024-02-29T16:24:46","slug":"kantonsrat","status":"publish","type":"page","link":"https:\/\/www.arth-online.ch\/svp\/unsere-vertreter\/kantonsrat\/","title":{"rendered":"Kantonsrat"},"content":{"rendered":"<h2>Heimgard Vollenweider<\/h2>\n<p><img loading=\"lazy\" decoding=\"async\" src=\"http:\/\/www.arth-online.ch\/svp\/wp-content\/uploads\/sites\/2\/2024\/02\/kr-heimgard_vollenweider-200x300.jpg\" alt=\"\" width=\"200\" height=\"300\" class=\"alignleft size-medium wp-image-6468\" srcset=\"https:\/\/www.arth-online.ch\/svp\/wp-content\/uploads\/sites\/2\/2024\/02\/kr-heimgard_vollenweider-200x300.jpg 200w, https:\/\/www.arth-online.ch\/svp\/wp-content\/uploads\/sites\/2\/2024\/02\/kr-heimgard_vollenweider.jpg 400w\" sizes=\"auto, (max-width: 200px) 85vw, 200px\" \/>07.01.1966<br \/>\nBr\u00fc\u00f6lstrasse 10b<br \/>\n6415 Arth<br \/>\nverheiratet<\/p>\n<p>Seit 1993 wohnhaft in Arth.<br \/>\nAusbildung an der Hotelfachschule Z\u00fcrich, Dipl. Hoteli\u00e8re HF.<br \/>\nGesch\u00e4ftsf\u00fchrerin der eigenen Unternehmung im Bereich Personalberatung, Stellenvermittlung und Unternehmensberatung.<br \/>\nSeit 2010 Gemeinder\u00e4tin Arth, Planung- und Baukommission<br \/>\nPr\u00e4sidentin Gewerbeverein Arth Oberarth Goldau \/ Mitglied der Gleichstellungskommission Kanton Schwyz \/ Vorstandsmitglied SVP Arth-Oberarth-Goldau<\/p>\n<p>Als Kantonsr\u00e4tin setzte ich mich ein:<\/p>\n<p>F\u00fcr eine funktionierende Wirtschaft, sie ist die Grundlage unserer Gesellschaft und Grundpfeiler unseres freiheitlichen Staatswesens. Unser Wohlergehen h\u00e4ngt weitgehend von kleinen und mittleren Unternehmungen ab. Diese brauchen optimale Rahmenbedingungen und der unternehmerische Spielraum muss m\u00f6glichst gross sein, damit sie leistungsf\u00e4hig bleiben. Ich fordere mehr Freiraum und weniger teure Regulierungsflut f\u00fcr unsere Betriebe.<\/p>\n<p>Ich stehe ein f\u00fcr einen gelebten Schutz der Umwelt mit Eigenverantwortung. Ohne Geldumverteilung, Beschr\u00e4nkung und Verbote.<\/p>\n<p>Als langj\u00e4hrige Gemeinder\u00e4tin kenne ich die stetig wachsenden kantonal geregelten Sozialkosten, welche die Gemeinden einfach zu tragen haben. Besonders f\u00fcr Zentrumsgemeinden wird diese Last immer gr\u00f6sser, hier gilt es im Kantonsrat dringend anzusetzen.<\/p>\n<p><strong>Heimgard Vollenweider im Kantonsrat zum Postulat &#8222;Schliessung S\u00e4gelstrasse&#8220; (9.9.2020)<\/strong><\/p>\n<p><iframe loading=\"lazy\" title=\"Heimgard Vollenweider im Kantonsrat zum Postulat &quot;Schliessung S\u00e4gelstrasse&quot;\" width=\"840\" height=\"473\" src=\"https:\/\/www.youtube.com\/embed\/APk4q7ORnGA?feature=oembed\" frameborder=\"0\" allow=\"accelerometer; autoplay; clipboard-write; encrypted-media; gyroscope; picture-in-picture; web-share\" allowfullscreen><\/iframe><\/p>\n<p>&nbsp;<\/p>\n<h2>Tony Ulrich<\/h2>\n<p><img loading=\"lazy\" decoding=\"async\" src=\"http:\/\/www.arth-online.ch\/svp\/wp-content\/uploads\/sites\/2\/2024\/02\/kr-tony_ulrich-200x300.jpg\" alt=\"\" width=\"200\" height=\"300\" class=\"alignleft size-medium wp-image-6464\" srcset=\"https:\/\/www.arth-online.ch\/svp\/wp-content\/uploads\/sites\/2\/2024\/02\/kr-tony_ulrich-200x300.jpg 200w, https:\/\/www.arth-online.ch\/svp\/wp-content\/uploads\/sites\/2\/2024\/02\/kr-tony_ulrich.jpg 400w\" sizes=\"auto, (max-width: 200px) 85vw, 200px\" \/>Tony Ulrich<br \/>\n08.04.1988<br \/>\nSch\u00f6ntalweg 18<br \/>\n6414 Oberarth<br \/>\nledig<\/p>\n<div style=\"clear:both;\"><\/div>\n<p><strong>Bisherige politische Mandate\/\u00c4mter\/Vereine<\/strong><\/p>\n<p>Kantonsrat seit 2023<br \/>\nVorstand Gewerbeverein Arth\/Oberarth\/Goldau<\/p>\n<p><strong>Wichtigste Ziele\/Anliegen<\/strong><\/p>\n<p>Ich unterst\u00fctze die Anliegen der Bev\u00f6lkerung, den Schutz unserer Traditionen und die freie Meinungs\u00e4usserung. Unterst\u00fctzung der Baubranche. Das Interesse, einen handwerklichen Beruf zu erlernen, hat stark abgenommen. Dabei spielt der Einfluss der Eltern eine grosse Rolle. Viele wollen, dass ihre Kinder studieren gehen oder eine h\u00f6here Fachschule absolvieren. Die Baubranche leidet stark unter dem Fachkr\u00e4ftemangel, was zum Teil zu wenig kommuniziert wird. Es braucht Gesetzes\u00e4nderungen bez\u00fcglich Bauvorhaben, da momentan zu viel B\u00fcrokratie vorhanden ist und die Kosten enorm sind.<\/p>\n<div style=\"margin-top: 3em;\"><\/div>\n<p><em style=\"background-color:Yellow;\">Siehe auch:<\/em><br \/>\n<a href=\"http:\/\/www.arth-online.ch\/svp\/unsere-vertreter\/kantonsrat\/ehemalige-kantonsraete\/\">Ehemalige Kantonsr\u00e4te<\/a><br \/>\n<a href=\"http:\/\/www.arth-online.ch\/svp\/unsere-vertreter\/kantonsrat\/svp-kantonsraete-im-kanton-schwyz\/\">SVP-Kantonsr\u00e4te im Kanton Schwyz<\/a><\/p>\n","protected":false},"excerpt":{"rendered":"<p>Heimgard Vollenweider 07.01.1966 Br\u00fc\u00f6lstrasse 10b 6415 Arth verheiratet Seit 1993 wohnhaft in Arth. Ausbildung an der Hotelfachschule Z\u00fcrich, Dipl. Hoteli\u00e8re HF. Gesch\u00e4ftsf\u00fchrerin der eigenen Unternehmung im Bereich Personalberatung, Stellenvermittlung und &hellip; <a href=\"https:\/\/www.arth-online.ch\/svp\/unsere-vertreter\/kantonsrat\/\" class=\"more-link\"><span class=\"screen-reader-text\">\u201eKantonsrat\u201c <\/span>weiterlesen<\/a><\/p>\n","protected":false},"author":1,"featured_media":0,"parent":2044,"menu_order":0,"comment_status":"closed","ping_status":"closed","template":"","meta":{"ngg_post_thumbnail":0,"footnotes":"","_links_to":"","_links_to_target":""},"class_list":["post-2040","page","type-page","status-publish","hentry"],"distributor_meta":false,"distributor_terms":false,"distributor_media":false,"distributor_original_site_name":"SVP Arth-Oberarth-Goldau","distributor_original_site_url":"https:\/\/www.arth-online.ch\/svp","push-errors":false,"_links":{"self":[{"href":"https:\/\/www.arth-online.ch\/svp\/wp-json\/wp\/v2\/pages\/2040","targetHints":{"allow":["GET"]}}],"collection":[{"href":"https:\/\/www.arth-online.ch\/svp\/wp-json\/wp\/v2\/pages"}],"about":[{"href":"https:\/\/www.arth-online.ch\/svp\/wp-json\/wp\/v2\/types\/page"}],"author":[{"embeddable":true,"href":"https:\/\/www.arth-online.ch\/svp\/wp-json\/wp\/v2\/users\/1"}],"replies":[{"embeddable":true,"href":"https:\/\/www.arth-online.ch\/svp\/wp-json\/wp\/v2\/comments?post=2040"}],"version-history":[{"count":19,"href":"https:\/\/www.arth-online.ch\/svp\/wp-json\/wp\/v2\/pages\/2040\/revisions"}],"predecessor-version":[{"id":6469,"href":"https:\/\/www.arth-online.ch\/svp\/wp-json\/wp\/v2\/pages\/2040\/revisions\/6469"}],"up":[{"embeddable":true,"href":"https:\/\/www.arth-online.ch\/svp\/wp-json\/wp\/v2\/pages\/2044"}],"wp:attachment":[{"href":"https:\/\/www.arth-online.ch\/svp\/wp-json\/wp\/v2\/media?parent=2040"}],"curies":[{"name":"wp","href":"https:\/\/api.w.org\/{rel}","templated":true}]}}