{"id":1238,"date":"2018-03-20T15:54:45","date_gmt":"2018-03-20T14:54:45","guid":{"rendered":"http:\/\/svp.arth-online.ch\/?page_id=1238"},"modified":"2018-03-20T15:54:45","modified_gmt":"2018-03-20T14:54:45","slug":"wahlen-22-april-2018","status":"publish","type":"page","link":"https:\/\/www.arth-online.ch\/svp\/wahlen\/wahlen-2018\/wahlen-22-april-2018\/","title":{"rendered":"Wahlen 22. April 2018"},"content":{"rendered":"<p><img loading=\"lazy\" decoding=\"async\" class=\"alignnone size-large wp-image-1233\" src=\"http:\/\/www.arth-online.ch\/svp\/wp-content\/uploads\/sites\/2\/2018\/03\/gr18_svparth-742x1024.jpg\" alt=\"\" width=\"742\" height=\"1024\" srcset=\"https:\/\/www.arth-online.ch\/svp\/wp-content\/uploads\/sites\/2\/2018\/03\/gr18_svparth-742x1024.jpg 742w, https:\/\/www.arth-online.ch\/svp\/wp-content\/uploads\/sites\/2\/2018\/03\/gr18_svparth-217x300.jpg 217w, https:\/\/www.arth-online.ch\/svp\/wp-content\/uploads\/sites\/2\/2018\/03\/gr18_svparth-768x1060.jpg 768w, https:\/\/www.arth-online.ch\/svp\/wp-content\/uploads\/sites\/2\/2018\/03\/gr18_svparth-1200x1656.jpg 1200w, https:\/\/www.arth-online.ch\/svp\/wp-content\/uploads\/sites\/2\/2018\/03\/gr18_svparth.jpg 1240w\" sizes=\"auto, (max-width: 742px) 85vw, 742px\" \/><\/p>\n<div class=\"wc-shortcodes-row wc-shortcodes-item wc-shortcodes-clearfix\">\n<div class=\"wc-shortcodes-column wc-shortcodes-content wc-shortcodes-one-third wc-shortcodes-column-first \">\n<img loading=\"lazy\" decoding=\"async\" src=\"http:\/\/www.arth-online.ch\/svp\/wp-content\/uploads\/sites\/2\/2018\/03\/gr18_heimgard_vollenweider.jpg\" alt=\"\" width=\"465\" height=\"732\" class=\"alignnone size-full wp-image-1246\" srcset=\"https:\/\/www.arth-online.ch\/svp\/wp-content\/uploads\/sites\/2\/2018\/03\/gr18_heimgard_vollenweider.jpg 465w, https:\/\/www.arth-online.ch\/svp\/wp-content\/uploads\/sites\/2\/2018\/03\/gr18_heimgard_vollenweider-191x300.jpg 191w\" sizes=\"auto, (max-width: 465px) 85vw, 465px\" \/>\n<\/div>\n<div class=\"wc-shortcodes-column wc-shortcodes-content wc-shortcodes-two-third wc-shortcodes-column-last \">\n<h2>Heimgard Vollenweider<\/h2>\n<p>Gemeinder\u00e4tin (bisher), SVP<br \/>\n1966, Arth, verheiratet, Unternehmerin<\/p>\n<p><em>Im Gemeinderat seit 2010<\/em><\/p>\n<p>Berufsausbildung dipl. Restauratrice\/Hoteli\u00e8re HF.<br \/>\nLangj\u00e4hrige F\u00fchrungserfahrungen in der Hotellerie und Gastronomie, in Verwaltung und Personalwesen. 2003 Gr\u00fcndung einer eigenen Unternehmung im Bereich Personalberatung, Stellenvermittlung und Unternehmensberatung.<br \/>\n2014 \u2013 2018 Gemeinder\u00e4tin Ressort Tiefbau-Planung,<br \/>\n2010 \u2013 2014 Gemeinder\u00e4tin Ressort Umwelt und Sicherheit, Mitglied Gleichstellungskommission Kanton Schwyz, Vorstandsmitglied Gewerbeverein Arth-Oberarth-Goldau, Vorstandsmitglied SVP Arth-Oberarth-Goldau.\n<\/p><\/div>\n<\/div>\n<div class=\"wc-shortcodes-row wc-shortcodes-item wc-shortcodes-clearfix\">\n<div class=\"wc-shortcodes-column wc-shortcodes-content wc-shortcodes-one-third wc-shortcodes-column-first \">\n<img loading=\"lazy\" decoding=\"async\" src=\"http:\/\/www.arth-online.ch\/svp\/wp-content\/uploads\/sites\/2\/2018\/03\/gr18_martin_inderbitzin.jpg\" alt=\"\" width=\"465\" height=\"732\" class=\"alignnone size-full wp-image-1247\" srcset=\"https:\/\/www.arth-online.ch\/svp\/wp-content\/uploads\/sites\/2\/2018\/03\/gr18_martin_inderbitzin.jpg 465w, https:\/\/www.arth-online.ch\/svp\/wp-content\/uploads\/sites\/2\/2018\/03\/gr18_martin_inderbitzin-191x300.jpg 191w\" sizes=\"auto, (max-width: 465px) 85vw, 465px\" \/>\n<\/div>\n<div class=\"wc-shortcodes-column wc-shortcodes-content wc-shortcodes-two-third wc-shortcodes-column-last \">\n<h2>Martin Inderbitzin<\/h2>\n<p>Gemeinderat (bisher), SVP<br \/>\n1982, Arth, ledig, Unternehmer<\/p>\n<p><em>Im Gemeinderat seit 2014<\/em><\/p>\n<p>Die Schulen in Arth und Oberarth besucht.<br \/>\nAusbildung als Heizungs- und Sanit\u00e4rinstallateur, Handelsdiplom. Seit 2003 selbsst\u00e4ndigerwerbend.<br \/>\n2010 Gr\u00fcndung der eigenen Firma im Bereich Haustechnik.<br \/>\n2014 \u2013 2018 Gemeinderat Ressort Infrastruktur-Werke<br \/>\n2008 \u2013 2012 Kantonsrat, Kanton Schwyz<br \/>\nMitglied Gewerbeverein Arth-Oberarth-Goldau, HEV Hauseigent\u00fcmer, Schwingerverband am Rigi, Vorstandsmitglied SVP Arth-Oberarth-Goldau.\n<\/p><\/div>\n<\/div>\n<div class=\"wc-shortcodes-row wc-shortcodes-item wc-shortcodes-clearfix\">\n<div class=\"wc-shortcodes-column wc-shortcodes-content wc-shortcodes-one-third wc-shortcodes-column-first \">\n<img loading=\"lazy\" decoding=\"async\" src=\"http:\/\/www.arth-online.ch\/svp\/wp-content\/uploads\/sites\/2\/2018\/03\/gr18_philippe_szymkowiak.jpg\" alt=\"\" width=\"465\" height=\"732\" class=\"alignnone size-full wp-image-1248\" srcset=\"https:\/\/www.arth-online.ch\/svp\/wp-content\/uploads\/sites\/2\/2018\/03\/gr18_philippe_szymkowiak.jpg 465w, https:\/\/www.arth-online.ch\/svp\/wp-content\/uploads\/sites\/2\/2018\/03\/gr18_philippe_szymkowiak-191x300.jpg 191w\" sizes=\"auto, (max-width: 465px) 85vw, 465px\" \/>\n<\/div>\n<div class=\"wc-shortcodes-column wc-shortcodes-content wc-shortcodes-two-third wc-shortcodes-column-last \">\n<h2>Philippe Szymkowiak<\/h2>\n<p>Gemeinderat (neu), SVP<br \/>\n1973, Arth, verheiratet, 2 Kinder, Unternehmer<\/p>\n<p><em>Neu in den Gemeinderat<\/em><\/p>\n<p>Schulen in Arth und Oberarth besucht.<br \/>\nErste Berufsausbildung als K\u00e4ser,<br \/>\nWeiterbildung Fachschule 1 mit anschliessender Berufspr\u00fcfung mit Eidg. FA. Zweite Ausbildung zum medizinischen Masseur mit Eidg. FA,<br \/>\n2003 Gr\u00fcndung der eigenen Firma Rigi- Massagepraxis.<br \/>\nAktivmitglied Feuerwehr Gemeinde Arth, Gewerbeverein Arth-Oberarth-Goldau, Schwingerverband am Rigi, Bobclub Zentralschweiz (Rechnungsrevisor), Mitglied Fussballclub K\u00fcssnacht, Klausengesellschaft Arth, HEV Hauseigent\u00fcmer, Kant. Imkerverband Schwyz.\n<\/p><\/div>\n<\/div>\n<div class=\"wc-shortcodes-row wc-shortcodes-item wc-shortcodes-clearfix\">\n<div class=\"wc-shortcodes-column wc-shortcodes-content wc-shortcodes-one-third wc-shortcodes-column-first \">\n<img loading=\"lazy\" decoding=\"async\" src=\"http:\/\/www.arth-online.ch\/svp\/wp-content\/uploads\/sites\/2\/2018\/03\/gr18_andreas_jost.jpg\" alt=\"\" width=\"465\" height=\"732\" class=\"alignnone size-full wp-image-1249\" srcset=\"https:\/\/www.arth-online.ch\/svp\/wp-content\/uploads\/sites\/2\/2018\/03\/gr18_andreas_jost.jpg 465w, https:\/\/www.arth-online.ch\/svp\/wp-content\/uploads\/sites\/2\/2018\/03\/gr18_andreas_jost-191x300.jpg 191w\" sizes=\"auto, (max-width: 465px) 85vw, 465px\" \/>\n<\/div>\n<div class=\"wc-shortcodes-column wc-shortcodes-content wc-shortcodes-two-third wc-shortcodes-column-last \">\n<h2>Andreas Jost<\/h2>\n<p>Rechnungspr\u00fcfungskommission (bisher), SVP<br \/>\n1970, Oberarth, verheiratet, 3 S\u00f6hne, Bankangestellter<\/p>\n<p><em>Seit 2016 in der Rechnungspr\u00fcfungskommission<\/em><\/p>\n<p>Ausbildung in Bern und Z\u00fcrich absolviert.<br \/>\nKaufm. Lehre bei einer Treuhand-Unternehmung.<br \/>\nWeiterbildung: Betriebs\u00f6konom HWV an der Fachhochschule f\u00fcr Wirtschaft in Bern.<br \/>\n\u00dcber 25 Jahre Erfahrung im Finanzbereich (Anlageberatung\/Verm\u00f6gensverwaltung), davon 21 Jahre bei einer Grossbank heute seit rund 7 Jahren bei einer Privatbank.<br \/>\n2016 \u2013 2018 Rechnungspr\u00fcfungskommission Gemeinde Arth.<br \/>\nMitglied Pistolensch\u00fctzen am Rigi (Rechnungsrevisor), Vorstandsmitglied SVP Arth-Oberarth-Goldau.\n<\/p><\/div>\n<\/div>\n","protected":false},"excerpt":{"rendered":"<p>Heimgard Vollenweider Gemeinder\u00e4tin (bisher), SVP 1966, Arth, verheiratet, Unternehmerin Im Gemeinderat seit 2010 Berufsausbildung dipl. Restauratrice\/Hoteli\u00e8re HF. Langj\u00e4hrige F\u00fchrungserfahrungen in der Hotellerie und Gastronomie, in Verwaltung und Personalwesen. 2003 Gr\u00fcndung &hellip; <a href=\"https:\/\/www.arth-online.ch\/svp\/wahlen\/wahlen-2018\/wahlen-22-april-2018\/\" class=\"more-link\"><span class=\"screen-reader-text\">\u201eWahlen 22. April 2018\u201c <\/span>weiterlesen<\/a><\/p>\n","protected":false},"author":1,"featured_media":0,"parent":1236,"menu_order":0,"comment_status":"closed","ping_status":"closed","template":"","meta":{"ngg_post_thumbnail":0,"footnotes":"","_links_to":"","_links_to_target":""},"class_list":["post-1238","page","type-page","status-publish","hentry"],"distributor_meta":false,"distributor_terms":false,"distributor_media":false,"distributor_original_site_name":"SVP Arth-Oberarth-Goldau","distributor_original_site_url":"https:\/\/www.arth-online.ch\/svp","push-errors":false,"_links":{"self":[{"href":"https:\/\/www.arth-online.ch\/svp\/wp-json\/wp\/v2\/pages\/1238","targetHints":{"allow":["GET"]}}],"collection":[{"href":"https:\/\/www.arth-online.ch\/svp\/wp-json\/wp\/v2\/pages"}],"about":[{"href":"https:\/\/www.arth-online.ch\/svp\/wp-json\/wp\/v2\/types\/page"}],"author":[{"embeddable":true,"href":"https:\/\/www.arth-online.ch\/svp\/wp-json\/wp\/v2\/users\/1"}],"replies":[{"embeddable":true,"href":"https:\/\/www.arth-online.ch\/svp\/wp-json\/wp\/v2\/comments?post=1238"}],"version-history":[{"count":0,"href":"https:\/\/www.arth-online.ch\/svp\/wp-json\/wp\/v2\/pages\/1238\/revisions"}],"up":[{"embeddable":true,"href":"https:\/\/www.arth-online.ch\/svp\/wp-json\/wp\/v2\/pages\/1236"}],"wp:attachment":[{"href":"https:\/\/www.arth-online.ch\/svp\/wp-json\/wp\/v2\/media?parent=1238"}],"curies":[{"name":"wp","href":"https:\/\/api.w.org\/{rel}","templated":true}]}}