{"id":41,"date":"2019-10-29T11:30:51","date_gmt":"2019-10-29T10:30:51","guid":{"rendered":"http:\/\/www.arth-online.ch\/raegeboge\/?page_id=41"},"modified":"2026-01-28T19:01:25","modified_gmt":"2026-01-28T18:01:25","slug":"willkommen","status":"publish","type":"page","link":"https:\/\/www.arth-online.ch\/raegeboge\/","title":{"rendered":"Willkommen!"},"content":{"rendered":"<p><img loading=\"lazy\" decoding=\"async\" src=\"http:\/\/www.arth-online.ch\/raegeboge\/wp-content\/uploads\/sites\/4\/2019\/10\/purzelbaum_spielgruppe-225x300.jpg\" alt=\"\" width=\"225\" height=\"300\" class=\"alignright size-medium wp-image-48\" srcset=\"https:\/\/www.arth-online.ch\/raegeboge\/wp-content\/uploads\/sites\/4\/2019\/10\/purzelbaum_spielgruppe-225x300.jpg 225w, https:\/\/www.arth-online.ch\/raegeboge\/wp-content\/uploads\/sites\/4\/2019\/10\/purzelbaum_spielgruppe-768x1024.jpg 768w, https:\/\/www.arth-online.ch\/raegeboge\/wp-content\/uploads\/sites\/4\/2019\/10\/purzelbaum_spielgruppe-1200x1600.jpg 1200w, https:\/\/www.arth-online.ch\/raegeboge\/wp-content\/uploads\/sites\/4\/2019\/10\/purzelbaum_spielgruppe.jpg 1772w\" sizes=\"auto, (max-width: 225px) 85vw, 225px\" \/><\/p>\n<p><strong>Info zum Spielgruppenjahr 2026\/27.<\/strong><br \/>\nDie Pl\u00e4tze sind bereits vergeben. Ich empfehle gerne die Waldspielgruppe Dr\u00e4ckspatz in Goldau. Am Donnerstag entsteht eine neue Gartengruppe und am Freitag findet die Spielgruppe wie gewohnt im Wald statt. Infos finden Sie unter: www.naturchinde.ch<\/p>\n<p>Seit vielen Jahren begleite ich Kinder durch den Alltag und ich liebe die Arbeit mit ihnen.<br \/>\nWenn Kinder sich bei mir wohl f\u00fchlen, \u00f6ffnet es viele T\u00fcren und die Kinder finden vertrauen. Sie k\u00f6nnen sich entfalten, sie werden gest\u00e4rkt und werden mutig. Darurch wird die Freude geweckt und sie entdecken und probieren eigene Ideen aus ohne jeglichen Druck und Zwang.<\/p>\n<p>Die Spielgruppe  &#8220; R\u00e4geboge&#8220; befindet sich in der N\u00e4he der Schule Arth in einem Einfamilienhaus -Quartier. Unsere Indoor Spielgruppe verf\u00fcgt  \u00fcber einen integrierten Aussenspielplatz und einen Garten. Als &#8222;Purzelbaum Spielgruppe&#8220;   www.radix.ch    stehen auch die Themen gesunde Ern\u00e4hrung und viel Bewegung w\u00e4hrend des ganzen Jahres im Fokus.<\/p>\n<p><strong>Kinder ab 3 Jahren<\/strong> sind hier herzlich willkommen. Wir erproben spielerisch Themen wie beispielsweise Zahnpflege, gesundes Zn\u00fcni, Tierkunde, den Umgang mit Freunden, anders sein und die Feste im Jahreskreis. Aber auch Aktivit\u00e4ten wie freies gestalten mit vielen verschiedenen Materialien, Malen, Backen, Singen und das freie Spielen f\u00f6rdern die F\u00e4higkeiten und Fertigkeiten der Kinder.<\/p>\n<p>Im Fr\u00fchling starten wir wieder mit dem Projekt &#8220; Gartenkinder&#8220; und integrieren Naturthemen in den Spielgruppenalltag. Wir pflanzen Gem\u00fcse und Blumen und pflegen es bis zur Ernte. Als kleine Entdecker\/innen verfolgen wir die Entwicklung von Schmetterlingen und der Wildbienen.<\/p>\n<p>Liebe Eltern, Sie wissen es alle- jedes Kind ist einzigartig! Deshalb ist es f\u00fcr mich umso wichtiger, dass die Kinder sich gegenseitig respektieren, achtsam miteinander umgehen und sich gegenseitig helfen. Denn nur gemeinsam sind wir stark!<\/p>\n<p>Die Entwicklung der Selbstst\u00e4ndigkeit steht ebenfalls im Zentrum. Da brauchen einige Kinder mehr Zeit  aber davon haben wir ja bis zum Kindergarteneintritt ganz viel!<\/p>\n<p>Ausserhalb der Spielgruppenzeiten findet in den  Sommerferien eine Bastelwoche statt. Viele Materialien stehen den Kindern zur Verf\u00fcgung und es entstehen Kunstwerke nach den eigenen Ideen! Wir backen K\u00f6stlichkeiten und geniessen das freie Spielen auf dem Spielplatz.<\/p>\n<p>Haben Sie noch Fragen? Gerne gebe ich Ihnen \u00fcber mein Wirken und Werken Auskunft.<\/p>\n<p>Ich freue mich, wenn auch ihr Kind den Weg in die Spielgruppe R\u00e4geboge findet. Gerne erwarte ich ihren Anruf oder ihr E-Mail&#8230;<\/p>\n<p><em>Berna Weber<\/em><\/p>\n","protected":false},"excerpt":{"rendered":"<p>Info zum Spielgruppenjahr 2026\/27. Die Pl\u00e4tze sind bereits vergeben. Ich empfehle gerne die Waldspielgruppe Dr\u00e4ckspatz in Goldau. Am Donnerstag entsteht eine neue Gartengruppe und am Freitag findet die Spielgruppe wie gewohnt im Wald statt. Infos finden Sie unter: www.naturchinde.ch Seit vielen Jahren begleite ich Kinder durch den Alltag und ich liebe die Arbeit mit ihnen. &hellip; <a href=\"https:\/\/www.arth-online.ch\/raegeboge\/\" class=\"more-link\"><span class=\"screen-reader-text\">\u201eWillkommen!\u201c <\/span>weiterlesen<\/a><\/p>\n","protected":false},"author":1,"featured_media":0,"parent":0,"menu_order":0,"comment_status":"closed","ping_status":"closed","template":"","meta":{"ngg_post_thumbnail":0,"footnotes":""},"class_list":["post-41","page","type-page","status-publish","hentry"],"_links":{"self":[{"href":"https:\/\/www.arth-online.ch\/raegeboge\/wp-json\/wp\/v2\/pages\/41","targetHints":{"allow":["GET"]}}],"collection":[{"href":"https:\/\/www.arth-online.ch\/raegeboge\/wp-json\/wp\/v2\/pages"}],"about":[{"href":"https:\/\/www.arth-online.ch\/raegeboge\/wp-json\/wp\/v2\/types\/page"}],"author":[{"embeddable":true,"href":"https:\/\/www.arth-online.ch\/raegeboge\/wp-json\/wp\/v2\/users\/1"}],"replies":[{"embeddable":true,"href":"https:\/\/www.arth-online.ch\/raegeboge\/wp-json\/wp\/v2\/comments?post=41"}],"version-history":[{"count":72,"href":"https:\/\/www.arth-online.ch\/raegeboge\/wp-json\/wp\/v2\/pages\/41\/revisions"}],"predecessor-version":[{"id":591,"href":"https:\/\/www.arth-online.ch\/raegeboge\/wp-json\/wp\/v2\/pages\/41\/revisions\/591"}],"wp:attachment":[{"href":"https:\/\/www.arth-online.ch\/raegeboge\/wp-json\/wp\/v2\/media?parent=41"}],"curies":[{"name":"wp","href":"https:\/\/api.w.org\/{rel}","templated":true}]}}