{"id":285,"date":"2019-12-12T11:55:37","date_gmt":"2019-12-12T10:55:37","guid":{"rendered":"http:\/\/www.arth-online.ch\/kino\/?page_id=285"},"modified":"2019-12-12T12:04:57","modified_gmt":"2019-12-12T11:04:57","slug":"9-movie-dinner-20-und-21-september-2002","status":"publish","type":"page","link":"https:\/\/www.arth-online.ch\/kino\/veranstaltungen\/9-movie-dinner-20-und-21-september-2002\/","title":{"rendered":"9. Movie-Dinner 20. und 21. September 2002"},"content":{"rendered":"<div class=\"wc-shortcodes-row wc-shortcodes-item wc-shortcodes-clearfix\">\n<div class=\"wc-shortcodes-column wc-shortcodes-content wc-shortcodes-one-fourth wc-shortcodes-column-first \">\n<p>&nbsp;<\/p>\n<\/div>\n<div class=\"wc-shortcodes-column wc-shortcodes-content wc-shortcodes-one-half wc-shortcodes-column- \">\n<div style=\"text-align:center;\">\n<div style=\"display: inline-block;margin:0;padding:0;\">\nEinmaliges Ambiente &#8211; kulinarischer Genuss<br \/>\nDas Kino Arth l\u00e4dt ein zur 9. Auflage des<br \/>\n<span style=\"font-size: 200%;\">Movie-Dinner<\/span><br \/>\nam 20. und 21. September 2002<br \/>\num 18.30 Uhr<\/div>\n<\/div>\n<\/div>\n<div class=\"wc-shortcodes-column wc-shortcodes-content wc-shortcodes-one-fourth wc-shortcodes-column-last \">\n<p>&nbsp;<\/p>\n<\/div>\n<\/div>\n<div class=\"wc-shortcodes-row wc-shortcodes-item wc-shortcodes-clearfix\">\n<div class=\"wc-shortcodes-column wc-shortcodes-content wc-shortcodes-one-half wc-shortcodes-column-first \">\n<img loading=\"lazy\" decoding=\"async\" src=\"http:\/\/www.arth-online.ch\/kino\/wp-content\/uploads\/sites\/9\/2019\/12\/header-md-20020920.jpg\" alt=\"\" width=\"400\" height=\"247\" class=\"alignnone size-full wp-image-291\" srcset=\"https:\/\/www.arth-online.ch\/kino\/wp-content\/uploads\/sites\/9\/2019\/12\/header-md-20020920.jpg 400w, https:\/\/www.arth-online.ch\/kino\/wp-content\/uploads\/sites\/9\/2019\/12\/header-md-20020920-300x185.jpg 300w\" sizes=\"auto, (max-width: 400px) 85vw, 400px\" \/><\/p>\n<p>Griechin liebt Amerikaner: ein herrlich komischer Kinospass \u00fcber die Konflikte zwischen zwei sehr unterschiedlichen Kulturen.<br \/>\nWeil Toula Portokalos  schon dreissig ist und immer noch keinen Mann hat, liegen ihre Eltern ihr in den Ohren: \u00abGriechische Frauen haben nur drei Lebensaufgaben: einen griechischen Mann heiraten, griechische Babys bekommen und alle bekochen.\u00bb Doch die Liebe schert sich nicht um Traditionen: Toula verliebt sich in den Amerikaner Ian Miller. Wie soll sie das nur ihren Eltern, die s\u00e4mtliche Nichtgriechen als niedere Lebensformen betrachten, beibringen? Wie sich das f\u00fcr eine unbeschwerte Kom\u00f6die geh\u00f6rt, kommt es zu einem Happy End mit einem grossen Hochzeitsfest, aber bis es so weit ist, m\u00fcssen noch zahlreiche Hindernisse \u00fcberwunden werden&#8230; <\/p>\n<\/div>\n<div class=\"wc-shortcodes-column wc-shortcodes-content wc-shortcodes-one-half wc-shortcodes-column-last \">\n<p><strong>Liebe Freunde von Movie-Dinner<\/strong><\/p>\n<p>MOVIE \u2013 DINNER &#8230;.. DIE NEUNTE steht kurz bevor. Nach l\u00e4ngerem Suchen bin ich f\u00fcndig geworden und kann Ihnen mit gutem Gewissen garantieren, dass Sie sich bei dieser Kom\u00f6die k\u00f6stlich am\u00fcsieren werden.<\/p>\n<p>Beni M\u00fcller vom bestbekannten \u201e\u00e0 la carte\u201c Catering Service hat sich den Film angeschaut. Hier sein &#8211; einmal mehr &#8211; optimal zum Leinwandgeschehen passendes Men\u00fc:<\/p>\n<div class=\"wc-shortcodes-box wc-shortcodes-item wc-shortcodes-content wc-shortcodes-clearfix wc-shortcodes-box-secondary \" style=\"text-align:center;\">\n<p><span style=\"font-size: 150%;\">Men\u00fc<\/span><\/p>\n<p>Griechischer Salat mit Feta<br \/>\n* * *<br \/>\nMussak\u00e0<br \/>\n* * *<br \/>\nSorbet &#8211; Ouzo<br \/>\n* * *<br \/>\nGriechisches Lamm \u201eAres\u201c<br \/>\nBratkartoffeln<br \/>\nGem\u00fcsebouquet \u201eHestia\u201c<br \/>\n* * *<br \/>\nGreek Wedding Surprise Dessert\n<\/p><\/div>\n<p>Wir freuen uns, Sie wiederum bei Movie-Dinner zu begr\u00fcssen.<\/p>\n<p>B. M\u00fcller, \u201e\u00e0 la carte\u201c Cateringservice, Goldau<br \/>\nP. Loser, Kinoleiter\n<\/p><\/div>\n<\/div>\n<div class=\"wc-shortcodes-row wc-shortcodes-item wc-shortcodes-clearfix\">\n<div class=\"wc-shortcodes-column wc-shortcodes-content wc-shortcodes-one-third wc-shortcodes-column-first \">\n<p>Jetzt gleich online anmelden&#8230;<\/p>\n<\/div>\n<div class=\"wc-shortcodes-column wc-shortcodes-content wc-shortcodes-one-third wc-shortcodes-column- \">\n<p><strong>Preis: C\u00fcpli, F\u00fcnfgang-Men\u00fc und Film<br \/>\nFr. 80.00<\/strong><br \/>\nAnmeldung erforderlich:<br \/>\nPeter Loser, Rathausplatz 10, 6415 Arth<br \/>\n041\/855 3078<br \/>\n<a href=\"mailto:peterloser@bluewin.ch\">peterloser@bluewin.ch<\/a><\/p>\n<\/div>\n<div class=\"wc-shortcodes-column wc-shortcodes-content wc-shortcodes-one-third wc-shortcodes-column-last \">\n<p>&#8230;oder per Telefon 041 855 3078 (Peter Loser)<\/p>\n<\/div>\n<\/div>\n","protected":false},"excerpt":{"rendered":"<p>&nbsp; Einmaliges Ambiente &#8211; kulinarischer Genuss Das Kino Arth l\u00e4dt ein zur 9. Auflage des Movie-Dinner am 20. und 21. September 2002 um 18.30 Uhr &nbsp; Griechin liebt Amerikaner: ein herrlich komischer Kinospass \u00fcber die Konflikte zwischen zwei sehr unterschiedlichen Kulturen. Weil Toula Portokalos schon dreissig ist und immer noch keinen Mann hat, liegen ihre &hellip; <a href=\"https:\/\/www.arth-online.ch\/kino\/veranstaltungen\/9-movie-dinner-20-und-21-september-2002\/\" class=\"more-link\"><span class=\"screen-reader-text\">\u201e9. Movie-Dinner 20. und 21. September 2002\u201c <\/span>weiterlesen<\/a><\/p>\n","protected":false},"author":1,"featured_media":0,"parent":9,"menu_order":0,"comment_status":"closed","ping_status":"closed","template":"","meta":{"ngg_post_thumbnail":0,"footnotes":""},"class_list":["post-285","page","type-page","status-publish","hentry"],"_links":{"self":[{"href":"https:\/\/www.arth-online.ch\/kino\/wp-json\/wp\/v2\/pages\/285","targetHints":{"allow":["GET"]}}],"collection":[{"href":"https:\/\/www.arth-online.ch\/kino\/wp-json\/wp\/v2\/pages"}],"about":[{"href":"https:\/\/www.arth-online.ch\/kino\/wp-json\/wp\/v2\/types\/page"}],"author":[{"embeddable":true,"href":"https:\/\/www.arth-online.ch\/kino\/wp-json\/wp\/v2\/users\/1"}],"replies":[{"embeddable":true,"href":"https:\/\/www.arth-online.ch\/kino\/wp-json\/wp\/v2\/comments?post=285"}],"version-history":[{"count":6,"href":"https:\/\/www.arth-online.ch\/kino\/wp-json\/wp\/v2\/pages\/285\/revisions"}],"predecessor-version":[{"id":295,"href":"https:\/\/www.arth-online.ch\/kino\/wp-json\/wp\/v2\/pages\/285\/revisions\/295"}],"up":[{"embeddable":true,"href":"https:\/\/www.arth-online.ch\/kino\/wp-json\/wp\/v2\/pages\/9"}],"wp:attachment":[{"href":"https:\/\/www.arth-online.ch\/kino\/wp-json\/wp\/v2\/media?parent=285"}],"curies":[{"name":"wp","href":"https:\/\/api.w.org\/{rel}","templated":true}]}}