{"id":272,"date":"2019-12-12T11:42:10","date_gmt":"2019-12-12T10:42:10","guid":{"rendered":"http:\/\/www.arth-online.ch\/kino\/?page_id=272"},"modified":"2019-12-12T12:03:24","modified_gmt":"2019-12-12T11:03:24","slug":"10-movie-dinner-16-und-17-mai-2003","status":"publish","type":"page","link":"https:\/\/www.arth-online.ch\/kino\/veranstaltungen\/10-movie-dinner-16-und-17-mai-2003\/","title":{"rendered":"10. Movie-Dinner 16. und 17. Mai 2003"},"content":{"rendered":"<div class=\"wc-shortcodes-row wc-shortcodes-item wc-shortcodes-clearfix\">\n<div class=\"wc-shortcodes-column wc-shortcodes-content wc-shortcodes-one-fourth wc-shortcodes-column-first \">\n<p><img loading=\"lazy\" decoding=\"async\" class=\"alignleft size-full wp-image-242\" src=\"http:\/\/www.arth-online.ch\/kino\/wp-content\/uploads\/sites\/9\/2019\/12\/ausverkauft.gif\" alt=\"\" width=\"128\" height=\"80\" \/><\/p>\n<\/div>\n<div class=\"wc-shortcodes-column wc-shortcodes-content wc-shortcodes-one-half wc-shortcodes-column- \">\n<div style=\"text-align:center;\">\n<div style=\"display: inline-block;margin:0;padding:0;\">\nEinmaliges Ambiente &#8211; kulinarischer Genuss<br \/>\nDas Kino Arth l\u00e4dt ein zum<br \/>\n<span style=\"font-size: 200%;\">Jubil\u00e4ums-Movie-Dinner<\/span><br \/>\nam 16. und 17. Mai 2003<br \/>\num 18.30 Uhr<\/div>\n<\/div>\n<\/div>\n<div class=\"wc-shortcodes-column wc-shortcodes-content wc-shortcodes-one-fourth wc-shortcodes-column-last \">\n<p><img loading=\"lazy\" decoding=\"async\" class=\"alignright size-full wp-image-242\" src=\"http:\/\/www.arth-online.ch\/kino\/wp-content\/uploads\/sites\/9\/2019\/12\/ausverkauft.gif\" alt=\"\" width=\"128\" height=\"80\" \/><\/p>\n<\/div>\n<\/div>\n<div class=\"wc-shortcodes-row wc-shortcodes-item wc-shortcodes-clearfix\">\n<div class=\"wc-shortcodes-column wc-shortcodes-content wc-shortcodes-one-half wc-shortcodes-column-first \">\n<img loading=\"lazy\" decoding=\"async\" src=\"http:\/\/www.arth-online.ch\/kino\/wp-content\/uploads\/sites\/9\/2019\/12\/header-md-20030516.jpg\" alt=\"\" width=\"287\" height=\"80\" class=\"alignnone size-full wp-image-278\" \/><\/p>\n<p>Fertigsauce wird einer flotten Liebesgeschichte zum Verh\u00e4ngnis! Der geb\u00fcrtige \u00d6sterreicher Paul Harather zeichnet ein liebevoll karikierendes Sittenbild der Italoamerikaner und hat damit am New York Film Festival den Publikumspreis ge-wonnen.<\/p>\n<p>Das Leben von Schuhverk\u00e4ufer Paulie \u00e4ndert sich f\u00fcr immer, als kurz vor Ladenschluss unverhofft die Frau seiner Tr\u00e4ume das Gesch\u00e4ft betritt&#8230;, zwar nichts kauft, sich aber zu einem Date mit dem gepflegten Mitdreissiger einl\u00e4sst, der es sich als Junggeselle immer noch bei Mama und Papa wohl sein l\u00e4sst.<\/p>\n<p>Die Romanze nimmt just an jenem Abend eine abrupte Wende, als Paulie seiner Viktoria einen Heiratsantrag machen will &#8230;und jene sich erlaubt, ihm eine Fertigsauce zu Pasta vorzusetzen!<\/p>\n<p>Harather und der ganzen Filmfamilie ist es gelungen, den Liebesm\u00fchen im kleinst\u00e4dtischen Hier und Jetzt umwerfende Szenen und komische Situationen zu entlocken.<\/p>\n<p>Die Kritiker sind sich einig: Ein kleiner Film, der die grosse Leinwand erobern k\u00f6nnte.<\/p>\n<\/div>\n<div class=\"wc-shortcodes-column wc-shortcodes-content wc-shortcodes-one-half wc-shortcodes-column-last \">\n<p><strong>Liebe Freunde von Movie-Dinner<\/strong><\/p>\n<p>Ich freue mich sehr, Sie zu MOVIE &#8211; DINNER&#8230; DER ZEHNTEN einzuladen. Es ist herrlich, auf so viele treue G\u00e4ste z\u00e4hlen zu d\u00fcrfen, es macht aber auch Freude, jedesmal neue \u00abKunden\u00bb vom Konzept von Movie-Dinner \u00fcberzeugen zu k\u00f6nnen.<\/p>\n<p>Brigitte und Joseph Cancela, die Caterer der \u00abErstausgabe\u00bb, haben uns die Treue gehalten und pr\u00e4sentieren ein zum italienischen Ambiente des Filmes passendes<\/p>\n<div class=\"wc-shortcodes-box wc-shortcodes-item wc-shortcodes-content wc-shortcodes-clearfix wc-shortcodes-box-secondary \" style=\"text-align:center;\">\n<p><span style=\"font-size: 150%;\">Jubil\u00e4ums-Men\u00fc<\/span><\/p>\n<p>Spaghetti alle Vongole<br \/>\n* * *<br \/>\nInsalata \u00abTricolore\u00bb<br \/>\n* * *<br \/>\nSorbeto al Prosecco<br \/>\n* * *<br \/>\nRoastbeef con funghi<br \/>\nGratin<br \/>\nVerdura<br \/>\n* * *<br \/>\nPanna Cotta alle fragole<\/p>\n<\/div>\n<p>Wir freuen uns, Sie beim Movie-Dinner zu begr\u00fcssen.<\/p>\n<p>Freundliche Gr\u00fcsse<\/p>\n<p>Brigitte und Joseph Cancela-Speck, Speiserestaurant Engel und Party-Service, Oberarth<\/p>\n<p>P. Loser, Kinoleiter<\/p>\n<\/div>\n<\/div>\n<div class=\"wc-shortcodes-row wc-shortcodes-item wc-shortcodes-clearfix\">\n<div class=\"wc-shortcodes-column wc-shortcodes-content wc-shortcodes-one-third wc-shortcodes-column-first \">\n<p>Jetzt gleich online anmelden&#8230;<\/p>\n<\/div>\n<div class=\"wc-shortcodes-column wc-shortcodes-content wc-shortcodes-one-third wc-shortcodes-column- \">\n<p><strong>Preis: C\u00fcpli, F\u00fcnfgang-Men\u00fc und Film<br \/>\nFr. 80.00<\/strong><br \/>\nAnmeldung erforderlich:<br \/>\nPeter Loser, Rathausplatz 10, 6415 Arth<br \/>\n041\/855 3078<br \/>\n<a href=\"mailto:peterloser@bluewin.ch\">peterloser@bluewin.ch<\/a><\/p>\n<\/div>\n<div class=\"wc-shortcodes-column wc-shortcodes-content wc-shortcodes-one-third wc-shortcodes-column-last \">\n<p>&#8230;oder per Telefon 041 855 3078 (Peter Loser)<\/p>\n<\/div>\n<\/div>\n","protected":false},"excerpt":{"rendered":"<p>Einmaliges Ambiente &#8211; kulinarischer Genuss Das Kino Arth l\u00e4dt ein zum Jubil\u00e4ums-Movie-Dinner am 16. und 17. Mai 2003 um 18.30 Uhr Fertigsauce wird einer flotten Liebesgeschichte zum Verh\u00e4ngnis! Der geb\u00fcrtige \u00d6sterreicher Paul Harather zeichnet ein liebevoll karikierendes Sittenbild der Italoamerikaner und hat damit am New York Film Festival den Publikumspreis ge-wonnen. Das Leben von Schuhverk\u00e4ufer &hellip; <a href=\"https:\/\/www.arth-online.ch\/kino\/veranstaltungen\/10-movie-dinner-16-und-17-mai-2003\/\" class=\"more-link\"><span class=\"screen-reader-text\">\u201e10. Movie-Dinner 16. und 17. Mai 2003\u201c <\/span>weiterlesen<\/a><\/p>\n","protected":false},"author":1,"featured_media":0,"parent":9,"menu_order":0,"comment_status":"closed","ping_status":"closed","template":"","meta":{"ngg_post_thumbnail":0,"footnotes":""},"class_list":["post-272","page","type-page","status-publish","hentry"],"_links":{"self":[{"href":"https:\/\/www.arth-online.ch\/kino\/wp-json\/wp\/v2\/pages\/272","targetHints":{"allow":["GET"]}}],"collection":[{"href":"https:\/\/www.arth-online.ch\/kino\/wp-json\/wp\/v2\/pages"}],"about":[{"href":"https:\/\/www.arth-online.ch\/kino\/wp-json\/wp\/v2\/types\/page"}],"author":[{"embeddable":true,"href":"https:\/\/www.arth-online.ch\/kino\/wp-json\/wp\/v2\/users\/1"}],"replies":[{"embeddable":true,"href":"https:\/\/www.arth-online.ch\/kino\/wp-json\/wp\/v2\/comments?post=272"}],"version-history":[{"count":9,"href":"https:\/\/www.arth-online.ch\/kino\/wp-json\/wp\/v2\/pages\/272\/revisions"}],"predecessor-version":[{"id":293,"href":"https:\/\/www.arth-online.ch\/kino\/wp-json\/wp\/v2\/pages\/272\/revisions\/293"}],"up":[{"embeddable":true,"href":"https:\/\/www.arth-online.ch\/kino\/wp-json\/wp\/v2\/pages\/9"}],"wp:attachment":[{"href":"https:\/\/www.arth-online.ch\/kino\/wp-json\/wp\/v2\/media?parent=272"}],"curies":[{"name":"wp","href":"https:\/\/api.w.org\/{rel}","templated":true}]}}