{"id":292,"date":"2019-11-23T17:31:46","date_gmt":"2019-11-23T16:31:46","guid":{"rendered":"http:\/\/www.arth-online.ch\/irrgarthen\/?page_id=292"},"modified":"2019-11-23T23:27:08","modified_gmt":"2019-11-23T22:27:08","slug":"ausgabe-2004","status":"publish","type":"page","link":"https:\/\/www.arth-online.ch\/irrgarthen\/ausgabe-2004\/","title":{"rendered":"Ausgabe 2004"},"content":{"rendered":"<div style=\"text-align:left;\">Ausgabe <a href=\"\/irrgarthen\/ausgabe-2001\/\">2001<\/a> \u2022 Ausgabe <a href=\"\/irrgarthen\/\">2000<\/a><\/div>\n<p><img loading=\"lazy\" decoding=\"async\" src=\"http:\/\/www.arth-online.ch\/irrgarthen\/wp-content\/uploads\/sites\/13\/2019\/11\/logo_irrgarthen.gif\" alt=\"\" width=\"537\" height=\"327\" class=\"aligncenter size-full wp-image-27\" \/><\/p>\n<div style=\"text-align:center;\">VIEL SPASS UND ACTION IM<br \/>\nGROSSEN MAIS &#8211; IrrgARTHen<br \/>\nEndlich ist es wieder soweit! Nach 2-j\u00e4hriger Pause wird das Maislabyrinth in Arth am 31. Juli 2004 wieder er\u00f6ffnet.<br \/>\n\u00d6FFNUNGSZEITEN<br \/>\nDer Irrgarthen ist vom 31. Juli bis am 3. Oktober t\u00e4glich ab 9.30 Uhr ge\u00f6ffnet.<br \/>\nGerne sind wir auch bereit, unsere Pforten f\u00fcr Sie zu anderen Zeiten zu \u00f6ffnen, nehmen Sie einfach Kontakt mit uns auf!<\/p>\n<p>Telefon 079 547 1029<\/p><\/div>\n<p><img loading=\"lazy\" decoding=\"async\" src=\"http:\/\/www.arth-online.ch\/irrgarthen\/wp-content\/uploads\/sites\/13\/2019\/11\/ig2001.jpg\" alt=\"\" width=\"512\" height=\"359\" class=\"aligncenter size-full wp-image-285\" srcset=\"https:\/\/www.arth-online.ch\/irrgarthen\/wp-content\/uploads\/sites\/13\/2019\/11\/ig2001.jpg 512w, https:\/\/www.arth-online.ch\/irrgarthen\/wp-content\/uploads\/sites\/13\/2019\/11\/ig2001-300x210.jpg 300w\" sizes=\"auto, (max-width: 512px) 85vw, 512px\" \/><br \/>\n<a href=\"\/\"><img loading=\"lazy\" decoding=\"async\" src=\"http:\/\/www.arth-online.ch\/irrgarthen\/wp-content\/uploads\/sites\/13\/2019\/11\/aol90x68.gif\" alt=\"\" width=\"68\" height=\"90\" class=\"aligncenter size-full wp-image-249\" \/><\/a><\/p>\n","protected":false},"excerpt":{"rendered":"<p>Ausgabe 2001 \u2022 Ausgabe 2000 VIEL SPASS UND ACTION IM GROSSEN MAIS &#8211; IrrgARTHen Endlich ist es wieder soweit! Nach 2-j\u00e4hriger Pause wird das Maislabyrinth in Arth am 31. Juli 2004 wieder er\u00f6ffnet. \u00d6FFNUNGSZEITEN Der Irrgarthen ist vom 31. Juli bis am 3. Oktober t\u00e4glich ab 9.30 Uhr ge\u00f6ffnet. Gerne sind wir auch bereit, unsere &hellip; <a href=\"https:\/\/www.arth-online.ch\/irrgarthen\/ausgabe-2004\/\" class=\"more-link\"><span class=\"screen-reader-text\">\u201eAusgabe 2004\u201c <\/span>weiterlesen<\/a><\/p>\n","protected":false},"author":1,"featured_media":0,"parent":0,"menu_order":0,"comment_status":"closed","ping_status":"closed","template":"","meta":{"ngg_post_thumbnail":0,"footnotes":"","_links_to":"","_links_to_target":""},"class_list":["post-292","page","type-page","status-publish","hentry"],"_links":{"self":[{"href":"https:\/\/www.arth-online.ch\/irrgarthen\/wp-json\/wp\/v2\/pages\/292","targetHints":{"allow":["GET"]}}],"collection":[{"href":"https:\/\/www.arth-online.ch\/irrgarthen\/wp-json\/wp\/v2\/pages"}],"about":[{"href":"https:\/\/www.arth-online.ch\/irrgarthen\/wp-json\/wp\/v2\/types\/page"}],"author":[{"embeddable":true,"href":"https:\/\/www.arth-online.ch\/irrgarthen\/wp-json\/wp\/v2\/users\/1"}],"replies":[{"embeddable":true,"href":"https:\/\/www.arth-online.ch\/irrgarthen\/wp-json\/wp\/v2\/comments?post=292"}],"version-history":[{"count":5,"href":"https:\/\/www.arth-online.ch\/irrgarthen\/wp-json\/wp\/v2\/pages\/292\/revisions"}],"predecessor-version":[{"id":341,"href":"https:\/\/www.arth-online.ch\/irrgarthen\/wp-json\/wp\/v2\/pages\/292\/revisions\/341"}],"wp:attachment":[{"href":"https:\/\/www.arth-online.ch\/irrgarthen\/wp-json\/wp\/v2\/media?parent=292"}],"curies":[{"name":"wp","href":"https:\/\/api.w.org\/{rel}","templated":true}]}}