{"id":90,"date":"2020-03-20T17:15:41","date_gmt":"2020-03-20T16:15:41","guid":{"rendered":"https:\/\/www.arth-online.ch\/gotthard\/?page_id=90"},"modified":"2020-03-22T13:30:28","modified_gmt":"2020-03-22T12:30:28","slug":"degustationsmenue","status":"publish","type":"page","link":"https:\/\/www.arth-online.ch\/gotthard\/speisekarte\/degustationsmenue\/","title":{"rendered":"Degustationsmen\u00fc"},"content":{"rendered":"<p>Amuse-Bouche<\/p>\n<p>*****<\/p>\n<p>Vorspeisenteller nach Art des Chefs:<\/p>\n<p>N\u00fcsslisalat mit Ei, Terrine hausgemacht, Sellerie-Apfelcr\u00e8me, Spinatstrudel mit Safransauce, Trockenfleisch mit getrockneten Tomaten<\/p>\n<p>1 dl Petite Arvine, Yvo Mathier, Cave Fin Bec<\/p>\n<p>*****<\/p>\n<p>Rinds- und Kalbsfiletmedaillons (ARG, CH)<br \/>\nKr\u00e4uterbutter und Steinpilzsauce<br \/>\nKartoffelgratin hausgemacht<br \/>\nGem\u00fcse vom Markt<\/p>\n<p>1 dl Fin Bec Terre S\u00e9lection, Yvo Mathier, Cave Fin Bec<\/p>\n<p>*****<\/p>\n<p>Winter-Dessertteller<\/p>\n<p>1 Kaffee Creme und 1 cl. Vieille Quitte, Etter Distillerie Zug<\/p>\n<p>*****<\/p>\n<p>Hausgemachtes Liqueurst\u00e4ngeli und Praline<\/p>\n<p>In diesem Menu ist zus\u00e4tzlich inbegriffen: 3 dl Mineral mit oder ohne Kohlens\u00e4ure<\/p>\n<p>Men\u00fc-Preis inkl. Getr\u00e4nke Fr. 95.00<br \/>\nMen\u00fc-Preis ohne Getr\u00e4nke Fr. 74.00<\/p>\n<p>inkl. MWSt.<\/p>\n","protected":false},"excerpt":{"rendered":"<p>Amuse-Bouche ***** Vorspeisenteller nach Art des Chefs: N\u00fcsslisalat mit Ei, Terrine hausgemacht, Sellerie-Apfelcr\u00e8me, Spinatstrudel mit Safransauce, Trockenfleisch mit getrockneten Tomaten 1 dl Petite Arvine, Yvo Mathier, Cave Fin Bec ***** Rinds- und Kalbsfiletmedaillons (ARG, CH) Kr\u00e4uterbutter und Steinpilzsauce Kartoffelgratin hausgemacht Gem\u00fcse vom Markt 1 dl Fin Bec Terre S\u00e9lection, Yvo Mathier, Cave Fin Bec ***** &hellip; <a href=\"https:\/\/www.arth-online.ch\/gotthard\/speisekarte\/degustationsmenue\/\" class=\"more-link\"><span class=\"screen-reader-text\">\u201eDegustationsmen\u00fc\u201c <\/span>weiterlesen<\/a><\/p>\n","protected":false},"author":1,"featured_media":0,"parent":73,"menu_order":0,"comment_status":"closed","ping_status":"closed","template":"","meta":{"ngg_post_thumbnail":0,"footnotes":"","_links_to":"","_links_to_target":""},"class_list":["post-90","page","type-page","status-publish","hentry"],"_links":{"self":[{"href":"https:\/\/www.arth-online.ch\/gotthard\/wp-json\/wp\/v2\/pages\/90","targetHints":{"allow":["GET"]}}],"collection":[{"href":"https:\/\/www.arth-online.ch\/gotthard\/wp-json\/wp\/v2\/pages"}],"about":[{"href":"https:\/\/www.arth-online.ch\/gotthard\/wp-json\/wp\/v2\/types\/page"}],"author":[{"embeddable":true,"href":"https:\/\/www.arth-online.ch\/gotthard\/wp-json\/wp\/v2\/users\/1"}],"replies":[{"embeddable":true,"href":"https:\/\/www.arth-online.ch\/gotthard\/wp-json\/wp\/v2\/comments?post=90"}],"version-history":[{"count":5,"href":"https:\/\/www.arth-online.ch\/gotthard\/wp-json\/wp\/v2\/pages\/90\/revisions"}],"predecessor-version":[{"id":253,"href":"https:\/\/www.arth-online.ch\/gotthard\/wp-json\/wp\/v2\/pages\/90\/revisions\/253"}],"up":[{"embeddable":true,"href":"https:\/\/www.arth-online.ch\/gotthard\/wp-json\/wp\/v2\/pages\/73"}],"wp:attachment":[{"href":"https:\/\/www.arth-online.ch\/gotthard\/wp-json\/wp\/v2\/media?parent=90"}],"curies":[{"name":"wp","href":"https:\/\/api.w.org\/{rel}","templated":true}]}}