{"id":127,"date":"2020-03-20T18:56:41","date_gmt":"2020-03-20T17:56:41","guid":{"rendered":"https:\/\/www.arth-online.ch\/gotthard\/?page_id=127"},"modified":"2020-03-22T12:42:32","modified_gmt":"2020-03-22T11:42:32","slug":"tageskarte","status":"publish","type":"page","link":"https:\/\/www.arth-online.ch\/gotthard\/speisekarte\/tageskarte\/","title":{"rendered":"Tageskarte"},"content":{"rendered":"<h2 style=\"text-align:center;\">Samstag, 14. M\u00e4rz 2020<\/h2>\n<div style=\"display: block; text-align: center;\"><strong>Tagessuppe<\/strong><\/div>\n<div class=\"wc-shortcodes-row wc-shortcodes-item wc-shortcodes-clearfix\">\n<div class=\"wc-shortcodes-column wc-shortcodes-content wc-shortcodes-one-third wc-shortcodes-column-first \">\n<div style=\"text-align: center;\"><strong>Menu 1<\/strong><\/p>\n<p>Pouletbr\u00fcstli paniert (CH)<br \/>\nS\u00fcss Scharfe Sauce<br \/>\nTrockenreis<br \/>\nGemischter Salat<\/p>\n<p><strong>Fr. 19.50<\/strong><\/p>\n<p><strong>Menu 2<\/strong><\/p>\n<p>Schweinssteak (CH)<br \/>\nmit Rahmsauce<br \/>\nNudeln<br \/>\nGem\u00fcse<\/p>\n<p><strong>Fr. 26.50<\/strong><\/p>\n<\/div>\n<\/div>\n<div class=\"wc-shortcodes-column wc-shortcodes-content wc-shortcodes-one-third wc-shortcodes-column- \">\n<div style=\"text-align: center;\">\n<p><strong>Menu 3<\/strong><\/p>\n<p>Fohlenfilet (IRL)<br \/>\nKr\u00e4uterbutter hausgemacht<br \/>\nTrockenreis<br \/>\nGem\u00fcsegarnitur<\/p>\n<p><strong>Fr. 34.50<\/strong><\/p>\n<p><strong>Menu 4<\/strong><\/p>\n<p>Schweinsfiletmedaillons (CH)<br \/>\nSteinpilzsauce<br \/>\nR\u00f6stikroketten<br \/>\nGemischter Salat<\/p>\n<p><strong>Fr. 39.50<\/strong><\/div>\n<\/div>\n<div class=\"wc-shortcodes-column wc-shortcodes-content wc-shortcodes-one-third wc-shortcodes-column-last \">\n<div style=\"text-align: center;\">\n<p><strong>Menu 5<\/strong><\/p>\n<p>Kalbsschnitzel (CH)<br \/>\nmit Champignonsrahmsauce<br \/>\nFettuccine<br \/>\nGem\u00fcse<\/p>\n<p><strong>Fr. 43.50<\/strong><\/p>\n<p><strong>Menu 6<\/strong><\/p>\n<p>Rindsfilet Medaillons (ARG)<br \/>\nhausgemachter Kr\u00e4uterbutter<br \/>\nTrockenreis<br \/>\nGem\u00fcsegarnitur<\/p>\n<p><strong>Fr. 50.50<\/strong>\n<\/div>\n<\/div>\n<\/div>\n<h2 style=\"text-align: center;\">Vegetarisch diese Woche<\/h2>\n<div class=\"wc-shortcodes-row wc-shortcodes-item wc-shortcodes-clearfix\">\n<div class=\"wc-shortcodes-column wc-shortcodes-content wc-shortcodes-one-half wc-shortcodes-column-first \">\n<div style=\"text-align: center;\">\n<p><strong>Menu 7<\/strong><\/p>\n<p>Kartoffel Gnocchi<br \/>\nmit Gorgonzolasauce<br \/>\nGemischter Salat<\/p>\n<p><strong>Fr. 19.50<\/strong><\/p>\n<\/div>\n<\/div>\n<div class=\"wc-shortcodes-column wc-shortcodes-content wc-shortcodes-one-half wc-shortcodes-column-last \">\n<div style=\"text-align: center;\">\n<p><strong>Menu 8<\/strong><\/p>\n<p>Risotto mit kleinem Gem\u00fcse<br \/>\ndazu Reibk\u00e4se<br \/>\nGemischter Salat<\/p>\n<p><strong>Fr. 26.50<\/strong><\/p>\n<\/div>\n<\/div>\n<\/div>\n<div class=\"wc-shortcodes-row wc-shortcodes-item wc-shortcodes-clearfix\">\n<div class=\"wc-shortcodes-column wc-shortcodes-content wc-shortcodes-one-third wc-shortcodes-column-first \">\n<h2 style=\"text-align: center;\">Fisch und Meeresfr\u00fcchte<\/h2>\n<div style=\"text-align: center;\"><strong>Menu 9<\/strong><\/p>\n<p>Lachssteak (NR) gebraten<br \/>\nKr\u00e4utersauce<br \/>\nSalzkartoffeln, Blattspinat<\/p>\n<p><strong>Fr. 34.50<\/strong><\/p>\n<p><strong>Menu 10<\/strong><\/p>\n<p>Forellenfilet vom Sattel (CH)<br \/>\nmit Mandeln<br \/>\nFenchel mit K\u00e4se \u00fcberbacken<br \/>\nTrockenreis<\/p>\n<p><strong>Fr. 34.50<\/strong><\/p>\n<p><strong>Menu 11<\/strong><\/p>\n<p>Riesen Crevetten (THA)<br \/>\nmit S\u00fcss Scharfe Sauce<br \/>\nGem\u00fcsereis<br \/>\nMischsalat Italien<\/p>\n<p><strong>Fr. 39.50<\/strong><\/div>\n<\/div>\n<div class=\"wc-shortcodes-column wc-shortcodes-content wc-shortcodes-one-third wc-shortcodes-column- \">\n<h2 style=\"text-align: center;\">Urchigi<br \/>Sach\u00e4<\/h2>\n<div style=\"text-align: center;\"><strong>Menu 12<\/strong><\/p>\n<p>Siedfleisch (CH)<br \/>\nSalkartoffeln<br \/>\nBohnen<\/p>\n<p><strong>Fr. 26.50<\/strong><\/p>\n<p><strong>Menu 13<\/strong><\/p>\n<p>Rindszunge (CH)<br \/>\nKapernsauce<br \/>\nSalzkartoffeln<br \/>\nBohnen<\/p>\n<p><strong>Fr. 27.50<\/strong><\/p>\n<p><strong>Menu 14<\/strong><\/p>\n<p>Kutteln an Tomatensauce (CH)<br \/>\nSalzkartoffeln<br \/>\nMischsalat<\/p>\n<p><strong>Fr. 25.00<\/strong><\/div>\n<\/div>\n<div class=\"wc-shortcodes-column wc-shortcodes-content wc-shortcodes-one-third wc-shortcodes-column-last \">\n<h2 style=\"text-align: center;\">Spezielli<br \/>Sach\u00e4<\/h2>\n<div style=\"text-align: center;\"><strong>Menu 15<\/strong><\/p>\n<p>Kalbssteak (CH)<br \/>\nmit Steinpilzsauce<br \/>\nKroketten<br \/>\nGem\u00fcsegarnitur<\/p>\n<p><strong>Fr. 48.00<\/strong><\/p>\n<p><strong>Menu 16<\/strong><\/p>\n<p>Lammr\u00fcckenfilet (NZ)<br \/>\nKr\u00e4uterjus<br \/>\nKroketten<br \/>\nGem\u00fcsegarnitur<\/p>\n<p><strong>Fr. 44.00<\/strong><\/p>\n<p><strong>Menu 17<\/strong><\/p>\n<p>Kalbsfiletmedaillons (CH)<br \/>\nMorchelrahmsauce<br \/>\nFettuccine<br \/>\nGem\u00fcse<\/p>\n<p><strong>Fr. 51.50<\/strong><\/div>\n<\/div>\n<\/div>\n<h2>Es hed so lang es hed!<\/h2>\n<p><strong>Menu 18<\/strong> &#8211; Schweinsbratwurst mit Zwiebelsauce und Pommes-frites &#8211; <strong>Fr. 16.00<\/strong><\/p>\n<p>\u00c4nderungen k\u00f6nnen zu einem kleinen Aufpreis f\u00fchren.<\/p>\n","protected":false},"excerpt":{"rendered":"<p>Samstag, 14. M\u00e4rz 2020 Tagessuppe Menu 1 Pouletbr\u00fcstli paniert (CH) S\u00fcss Scharfe Sauce Trockenreis Gemischter Salat Fr. 19.50 Menu 2 Schweinssteak (CH) mit Rahmsauce Nudeln Gem\u00fcse Fr. 26.50 Menu 3 Fohlenfilet (IRL) Kr\u00e4uterbutter hausgemacht Trockenreis Gem\u00fcsegarnitur Fr. 34.50 Menu 4 Schweinsfiletmedaillons (CH) Steinpilzsauce R\u00f6stikroketten Gemischter Salat Fr. 39.50 Menu 5 Kalbsschnitzel (CH) mit Champignonsrahmsauce Fettuccine &hellip; <a href=\"https:\/\/www.arth-online.ch\/gotthard\/speisekarte\/tageskarte\/\" class=\"more-link\"><span class=\"screen-reader-text\">\u201eTageskarte\u201c <\/span>weiterlesen<\/a><\/p>\n","protected":false},"author":1,"featured_media":0,"parent":73,"menu_order":0,"comment_status":"closed","ping_status":"closed","template":"","meta":{"ngg_post_thumbnail":0,"footnotes":"","_links_to":"","_links_to_target":""},"class_list":["post-127","page","type-page","status-publish","hentry"],"_links":{"self":[{"href":"https:\/\/www.arth-online.ch\/gotthard\/wp-json\/wp\/v2\/pages\/127","targetHints":{"allow":["GET"]}}],"collection":[{"href":"https:\/\/www.arth-online.ch\/gotthard\/wp-json\/wp\/v2\/pages"}],"about":[{"href":"https:\/\/www.arth-online.ch\/gotthard\/wp-json\/wp\/v2\/types\/page"}],"author":[{"embeddable":true,"href":"https:\/\/www.arth-online.ch\/gotthard\/wp-json\/wp\/v2\/users\/1"}],"replies":[{"embeddable":true,"href":"https:\/\/www.arth-online.ch\/gotthard\/wp-json\/wp\/v2\/comments?post=127"}],"version-history":[{"count":27,"href":"https:\/\/www.arth-online.ch\/gotthard\/wp-json\/wp\/v2\/pages\/127\/revisions"}],"predecessor-version":[{"id":228,"href":"https:\/\/www.arth-online.ch\/gotthard\/wp-json\/wp\/v2\/pages\/127\/revisions\/228"}],"up":[{"embeddable":true,"href":"https:\/\/www.arth-online.ch\/gotthard\/wp-json\/wp\/v2\/pages\/73"}],"wp:attachment":[{"href":"https:\/\/www.arth-online.ch\/gotthard\/wp-json\/wp\/v2\/media?parent=127"}],"curies":[{"name":"wp","href":"https:\/\/api.w.org\/{rel}","templated":true}]}}