{"id":103,"date":"2020-03-20T17:36:52","date_gmt":"2020-03-20T16:36:52","guid":{"rendered":"https:\/\/www.arth-online.ch\/gotthard\/?page_id=103"},"modified":"2020-03-20T18:46:59","modified_gmt":"2020-03-20T17:46:59","slug":"kontakt","status":"publish","type":"page","link":"https:\/\/www.arth-online.ch\/gotthard\/kontakt\/","title":{"rendered":"Kontakt"},"content":{"rendered":"<div class=\"wc-shortcodes-row wc-shortcodes-item wc-shortcodes-clearfix\">\n<div class=\"wc-shortcodes-column wc-shortcodes-content wc-shortcodes-one-third wc-shortcodes-column-first \">\n<p><img loading=\"lazy\" decoding=\"async\" src=\"https:\/\/www.arth-online.ch\/gotthard\/wp-content\/uploads\/sites\/18\/2020\/03\/kontakt_sonja.jpg\" alt=\"\" width=\"180\" height=\"342\" class=\"alignnone size-full wp-image-107\" srcset=\"https:\/\/www.arth-online.ch\/gotthard\/wp-content\/uploads\/sites\/18\/2020\/03\/kontakt_sonja.jpg 180w, https:\/\/www.arth-online.ch\/gotthard\/wp-content\/uploads\/sites\/18\/2020\/03\/kontakt_sonja-158x300.jpg 158w\" sizes=\"auto, (max-width: 180px) 85vw, 180px\" \/><\/p>\n<\/div>\n<div class=\"wc-shortcodes-column wc-shortcodes-content wc-shortcodes-one-third wc-shortcodes-column- \">\n<p><strong>Restaurant Gotthard<\/strong><br \/>\nSonja &amp; Mauro Lustenberger<br \/>\nParkstrasse 21<br \/>\n6410 Goldau<br \/>\nTelefon 041 855 14 62<br \/>\nFax 041 855 55 41<br \/>\nE-Mail info@gotthard-goldau.ch<\/p>\n<\/div>\n<div class=\"wc-shortcodes-column wc-shortcodes-content wc-shortcodes-one-third wc-shortcodes-column-last \">\n<p><img loading=\"lazy\" decoding=\"async\" src=\"https:\/\/www.arth-online.ch\/gotthard\/wp-content\/uploads\/sites\/18\/2020\/03\/kontakt_mauro.jpg\" alt=\"\" width=\"180\" height=\"342\" class=\"alignnone size-full wp-image-106\" srcset=\"https:\/\/www.arth-online.ch\/gotthard\/wp-content\/uploads\/sites\/18\/2020\/03\/kontakt_mauro.jpg 180w, https:\/\/www.arth-online.ch\/gotthard\/wp-content\/uploads\/sites\/18\/2020\/03\/kontakt_mauro-158x300.jpg 158w\" sizes=\"auto, (max-width: 180px) 85vw, 180px\" \/><\/p>\n<\/div>\n<\/div>\n<h2>\u00d6ffnungszeiten<\/h2>\n<p><em>Mittwoch &#8211; Samstag<\/em><br \/>\n08.30 &#8211; 24.00 Uhr<br \/>\n<em>Sonn- und Feiertage<\/em><br \/>\n09.30 &#8211; 24.00 Uhr<\/p>\n<p><strong>Montag und Dienstag geschlossen<\/strong><\/p>\n<p>Bei einer Reservation ab 30 Personen \u00f6ffnen wir Ihnen unser Restaurant gerne auch am Montag oder Dienstag.<\/p>\n<p><em>Mittwoch &#8211; Samstag<\/em><br \/>\n11.30 &#8211; 13:45 \/ 17.30 &#8211; 21.45 Uhr<br \/>\n<em>Sonn- und Feiertage<\/em><br \/>\n11.30 &#8211; 13.45 \/ 17.30 &#8211; 21.00 Uhr<\/p>\n<p>Am Nachmittag zwischen 13:45 und 17:30 Uhr und am Abend ab 21.45 (Sonn- und Feiertage ab 21:00 Uhr) steht Ihnen unsere kalte K\u00fcche zur Verf\u00fcgung.<\/p>\n<p>Unsere Spiess- und Spezialwochenkarten stehen Ihnen w\u00e4hrend den folgenden Zeiten zu Verf\u00fcgung:<\/p>\n<p><em>Mittwoch &#8211; Samstag<\/em><br \/>\n11.30 &#8211; 13.30 \/ 17.30 &#8211; 21.30 Uhr<br \/>\n<em>Sonn- und Feiertage<\/em><br \/>\n11.00 &#8211; 13.30 \/ 17.30 &#8211; 20.30 Uhr<\/p>\n<p>Die Gerichte dieser Karten sind frisch und speziell zubereitet und ben\u00f6tigen daher mehr Zeit.<\/p>\n<p>Wir danken Ihnen f\u00fcr Ihr Verst\u00e4ndnis.<\/p>\n<p>Bei uns d\u00fcrfen Sie mit Ihren Kreditkarten bezahlen. Unsere Partner sind: Postcard, EC, Visa, Mastercard und American Express.<\/p>\n<p>Unsere W\u00e4hrung ist Schweizer Franken. Sie d\u00fcrfen auch mit Euro bezahlen und erhalten Schweizer Franken zur\u00fcck.<\/p>\n<p><iframe loading=\"lazy\" src=\"https:\/\/www.google.com\/maps\/embed?pb=!1m18!1m12!1m3!1d2718.461740740697!2d8.548508415256736!3d47.05079197915169!2m3!1f0!2f0!3f0!3m2!1i1024!2i768!4f13.1!3m3!1m2!1s0x4785515631e21ab9%3A0x78b5a39393ee3605!2sGotthard!5e0!3m2!1sen!2sch!4v1584723767633!5m2!1sen!2sch\" width=\"600\" height=\"450\" frameborder=\"0\" style=\"border:0;\" allowfullscreen=\"\" aria-hidden=\"false\" tabindex=\"0\"><\/iframe><\/p>\n\n<div class=\"wpcf7 no-js\" id=\"wpcf7-f112-o1\" lang=\"de-DE\" dir=\"ltr\" data-wpcf7-id=\"112\">\n<div class=\"screen-reader-response\"><p role=\"status\" aria-live=\"polite\" aria-atomic=\"true\"><\/p> <ul><\/ul><\/div>\n<form action=\"\/gotthard\/wp-json\/wp\/v2\/pages\/103#wpcf7-f112-o1\" method=\"post\" class=\"wpcf7-form init\" aria-label=\"Kontaktformular\" novalidate=\"novalidate\" data-status=\"init\">\n<fieldset class=\"hidden-fields-container\"><input type=\"hidden\" name=\"_wpcf7\" value=\"112\" \/><input type=\"hidden\" name=\"_wpcf7_version\" value=\"6.1.5\" \/><input type=\"hidden\" name=\"_wpcf7_locale\" value=\"de_DE\" \/><input type=\"hidden\" name=\"_wpcf7_unit_tag\" value=\"wpcf7-f112-o1\" \/><input type=\"hidden\" name=\"_wpcf7_container_post\" value=\"0\" \/><input type=\"hidden\" name=\"_wpcf7_posted_data_hash\" value=\"\" \/>\n<\/fieldset>\n<p><label> Name (Pflichtfeld)<br \/>\n<span class=\"wpcf7-form-control-wrap\" data-name=\"your-name\"><input size=\"40\" maxlength=\"400\" class=\"wpcf7-form-control wpcf7-text wpcf7-validates-as-required\" aria-required=\"true\" aria-invalid=\"false\" value=\"\" type=\"text\" name=\"your-name\" \/><\/span> <\/label>\n<\/p>\n<p><label> E-Mail-Adresse (Pflichtfeld)<br \/>\n<span class=\"wpcf7-form-control-wrap\" data-name=\"your-email\"><input size=\"40\" maxlength=\"400\" class=\"wpcf7-form-control wpcf7-email wpcf7-validates-as-required wpcf7-text wpcf7-validates-as-email\" aria-required=\"true\" aria-invalid=\"false\" value=\"\" type=\"email\" name=\"your-email\" \/><\/span> <\/label>\n<\/p>\n<p><label> Betreff<br \/>\n<span class=\"wpcf7-form-control-wrap\" data-name=\"your-subject\"><input size=\"40\" maxlength=\"400\" class=\"wpcf7-form-control wpcf7-text\" aria-invalid=\"false\" value=\"\" type=\"text\" name=\"your-subject\" \/><\/span> <\/label>\n<\/p>\n<p><label> Nachricht<br \/>\n<span class=\"wpcf7-form-control-wrap\" data-name=\"your-message\"><textarea cols=\"40\" rows=\"10\" maxlength=\"2000\" class=\"wpcf7-form-control wpcf7-textarea\" aria-invalid=\"false\" name=\"your-message\"><\/textarea><\/span> <\/label>\n<\/p>\n<p><input class=\"wpcf7-form-control wpcf7-submit has-spinner\" type=\"submit\" value=\"Senden\" \/>\n<\/p><div class=\"wpcf7-response-output\" aria-hidden=\"true\"><\/div>\n<\/form>\n<\/div>\n\n","protected":false},"excerpt":{"rendered":"<p>Restaurant Gotthard Sonja &amp; Mauro Lustenberger Parkstrasse 21 6410 Goldau Telefon 041 855 14 62 Fax 041 855 55 41 E-Mail info@gotthard-goldau.ch \u00d6ffnungszeiten Mittwoch &#8211; Samstag 08.30 &#8211; 24.00 Uhr Sonn- und Feiertage 09.30 &#8211; 24.00 Uhr Montag und Dienstag geschlossen Bei einer Reservation ab 30 Personen \u00f6ffnen wir Ihnen unser Restaurant gerne auch am &hellip; <a href=\"https:\/\/www.arth-online.ch\/gotthard\/kontakt\/\" class=\"more-link\"><span class=\"screen-reader-text\">\u201eKontakt\u201c <\/span>weiterlesen<\/a><\/p>\n","protected":false},"author":1,"featured_media":0,"parent":0,"menu_order":0,"comment_status":"closed","ping_status":"closed","template":"","meta":{"ngg_post_thumbnail":0,"footnotes":"","_links_to":"","_links_to_target":""},"class_list":["post-103","page","type-page","status-publish","hentry"],"_links":{"self":[{"href":"https:\/\/www.arth-online.ch\/gotthard\/wp-json\/wp\/v2\/pages\/103","targetHints":{"allow":["GET"]}}],"collection":[{"href":"https:\/\/www.arth-online.ch\/gotthard\/wp-json\/wp\/v2\/pages"}],"about":[{"href":"https:\/\/www.arth-online.ch\/gotthard\/wp-json\/wp\/v2\/types\/page"}],"author":[{"embeddable":true,"href":"https:\/\/www.arth-online.ch\/gotthard\/wp-json\/wp\/v2\/users\/1"}],"replies":[{"embeddable":true,"href":"https:\/\/www.arth-online.ch\/gotthard\/wp-json\/wp\/v2\/comments?post=103"}],"version-history":[{"count":6,"href":"https:\/\/www.arth-online.ch\/gotthard\/wp-json\/wp\/v2\/pages\/103\/revisions"}],"predecessor-version":[{"id":126,"href":"https:\/\/www.arth-online.ch\/gotthard\/wp-json\/wp\/v2\/pages\/103\/revisions\/126"}],"wp:attachment":[{"href":"https:\/\/www.arth-online.ch\/gotthard\/wp-json\/wp\/v2\/media?parent=103"}],"curies":[{"name":"wp","href":"https:\/\/api.w.org\/{rel}","templated":true}]}}