{"id":1294,"date":"2016-11-10T15:47:04","date_gmt":"2016-11-10T14:47:04","guid":{"rendered":"http:\/\/cvp.arth-online.ch\/?page_id=14"},"modified":"2024-07-17T10:55:01","modified_gmt":"2024-07-17T08:55:01","slug":"gemeinderaete","status":"publish","type":"page","link":"https:\/\/www.arth-online.ch\/cvp\/gemeinderaete\/","title":{"rendered":"Gemeinder\u00e4te"},"content":{"rendered":"<div class=\"wc-shortcodes-row wc-shortcodes-item wc-shortcodes-clearfix\">\n<div class=\"wc-shortcodes-column wc-shortcodes-content wc-shortcodes-one-half wc-shortcodes-column-first \">\n<img loading=\"lazy\" decoding=\"async\" src=\"http:\/\/www.arth-online.ch\/cvp\/wp-content\/uploads\/sites\/6\/2024\/07\/beeler_ruedi_2024.jpg\" alt=\"\" width=\"360\" height=\"480\" class=\"alignnone size-full wp-image-1778\" srcset=\"https:\/\/www.arth-online.ch\/cvp\/wp-content\/uploads\/sites\/6\/2024\/07\/beeler_ruedi_2024.jpg 360w, https:\/\/www.arth-online.ch\/cvp\/wp-content\/uploads\/sites\/6\/2024\/07\/beeler_ruedi_2024-225x300.jpg 225w\" sizes=\"auto, (max-width: 360px) 85vw, 360px\" \/>\n<\/div>\n<div class=\"wc-shortcodes-column wc-shortcodes-content wc-shortcodes-one-half wc-shortcodes-column-last \">\n<strong>Beeler Ruedi<\/strong><br \/>\nSch\u00f6nenbodenstrasse 3<br \/>\n6410 Goldau<br \/>\n041 855 29 16<\/p>\n<h2>Gemeindepr\u00e4sident<\/h2>\n<p><em>gew\u00e4hlt bis 2026<\/em>\n<\/div>\n<\/div>\n<div class=\"wc-shortcodes-row wc-shortcodes-item wc-shortcodes-clearfix\">\n<div class=\"wc-shortcodes-column wc-shortcodes-content wc-shortcodes-one-half wc-shortcodes-column-first \">\n<img loading=\"lazy\" decoding=\"async\" src=\"http:\/\/www.arth-online.ch\/cvp\/wp-content\/uploads\/sites\/6\/2020\/09\/steffen_vreni-360x480-1.jpg\" alt=\"\" width=\"360\" height=\"480\" class=\"alignnone size-full wp-image-1551\" srcset=\"https:\/\/www.arth-online.ch\/cvp\/wp-content\/uploads\/sites\/6\/2020\/09\/steffen_vreni-360x480-1.jpg 360w, https:\/\/www.arth-online.ch\/cvp\/wp-content\/uploads\/sites\/6\/2020\/09\/steffen_vreni-360x480-1-225x300.jpg 225w\" sizes=\"auto, (max-width: 360px) 85vw, 360px\" \/>\n<\/div>\n<div class=\"wc-shortcodes-column wc-shortcodes-content wc-shortcodes-one-half wc-shortcodes-column-last \">\n<strong>Steffen-Steinegger Vreni<\/strong><br \/>\nEichrainweg 12a<br \/>\n6410 Goldau<br \/>\nTel 041 855 52 46<\/p>\n<h2>Bildung<\/h2>\n<p><em>gew\u00e4hlt bis 2026<\/em>\n<\/div>\n<\/div>\n<div class=\"wc-shortcodes-row wc-shortcodes-item wc-shortcodes-clearfix\">\n<div class=\"wc-shortcodes-column wc-shortcodes-content wc-shortcodes-one-half wc-shortcodes-column-first \">\n<img loading=\"lazy\" decoding=\"async\" src=\"http:\/\/www.arth-online.ch\/cvp\/wp-content\/uploads\/sites\/6\/2020\/09\/imlig.andreas-360x480-1.jpg\" alt=\"\" width=\"360\" height=\"480\" class=\"alignnone size-full wp-image-1543\" srcset=\"https:\/\/www.arth-online.ch\/cvp\/wp-content\/uploads\/sites\/6\/2020\/09\/imlig.andreas-360x480-1.jpg 360w, https:\/\/www.arth-online.ch\/cvp\/wp-content\/uploads\/sites\/6\/2020\/09\/imlig.andreas-360x480-1-225x300.jpg 225w\" sizes=\"auto, (max-width: 360px) 85vw, 360px\" \/>\n<\/div>\n<div class=\"wc-shortcodes-column wc-shortcodes-content wc-shortcodes-one-half wc-shortcodes-column-last \">\n<strong>Imlig Andreas<\/strong><br \/>\nM\u00fchlefluo 25b<br \/>\n6414 Oberarth<br \/>\nTel 079 558 16 18<\/p>\n<h2>Umwelt-Sicherheit<\/h2>\n<p><em>gew\u00e4hlt bis 2028<\/em>\n<\/div>\n<\/div>\n<div class=\"wc-shortcodes-row wc-shortcodes-item wc-shortcodes-clearfix\">\n<div class=\"wc-shortcodes-column wc-shortcodes-content wc-shortcodes-one-half wc-shortcodes-column-first \">\n<img loading=\"lazy\" decoding=\"async\" src=\"http:\/\/www.arth-online.ch\/cvp\/wp-content\/uploads\/sites\/6\/2024\/07\/kuettel_roland_2024.jpg\" alt=\"\" width=\"360\" height=\"480\" class=\"alignnone size-full wp-image-1780\" srcset=\"https:\/\/www.arth-online.ch\/cvp\/wp-content\/uploads\/sites\/6\/2024\/07\/kuettel_roland_2024.jpg 360w, https:\/\/www.arth-online.ch\/cvp\/wp-content\/uploads\/sites\/6\/2024\/07\/kuettel_roland_2024-225x300.jpg 225w\" sizes=\"auto, (max-width: 360px) 85vw, 360px\" \/>\n<\/div>\n<div class=\"wc-shortcodes-column wc-shortcodes-content wc-shortcodes-one-half wc-shortcodes-column-last \">\n<strong>K\u00fcttel Roland<\/strong><br \/>\nTramweg 43b<br \/>\n6414 Oberarth<br \/>\nTel 041 855 03 14<\/p>\n<h2>Hochbau<\/h2>\n<p><em>gew\u00e4hlt bis 2028<\/em>\n<\/div>\n<\/div>\n","protected":false},"excerpt":{"rendered":"<p>Beeler Ruedi Sch\u00f6nenbodenstrasse 3 6410 Goldau 041 855 29 16 Gemeindepr\u00e4sident gew\u00e4hlt bis 2026 Steffen-Steinegger Vreni Eichrainweg 12a 6410 Goldau Tel 041 855 52 46 Bildung gew\u00e4hlt bis 2026 Imlig Andreas M\u00fchlefluo 25b 6414 Oberarth Tel 079 558 16 18 Umwelt-Sicherheit gew\u00e4hlt bis 2028 K\u00fcttel Roland Tramweg 43b 6414 Oberarth Tel 041 855 03 14 &hellip; <a href=\"https:\/\/www.arth-online.ch\/cvp\/gemeinderaete\/\" class=\"more-link\"><span class=\"screen-reader-text\">\u201eGemeinder\u00e4te\u201c <\/span>weiterlesen<\/a><\/p>\n","protected":false},"author":1,"featured_media":0,"parent":0,"menu_order":0,"comment_status":"closed","ping_status":"closed","template":"","meta":{"ngg_post_thumbnail":0,"footnotes":""},"class_list":["post-1294","page","type-page","status-publish","hentry"],"_links":{"self":[{"href":"https:\/\/www.arth-online.ch\/cvp\/wp-json\/wp\/v2\/pages\/1294","targetHints":{"allow":["GET"]}}],"collection":[{"href":"https:\/\/www.arth-online.ch\/cvp\/wp-json\/wp\/v2\/pages"}],"about":[{"href":"https:\/\/www.arth-online.ch\/cvp\/wp-json\/wp\/v2\/types\/page"}],"author":[{"embeddable":true,"href":"https:\/\/www.arth-online.ch\/cvp\/wp-json\/wp\/v2\/users\/1"}],"replies":[{"embeddable":true,"href":"https:\/\/www.arth-online.ch\/cvp\/wp-json\/wp\/v2\/comments?post=1294"}],"version-history":[{"count":12,"href":"https:\/\/www.arth-online.ch\/cvp\/wp-json\/wp\/v2\/pages\/1294\/revisions"}],"predecessor-version":[{"id":1782,"href":"https:\/\/www.arth-online.ch\/cvp\/wp-json\/wp\/v2\/pages\/1294\/revisions\/1782"}],"wp:attachment":[{"href":"https:\/\/www.arth-online.ch\/cvp\/wp-json\/wp\/v2\/media?parent=1294"}],"curies":[{"name":"wp","href":"https:\/\/api.w.org\/{rel}","templated":true}]}}