{"id":1216,"date":"2016-11-10T15:46:20","date_gmt":"2016-11-10T14:46:20","guid":{"rendered":"http:\/\/cvp.arth-online.ch\/?page_id=8"},"modified":"2024-07-17T10:42:49","modified_gmt":"2024-07-17T08:42:49","slug":"wir-ueber-uns","status":"publish","type":"page","link":"https:\/\/www.arth-online.ch\/cvp\/wir-ueber-uns\/","title":{"rendered":"Wir \u00fcber uns"},"content":{"rendered":"<p><img loading=\"lazy\" decoding=\"async\" src=\"http:\/\/www.arth-online.ch\/cvp\/wp-content\/uploads\/sites\/6\/2024\/07\/beeler_bruno_2024.jpg\" alt=\"\" width=\"360\" height=\"480\" class=\"alignright size-full wp-image-1773\" srcset=\"https:\/\/www.arth-online.ch\/cvp\/wp-content\/uploads\/sites\/6\/2024\/07\/beeler_bruno_2024.jpg 360w, https:\/\/www.arth-online.ch\/cvp\/wp-content\/uploads\/sites\/6\/2024\/07\/beeler_bruno_2024-225x300.jpg 225w\" sizes=\"auto, (max-width: 360px) 85vw, 360px\" \/>Die Mitte Arth-Oberarth-Goldau<br \/>\nDr. iur. <strong>Bruno Beeler<\/strong><br \/>\nParteipr\u00e4sident<br \/>\nHarmettlenstrasse 13<br \/>\n6410 Goldau<br \/>\nTelefon privat: 079 314 77 44<br \/>\nTelefon Gesch\u00e4ft: 041 811 88 66<br \/>\nE-Mail: bruno.beeler@mythen.ch<\/p>\n<p>Schwyzer Kantonalbank<br \/>\nIBAN CH62 0077 7001 9620 5020 1<\/p>\n<p>Der Mensch steht bei uns im Mittelpunkt. Wir Christdemokratinnen und Christdemokraten bauen auf eine glaubw\u00fcrdige und volksnahe Politik.<\/p>\n<p>Wir stellen uns den Herausforderungen unserer Zeit. Mit Ihnen, den B\u00fcrgerinnen und B\u00fcrgern unserer Gemeinde, wollen wir sie gemeinsam bew\u00e4ltigen.<\/p>\n<p>Dabei bauen wir auf Menschen und deren Phantasie, Kreativit\u00e4t und Leistungsf\u00e4higkeit. Wir anerkennen deren individuelle Pers\u00f6nlichkeit, erwarten von ihnen aber gleichzeitig die \u00dcbernahme von sozialer Mitverantwortung f\u00fcr die Gemeinschaft.<\/p>\n<p>Der Mensch steht immer im Zentrum unseres politischen Wirkens.<\/p>\n<p>Wir bauen auf die drei Grundpfeiler Freiheit, Solidarit\u00e4t und Selbst\u00e4ndigkeit. Unter einer angemessenen Selbst\u00e4ndigkeit verstehen wir, dass die Gemeinschaft nur dann aktiv wird, wenn die Einzelperson oder die Familie an die Grenzen ihrer M\u00f6glichkeiten st\u00f6sst. Alle anstehenden Probleme sollen auf der tiefstm\u00f6glichen Stufe gel\u00f6st werden.<\/p>\n<p>Die Ortspartei der Mitte Arth-Oberarth-Goldau setzt sich ein f\u00fcr&#8230;<\/p>\n<ul>\n<li>die St\u00e4rkung der Familie als Kern einer solidarischen Gesellschaft,<\/li>\n<li>eine aktive und sinnvolle Freizeitgestaltung unser Jugend,<\/li>\n<li>ideale Rahmenbedingungen in unseren Gemeindeschulen,<\/li>\n<li>ein gut gedeihendes Gewerbe,<\/li>\n<li>die Erhaltung innovativer Landwirtschaftsbetriebe und<\/li>\n<li>die soziale Sicherheit im Alter.<\/li>\n<\/ul>\n","protected":false},"excerpt":{"rendered":"<p>Die Mitte Arth-Oberarth-Goldau Dr. iur. Bruno Beeler Parteipr\u00e4sident Harmettlenstrasse 13 6410 Goldau Telefon privat: 079 314 77 44 Telefon Gesch\u00e4ft: 041 811 88 66 E-Mail: bruno.beeler@mythen.ch Schwyzer Kantonalbank IBAN CH62 0077 7001 9620 5020 1 Der Mensch steht bei uns im Mittelpunkt. Wir Christdemokratinnen und Christdemokraten bauen auf eine glaubw\u00fcrdige und volksnahe Politik. Wir stellen &hellip; <a href=\"https:\/\/www.arth-online.ch\/cvp\/wir-ueber-uns\/\" class=\"more-link\"><span class=\"screen-reader-text\">\u201eWir \u00fcber uns\u201c <\/span>weiterlesen<\/a><\/p>\n","protected":false},"author":1,"featured_media":0,"parent":0,"menu_order":0,"comment_status":"closed","ping_status":"closed","template":"","meta":{"ngg_post_thumbnail":0,"footnotes":""},"class_list":["post-1216","page","type-page","status-publish","hentry"],"_links":{"self":[{"href":"https:\/\/www.arth-online.ch\/cvp\/wp-json\/wp\/v2\/pages\/1216","targetHints":{"allow":["GET"]}}],"collection":[{"href":"https:\/\/www.arth-online.ch\/cvp\/wp-json\/wp\/v2\/pages"}],"about":[{"href":"https:\/\/www.arth-online.ch\/cvp\/wp-json\/wp\/v2\/types\/page"}],"author":[{"embeddable":true,"href":"https:\/\/www.arth-online.ch\/cvp\/wp-json\/wp\/v2\/users\/1"}],"replies":[{"embeddable":true,"href":"https:\/\/www.arth-online.ch\/cvp\/wp-json\/wp\/v2\/comments?post=1216"}],"version-history":[{"count":7,"href":"https:\/\/www.arth-online.ch\/cvp\/wp-json\/wp\/v2\/pages\/1216\/revisions"}],"predecessor-version":[{"id":1777,"href":"https:\/\/www.arth-online.ch\/cvp\/wp-json\/wp\/v2\/pages\/1216\/revisions\/1777"}],"wp:attachment":[{"href":"https:\/\/www.arth-online.ch\/cvp\/wp-json\/wp\/v2\/media?parent=1216"}],"curies":[{"name":"wp","href":"https:\/\/api.w.org\/{rel}","templated":true}]}}