{"id":8,"date":"2019-11-27T22:08:41","date_gmt":"2019-11-27T21:08:41","guid":{"rendered":"http:\/\/www.arth-online.ch\/tmd\/portrait\/"},"modified":"2019-11-28T00:42:47","modified_gmt":"2019-11-27T23:42:47","slug":"portrait","status":"publish","type":"page","link":"http:\/\/www.arth-online.ch\/tmd\/portrait\/","title":{"rendered":"Portrait"},"content":{"rendered":"<p>Die wohl einmalige und einzige Kinder- und Jugend-Tanzformation aus dem Talkessel Schwyz mit ihrem neuen Namen <strong>Teenie Mix Dancers<\/strong> geniesst durch ihre Aufritte Bekanntheit \u00fcber die Kantonsgrenze hinaus.<\/p>\n<p>Die 8- bis 15-j\u00e4hrigen M\u00e4dchen und Teenies sind in zwei Gruppen eingeteilt und besuchen w\u00f6chentlich eine Trainingsstunde. Sie geh\u00f6ren, mit wenigen Ausnahmen, schon bis zu f\u00fcnf Jahren der Gruppe an.<\/p>\n<h2>Zum Trainingsprogramm<\/h2>\n<p>Ein speziell zusammengestelltes Programm, vielseitig und abwechslungsreich, f\u00fcr Kinder, die Spass an Musik und Tanz haben. Mix Dance ist eine Mischung aus Aerobic-, Funk-, Hip Hop- und Jazztanz, und ist immer den neusten Musiktrends angepasst. Nebst K\u00f6rper- und Haltungsschulung f\u00f6rdert das Training Koordination und Konzentration sowie Teamgeist und Disziplin.<\/p>\n<h2>Ziel und Zweck<\/h2>\n<p>&#8230;sind zweifelsohne bevorstehende Auftritte, um das Gelernte vor Publikum zum Besten geben.<br \/>\n&#8230;ist eine sinnvolle Freizeitbesch\u00e4ftigung und ist die beste Methode zum Abschalten vom Alltags- und Schulstress. Unser Slogan lautet: <strong>&#8222;No Drugs, only Music and Dance&#8220;<\/strong>.<\/p>\n<h2>Zum Erfolg<\/h2>\n<p>&#8230;f\u00fchrte uns die hundertprozentige Disziplin und Sicherheit auf der B\u00fchne, sowie unser vielseitiges Tanz- und Showprogramm, in immer wieder neuen Kost\u00fcmen, wie im Hip Hop-, Country-, Polizei- oder Military-Look. Auf eine Gleichstellung von perfekter Ausf\u00fchrung, Sound und Optik legen wir grossen Wert.<\/p>\n<h2>Unsere Auftritte<\/h2>\n<p>&#8230;sind vorwiegend an Hochzeits- und Geburtstagsfeiern, Einweihungs- und Firmenfesten und an Unterhaltungsabenden.<\/p>\n<p>Als sch\u00f6nstes Erlebnis fanden <strong>Luzia und Karin (15)<\/strong> den Auftritt im Hotel Rigi-Kulm anl\u00e4sslich einer Klassenzusammenkunft mit Uebernachtung und Fr\u00fchst\u00fcck.<\/p>\n<p><strong>Fr\u00e4nzi (12)<\/strong> fand die Hochzeit von Manuela im Walst\u00e4tterhof Brunnen &#8222;mega-geil&#8220;.<\/p>\n<p><strong>Sonja (11)<\/strong> ist die Geburtstagsfeier eines Polizisten in Zug in bester Erinnerung, wo sie mit der Tanztruppe im Polizeitenue auftreten durfte.<\/p>\n<p><strong>Die ganze Tanz-Crew<\/strong> schw\u00e4rmt vom tollsten Publikum des Jahres beim Auftritt anl\u00e4sslich der Schweizerischen Delegiertenversammlung der Naturfreunde im Pfarreizentrum Eichmatt in Goldau.<\/p>\n","protected":false},"excerpt":{"rendered":"<p>Die wohl einmalige und einzige Kinder- und Jugend-Tanzformation aus dem Talkessel Schwyz mit ihrem neuen Namen Teenie Mix Dancers geniesst durch ihre Aufritte Bekanntheit \u00fcber die Kantonsgrenze hinaus. Die 8- bis 15-j\u00e4hrigen M\u00e4dchen und Teenies sind in zwei Gruppen eingeteilt und besuchen w\u00f6chentlich eine Trainingsstunde. Sie geh\u00f6ren, mit wenigen Ausnahmen, schon bis zu f\u00fcnf Jahren &hellip; <a href=\"http:\/\/www.arth-online.ch\/tmd\/portrait\/\" class=\"more-link\"><span class=\"screen-reader-text\">\u201ePortrait\u201c <\/span>weiterlesen<\/a><\/p>\n","protected":false},"author":1,"featured_media":0,"parent":0,"menu_order":0,"comment_status":"closed","ping_status":"closed","template":"","meta":{"ngg_post_thumbnail":0,"footnotes":""},"class_list":["post-8","page","type-page","status-publish","hentry"],"_links":{"self":[{"href":"http:\/\/www.arth-online.ch\/tmd\/wp-json\/wp\/v2\/pages\/8","targetHints":{"allow":["GET"]}}],"collection":[{"href":"http:\/\/www.arth-online.ch\/tmd\/wp-json\/wp\/v2\/pages"}],"about":[{"href":"http:\/\/www.arth-online.ch\/tmd\/wp-json\/wp\/v2\/types\/page"}],"author":[{"embeddable":true,"href":"http:\/\/www.arth-online.ch\/tmd\/wp-json\/wp\/v2\/users\/1"}],"replies":[{"embeddable":true,"href":"http:\/\/www.arth-online.ch\/tmd\/wp-json\/wp\/v2\/comments?post=8"}],"version-history":[{"count":3,"href":"http:\/\/www.arth-online.ch\/tmd\/wp-json\/wp\/v2\/pages\/8\/revisions"}],"predecessor-version":[{"id":66,"href":"http:\/\/www.arth-online.ch\/tmd\/wp-json\/wp\/v2\/pages\/8\/revisions\/66"}],"wp:attachment":[{"href":"http:\/\/www.arth-online.ch\/tmd\/wp-json\/wp\/v2\/media?parent=8"}],"curies":[{"name":"wp","href":"https:\/\/api.w.org\/{rel}","templated":true}]}}