{"id":11,"date":"2019-11-27T22:08:41","date_gmt":"2019-11-27T21:08:41","guid":{"rendered":"http:\/\/www.arth-online.ch\/tmd\/gaestebuch\/"},"modified":"2019-11-27T22:20:23","modified_gmt":"2019-11-27T21:20:23","slug":"gaestebuch","status":"publish","type":"page","link":"http:\/\/www.arth-online.ch\/tmd\/gaestebuch\/","title":{"rendered":"G\u00e4stebuch"},"content":{"rendered":"<p><em>Vielen Dank f\u00fcr Ihren Besuch. Das G\u00e4stebuch ist geschlossen.<br \/>\nThank you for visiting our pages. The guestbook is closed.<\/em><\/p>\n<p><strong>Die Hompage ist wirklich gut geworden!Bis bald Tanja und Sandra<\/strong><br \/>\nSchibig Tanja und Sandra<br \/>\n6410 Goldau, SZ Schweiz &#8211; Wednesday, December 13, 2000 at 19:40:44 (CET)<\/p>\n<p><strong>Noch viele weitere Eintr\u00e4ge w\u00fcnscht&#8230;.<\/strong><br \/>\nMichi <info@gruschni.ch><br \/>\nArth, SZ CH &#8211; Friday, September 15, 2000 at 14:01:07 (CEST)<\/p>\n<p><strong>Hallo, einfach mal so einen netten Gru\u00df von www.echtradio.de<\/strong><br \/>\nVolker <Postamt@echtradio.de><br \/>\nWeiterstadt, Deutschland &#8211; Thursday, September 07, 2000 at 17:19:34 (CEST)<\/p>\n<p><strong>Wir vom Alters- und Pflegeheim Hofmatt freuen uns sehr auf den Auftritt im Herbst 2000<\/strong><br \/>\nAltersheim- und Pflegeheim Hofmatt <altersheim.hofmatt@bluewin.ch><br \/>\nArth, SZ CH &#8211; Tuesday, May 23, 2000 at 09:04:19 (CEST)<\/p>\n<p><strong>Ich finde das en super Homepage! Gratulation! D Gruppe Teenie Mix Dancers isch ja mega bekannt wurde, sie hend jetzt ja au so en originelle Name! Ich als ehemaligs Mitglied chan stolz sii, au mal debii gsi z sii! S Hedy hed immer super Idee und fragt au nach Rat vo ihrne Tanznachkomme! Mer muess nume mit ihre rede, wenn mer en Stil- oder Musigidee hed! Sie lost eim zue und gid ihre Meinig dezue! Wenn d Mitglieder vo de Teenie Mix Dancers au nid immer de glich Meinig wie s Hedy sind, es klappt alles tiptop und schluss\u00e4ndlich sind alli super zfride! M\u00f6ched so wiiter und au vill Gl\u00fcck! Ich verfolge emale \u00fcchi &#8222;Tour&#8220; und wott luege, \u00f6b ich wider mal en Uftritt gseh chan, ohni das ich mal mitmache! W\u00e4r no witzig wider emale mini Erinnerige ufzfr\u00fcsche! <\/strong><br \/>\nGr\u00fc\u00e4ssli Sandra<br \/>\nSandra Bieri <sandrabieri@gmx.ch><br \/>\nGoldau, &#8211; Wednesday, May 17, 2000 at 16:16:11 (CEST)<\/p>\n<p><strong>hallo zaeme ich hoffe ier hend no ganz vill spass a euchne uf tritt. schtresseds hedy noed so ume si gid immer ires beschte und da ich saelber (wen au nur churz) under irere leitig tanzed han weis ich das 100% ig alles guet use chund. wen ich wider zrug i de schwiz bin wuerd ich gaern wider mal en uf trit gse tschuessli stefanie<\/strong><br \/>\nStefanie Wild <stefanie_wild@hotmail.com><br \/>\nHighland Village, TX U.S.A. &#8211; Monday, November 29, 1999 at 02:03:33 (CET)<\/p>\n<p><strong>Den Mini Dancern viel Gl\u00fcck an der Mini Playback Show in Luzern.W\u00fcnschen Astrid und Seline<\/strong><br \/>\nSimon Seline <thomas.simon.@bluewin.ch>\nGoldau, SZ CH &#8211; Saturday, November 27, 1999 at 18:05:55 (CET)<\/p>\n<p><strong>Eine suuuuupergute page!!! Wann k\u00f6nnen wir den n\u00e4chsten Auftritt sehen? Hoffentlich noch bevor Ihr so bekannt seid, dass man Eintrittskarten auf dem Schwarzmarkt ergattern muss! <<\/strong><br \/>\nAline und Luzia Fazzard <aline.fazzard@bluewin.ch><br \/>\ngoldau, sz Schweiz &#8211; Wednesday, November 03, 1999 at 20:20:18 (CET)<\/p>\n<p><strong>Eure Auff\u00fchrung an der Schulhauseinweihung in Goldau war echt super und brachte die notwendige Stimmung. Gratulation, wir freuen uns auf den n\u00e4chsten Auftritt.<\/strong><br \/>\nPurtschert Hans <hapurt@swissonline.ch><br \/>\n6415 Arth, SZ Schweiz &#8211; Saturday, October 30, 1999 at 20:48:49 (CEST)<\/p>\n<p><strong>Der Auftritt im Army-Look ist sehr stark. weiter so!!!!! Gruss Stefi und Papi<\/strong><br \/>\nFischer Ueli<br \/>\nGoldau, &#8211; Wednesday, October 27, 1999 at 20:04:00 (CEST)<\/p>\n<p><strong>Ich freue mich, Euch die erste Version der TEENIE MIX DANCERS Homepage zu \u00fcbergeben.<\/strong><br \/>\nDaniel Annen <danny@annen.ch><br \/>\nArth, SZ Switzerland &#8211; Saturday, October 23, 1999 at 10:06:33 (CEST)<\/p>\n","protected":false},"excerpt":{"rendered":"<p>Vielen Dank f\u00fcr Ihren Besuch. Das G\u00e4stebuch ist geschlossen. Thank you for visiting our pages. The guestbook is closed. Die Hompage ist wirklich gut geworden!Bis bald Tanja und Sandra Schibig Tanja und Sandra 6410 Goldau, SZ Schweiz &#8211; Wednesday, December 13, 2000 at 19:40:44 (CET) Noch viele weitere Eintr\u00e4ge w\u00fcnscht&#8230;. Michi Arth, SZ CH &#8211; &hellip; <a href=\"http:\/\/www.arth-online.ch\/tmd\/gaestebuch\/\" class=\"more-link\"><span class=\"screen-reader-text\">\u201eG\u00e4stebuch\u201c <\/span>weiterlesen<\/a><\/p>\n","protected":false},"author":1,"featured_media":0,"parent":0,"menu_order":0,"comment_status":"closed","ping_status":"closed","template":"","meta":{"ngg_post_thumbnail":0,"footnotes":""},"class_list":["post-11","page","type-page","status-publish","hentry"],"_links":{"self":[{"href":"http:\/\/www.arth-online.ch\/tmd\/wp-json\/wp\/v2\/pages\/11","targetHints":{"allow":["GET"]}}],"collection":[{"href":"http:\/\/www.arth-online.ch\/tmd\/wp-json\/wp\/v2\/pages"}],"about":[{"href":"http:\/\/www.arth-online.ch\/tmd\/wp-json\/wp\/v2\/types\/page"}],"author":[{"embeddable":true,"href":"http:\/\/www.arth-online.ch\/tmd\/wp-json\/wp\/v2\/users\/1"}],"replies":[{"embeddable":true,"href":"http:\/\/www.arth-online.ch\/tmd\/wp-json\/wp\/v2\/comments?post=11"}],"version-history":[{"count":2,"href":"http:\/\/www.arth-online.ch\/tmd\/wp-json\/wp\/v2\/pages\/11\/revisions"}],"predecessor-version":[{"id":25,"href":"http:\/\/www.arth-online.ch\/tmd\/wp-json\/wp\/v2\/pages\/11\/revisions\/25"}],"wp:attachment":[{"href":"http:\/\/www.arth-online.ch\/tmd\/wp-json\/wp\/v2\/media?parent=11"}],"curies":[{"name":"wp","href":"https:\/\/api.w.org\/{rel}","templated":true}]}}