{"id":70,"date":"2015-10-10T21:50:01","date_gmt":"2015-10-10T19:50:01","guid":{"rendered":"http:\/\/svp.arth-online.ch\/abstimmungen\/2009-2\/8-februar\/"},"modified":"2015-10-10T21:50:01","modified_gmt":"2015-10-10T19:50:01","slug":"abstimmung-8-februar-2009","status":"publish","type":"page","link":"http:\/\/www.arth-online.ch\/svp\/abstimmungen\/abstimmungen-2009\/abstimmung-8-februar-2009\/","title":{"rendered":"Abstimmung 8. Februar 2009"},"content":{"rendered":"<h2>Abstimmungsempfehlungen<\/h2>\n<h3>Eidgen\u00f6ssische Volksabstimmung<\/h3>\n<p><strong style=\"color:red\">NEIN<\/strong> zur Personenfreiz\u00fcgigkeit Schweiz \u2013 EU: Weiterf\u00fchrung des Abkommens und Ausdehnung auf Bulgarien und Rum\u00e4nien<br \/>\n<img loading=\"lazy\" decoding=\"async\" src=\"http:\/\/www.arth-online.ch\/svp\/wp-content\/uploads\/sites\/2\/2019\/10\/freipass.png\" alt=\"\" width=\"184\" height=\"244\" class=\"alignnone size-full wp-image-1997\" \/><\/p>\n<h3>Abstimmung im Bezirk Schwyz<\/h3>\n<p><strong style=\"color:green\">JA<\/strong> zum Verpflichtungskredit von Fr. 820\u201900.- f\u00fcr den Bau einer Photovoltaikanlage f\u00fcr die MPS Rothenthurm<\/p>\n<h2>Nein zur undemokratischen und verfassungswidrigen Verkn\u00fcpfung<\/h2>\n<p>Mit der Verkn\u00fcpfung der beiden Vorlagen zur Personenfreiz\u00fcgigkeit haben die Regierungsparteien nicht nur die demokratischen Grundregeln mit den F\u00fcssen getreten, sondern auch gegen die Bundesverfassung verstossen. Die in Art. 34 Abs. 2 der Bundesverfasssund aufgef\u00fchrte Garantie der politischen Rechte der B\u00fcrger sch\u00fctzt neben der freien Willensbildung auch die unverf\u00e4lschte Stimmabgabe. Diese ist mit einer Paket-Vorlage zu zwei unterschiedlichen Fragen nicht mehr gew\u00e4hrleistet, denn sie verf\u00e4lscht den Willen des Stimmvolkes indem das Abstimmungsresultat nicht klar interpretierbar ist.<\/p>\n<p>Die Mitte-Links-Koalitionen versuchen damit vom Schweizer Stimmvolk ein JA zur Ausdehnung de Personenfreiz\u00fcgigkeit auf Rum\u00e4nien und Bulgarien zu erpressen. Darauf darf das Volk nicht eingehen. Mit dem NEIN zu dieser verfassungswidrigen Paket-Vorlage kann das Volk der schleichenden Untergrabung der direkten Demokratie, insbesondere bei aussenpolitischen Vorlagen, einen Riegel schieben. <\/p>\n","protected":false},"excerpt":{"rendered":"<p>Abstimmungsempfehlungen Eidgen\u00f6ssische Volksabstimmung NEIN zur Personenfreiz\u00fcgigkeit Schweiz \u2013 EU: Weiterf\u00fchrung des Abkommens und Ausdehnung auf Bulgarien und Rum\u00e4nien Abstimmung im Bezirk Schwyz JA zum Verpflichtungskredit von Fr. 820\u201900.- f\u00fcr den &hellip; <a href=\"http:\/\/www.arth-online.ch\/svp\/abstimmungen\/abstimmungen-2009\/abstimmung-8-februar-2009\/\" class=\"more-link\"><span class=\"screen-reader-text\">\u201eAbstimmung 8. Februar 2009\u201c <\/span>weiterlesen<\/a><\/p>\n","protected":false},"author":1,"featured_media":0,"parent":2031,"menu_order":0,"comment_status":"closed","ping_status":"closed","template":"","meta":{"ngg_post_thumbnail":0,"footnotes":"","_links_to":"","_links_to_target":""},"class_list":["post-70","page","type-page","status-publish","hentry"],"distributor_meta":false,"distributor_terms":false,"distributor_media":false,"distributor_original_site_name":"SVP Arth-Oberarth-Goldau","distributor_original_site_url":"http:\/\/www.arth-online.ch\/svp","push-errors":false,"_links":{"self":[{"href":"http:\/\/www.arth-online.ch\/svp\/wp-json\/wp\/v2\/pages\/70","targetHints":{"allow":["GET"]}}],"collection":[{"href":"http:\/\/www.arth-online.ch\/svp\/wp-json\/wp\/v2\/pages"}],"about":[{"href":"http:\/\/www.arth-online.ch\/svp\/wp-json\/wp\/v2\/types\/page"}],"author":[{"embeddable":true,"href":"http:\/\/www.arth-online.ch\/svp\/wp-json\/wp\/v2\/users\/1"}],"replies":[{"embeddable":true,"href":"http:\/\/www.arth-online.ch\/svp\/wp-json\/wp\/v2\/comments?post=70"}],"version-history":[{"count":0,"href":"http:\/\/www.arth-online.ch\/svp\/wp-json\/wp\/v2\/pages\/70\/revisions"}],"up":[{"embeddable":true,"href":"http:\/\/www.arth-online.ch\/svp\/wp-json\/wp\/v2\/pages\/2031"}],"wp:attachment":[{"href":"http:\/\/www.arth-online.ch\/svp\/wp-json\/wp\/v2\/media?parent=70"}],"curies":[{"name":"wp","href":"https:\/\/api.w.org\/{rel}","templated":true}]}}