{"id":6549,"date":"2024-06-24T20:47:00","date_gmt":"2024-06-24T18:47:00","guid":{"rendered":"https:\/\/www.arth-online.ch\/svp\/?page_id=6549"},"modified":"2024-08-27T12:32:31","modified_gmt":"2024-08-27T10:32:31","slug":"abstimmung-22-september-2024","status":"publish","type":"page","link":"http:\/\/www.arth-online.ch\/svp\/abstimmungen\/abstimmungen-2024\/abstimmung-22-september-2024\/","title":{"rendered":"Abstimmung 22. September 2024"},"content":{"rendered":"<h2>Bund<\/h2>\n<ul>\n<li><strong style=\"background-color: red; color: white;\">NEIN<\/strong> zur Volksinitiative vom 8. September 2020 \u00abF\u00fcr die Zukunft unserer Natur und Landschaft (Biodiversit\u00e4tsinitiative)\u00bb (BBl 2024 28);<\/li>\n<li><strong style=\"background-color: green; color: white;\">JA<\/strong> zur \u00c4nderung vom 17. M\u00e4rz 2023 des Bundesgesetzes \u00fcber die berufliche Alters-, Hinterlassenen- und Invalidenvorsorge (BVG) (Reform der beruflichen Vorsorge) (BBl 2023 785).<\/li>\n<\/ul>\n<h2>Kanton<\/h2>\n<ul>\n<li><strong style=\"background-color: green; color: white;\">JA<\/strong> zur Ausgabenbewilligung f\u00fcr die Realisierung eines neuen Verwaltungs- und Sicherheitszentrums Kaltbach<\/li>\n<\/ul>\n<p><!--\n\n<h2>Bezirk<\/h2>\n\n\n\n\n<h2>Gemeinde<\/h2>\n\n--><\/p>\n<div style=\"margin-top: 3em;\"><\/div>\n<p><em style=\"background-color:Yellow;\">Siehe auch:<\/em><\/p>\n<blockquote class=\"wp-embedded-content\" data-secret=\"Kt2uxlzvLQ\"><p><a href=\"https:\/\/www.arth-online.ch\/svp\/parolen-zur-abstimmung-vom-22-september-2024\/\">Parolen zur Abstimmung vom 22. September 2024<\/a><\/p><\/blockquote>\n<p><iframe loading=\"lazy\" class=\"wp-embedded-content\" sandbox=\"allow-scripts\" security=\"restricted\" style=\"position: absolute; visibility: hidden;\" title=\"&#8222;Parolen zur Abstimmung vom 22. September 2024&#8220; &#8212; SVP Arth-Oberarth-Goldau\" src=\"https:\/\/www.arth-online.ch\/svp\/parolen-zur-abstimmung-vom-22-september-2024\/embed\/#?secret=F59lqe6g1x#?secret=Kt2uxlzvLQ\" data-secret=\"Kt2uxlzvLQ\" width=\"600\" height=\"338\" frameborder=\"0\" marginwidth=\"0\" marginheight=\"0\" scrolling=\"no\"><\/iframe><\/p>\n","protected":false},"excerpt":{"rendered":"<p>Bund NEIN zur Volksinitiative vom 8. September 2020 \u00abF\u00fcr die Zukunft unserer Natur und Landschaft (Biodiversit\u00e4tsinitiative)\u00bb (BBl 2024 28); JA zur \u00c4nderung vom 17. M\u00e4rz 2023 des Bundesgesetzes \u00fcber die &hellip; <a href=\"http:\/\/www.arth-online.ch\/svp\/abstimmungen\/abstimmungen-2024\/abstimmung-22-september-2024\/\" class=\"more-link\"><span class=\"screen-reader-text\">\u201eAbstimmung 22. September 2024\u201c <\/span>weiterlesen<\/a><\/p>\n","protected":false},"author":1,"featured_media":0,"parent":6195,"menu_order":0,"comment_status":"closed","ping_status":"closed","template":"","meta":{"ngg_post_thumbnail":0,"footnotes":"","_links_to":"","_links_to_target":""},"class_list":["post-6549","page","type-page","status-publish","hentry"],"distributor_meta":false,"distributor_terms":false,"distributor_media":false,"distributor_original_site_name":"SVP Arth-Oberarth-Goldau","distributor_original_site_url":"http:\/\/www.arth-online.ch\/svp","push-errors":false,"_links":{"self":[{"href":"http:\/\/www.arth-online.ch\/svp\/wp-json\/wp\/v2\/pages\/6549","targetHints":{"allow":["GET"]}}],"collection":[{"href":"http:\/\/www.arth-online.ch\/svp\/wp-json\/wp\/v2\/pages"}],"about":[{"href":"http:\/\/www.arth-online.ch\/svp\/wp-json\/wp\/v2\/types\/page"}],"author":[{"embeddable":true,"href":"http:\/\/www.arth-online.ch\/svp\/wp-json\/wp\/v2\/users\/1"}],"replies":[{"embeddable":true,"href":"http:\/\/www.arth-online.ch\/svp\/wp-json\/wp\/v2\/comments?post=6549"}],"version-history":[{"count":8,"href":"http:\/\/www.arth-online.ch\/svp\/wp-json\/wp\/v2\/pages\/6549\/revisions"}],"predecessor-version":[{"id":6563,"href":"http:\/\/www.arth-online.ch\/svp\/wp-json\/wp\/v2\/pages\/6549\/revisions\/6563"}],"up":[{"embeddable":true,"href":"http:\/\/www.arth-online.ch\/svp\/wp-json\/wp\/v2\/pages\/6195"}],"wp:attachment":[{"href":"http:\/\/www.arth-online.ch\/svp\/wp-json\/wp\/v2\/media?parent=6549"}],"curies":[{"name":"wp","href":"https:\/\/api.w.org\/{rel}","templated":true}]}}