{"id":6439,"date":"2024-02-28T14:29:19","date_gmt":"2024-02-28T13:29:19","guid":{"rendered":"https:\/\/www.arth-online.ch\/svp\/?page_id=6439"},"modified":"2024-02-28T15:51:31","modified_gmt":"2024-02-28T14:51:31","slug":"nationalrat","status":"publish","type":"page","link":"http:\/\/www.arth-online.ch\/svp\/unsere-vertreter\/nationalrat\/","title":{"rendered":"Nationalrat"},"content":{"rendered":"<h2>Roman B\u00fcrgi<\/h2>\n<div class=\"wc-shortcodes-row wc-shortcodes-item wc-shortcodes-clearfix\">\n<div class=\"wc-shortcodes-column wc-shortcodes-content wc-shortcodes-one-third wc-shortcodes-column-first \">\n<figure id=\"attachment_6449\" aria-describedby=\"caption-attachment-6449\" style=\"width: 200px\" class=\"wp-caption alignnone\"><img loading=\"lazy\" decoding=\"async\" src=\"http:\/\/www.arth-online.ch\/svp\/wp-content\/uploads\/sites\/2\/2024\/02\/nr-roman_buergi-200x300.jpg\" alt=\"\" width=\"200\" height=\"300\" class=\"size-medium wp-image-6449\" srcset=\"http:\/\/www.arth-online.ch\/svp\/wp-content\/uploads\/sites\/2\/2024\/02\/nr-roman_buergi-200x300.jpg 200w, http:\/\/www.arth-online.ch\/svp\/wp-content\/uploads\/sites\/2\/2024\/02\/nr-roman_buergi.jpg 400w\" sizes=\"auto, (max-width: 200px) 85vw, 200px\" \/><figcaption id=\"caption-attachment-6449\" class=\"wp-caption-text\">Roman B\u00fcrgi<\/figcaption><\/figure>\n<\/div>\n<div class=\"wc-shortcodes-column wc-shortcodes-content wc-shortcodes-two-third wc-shortcodes-column-last \">\n6415 Goldau<\/p>\n<p>Gesch\u00e4ftsf\u00fchrer <i class=\"fa fa-external-link\" aria-hidden=\"true\"><\/i> <a href=\"https:\/\/www.buergi-grill.ch\">B\u00fcrgi Infra-Grill und K\u00fcchenmaschinen AG<\/a><\/p>\n<p>Seit 2012 Kantonsrat, seit 2015 in der Gesch\u00e4ftsleitung SVP Kanton Schwyz, seit 2020 Pr\u00e4sident SVP Kanton Schwyz, Vorstand SVP Arth-Oberarth-Goldau<\/p>\n<p><strong>Mein Moto:<\/strong> \u00abMehr Unternehmer braucht der Nationalrat!\u00bb\n<\/div>\n<\/div>\n<div style=\"margin-top: 3em;\"><\/div>\n<p><em style=\"background-color:Yellow;\">Siehe auch:<\/em><br \/>\n23.01.2024: <a href=\"https:\/\/www.arth-online.ch\/svp-reicht-5070-unterschriften-gegen-das-bundesasylzentrum-in-goldau-ein\/\">SVP reicht 5\u2019070 Unterschriften gegen das Bundesasylzentrum in Goldau ein<\/a><br \/>\n23.12.2023: <a href=\"https:\/\/www.arth-online.ch\/ende-der-wintersession-wie-wars-fuer-die-neuen-ratsmitglieder\/\">Ende der Wintersession: Wie wars f\u00fcr die neuen Ratsmitglieder?<\/a><br \/>\n24.11.2023: <a href=\"https:\/\/www.arth-online.ch\/svp\/bern-empfang-der-neuen-im-bundeshaus\/\">Bern: Empfang der Neuen im Bundeshaus<\/a><br \/>\n23.10.2023: <a href=\"https:\/\/www.arth-online.ch\/mit-dominik-blunschy-roman-buergi-und-heinz-theiler-kommen-drei-neue-schwyzer-nationalraete-nach-bern\/\">Mit Dominik Blunschy, Roman B\u00fcrgi und Heinz Theiler kommen drei neue Schwyzer Nationalr\u00e4te nach Bern<\/a><br \/>\n11.04.2022: <a href=\"https:\/\/www.arth-online.ch\/svp\/roman-buergi-als-nationalrat-nominiert\/\">Roman B\u00fcrgi als Nationalrat nominiert<\/a><\/p>\n","protected":false},"excerpt":{"rendered":"<p>Roman B\u00fcrgi 6415 Goldau Gesch\u00e4ftsf\u00fchrer B\u00fcrgi Infra-Grill und K\u00fcchenmaschinen AG Seit 2012 Kantonsrat, seit 2015 in der Gesch\u00e4ftsleitung SVP Kanton Schwyz, seit 2020 Pr\u00e4sident SVP Kanton Schwyz, Vorstand SVP Arth-Oberarth-Goldau &hellip; <a href=\"http:\/\/www.arth-online.ch\/svp\/unsere-vertreter\/nationalrat\/\" class=\"more-link\"><span class=\"screen-reader-text\">\u201eNationalrat\u201c <\/span>weiterlesen<\/a><\/p>\n","protected":false},"author":1,"featured_media":0,"parent":2044,"menu_order":0,"comment_status":"closed","ping_status":"closed","template":"","meta":{"ngg_post_thumbnail":0,"footnotes":"","_links_to":"","_links_to_target":""},"class_list":["post-6439","page","type-page","status-publish","hentry"],"distributor_meta":false,"distributor_terms":false,"distributor_media":false,"distributor_original_site_name":"SVP Arth-Oberarth-Goldau","distributor_original_site_url":"http:\/\/www.arth-online.ch\/svp","push-errors":false,"_links":{"self":[{"href":"http:\/\/www.arth-online.ch\/svp\/wp-json\/wp\/v2\/pages\/6439","targetHints":{"allow":["GET"]}}],"collection":[{"href":"http:\/\/www.arth-online.ch\/svp\/wp-json\/wp\/v2\/pages"}],"about":[{"href":"http:\/\/www.arth-online.ch\/svp\/wp-json\/wp\/v2\/types\/page"}],"author":[{"embeddable":true,"href":"http:\/\/www.arth-online.ch\/svp\/wp-json\/wp\/v2\/users\/1"}],"replies":[{"embeddable":true,"href":"http:\/\/www.arth-online.ch\/svp\/wp-json\/wp\/v2\/comments?post=6439"}],"version-history":[{"count":9,"href":"http:\/\/www.arth-online.ch\/svp\/wp-json\/wp\/v2\/pages\/6439\/revisions"}],"predecessor-version":[{"id":6460,"href":"http:\/\/www.arth-online.ch\/svp\/wp-json\/wp\/v2\/pages\/6439\/revisions\/6460"}],"up":[{"embeddable":true,"href":"http:\/\/www.arth-online.ch\/svp\/wp-json\/wp\/v2\/pages\/2044"}],"wp:attachment":[{"href":"http:\/\/www.arth-online.ch\/svp\/wp-json\/wp\/v2\/media?parent=6439"}],"curies":[{"name":"wp","href":"https:\/\/api.w.org\/{rel}","templated":true}]}}