{"id":4311,"date":"2022-02-05T21:24:15","date_gmt":"2022-02-05T20:24:15","guid":{"rendered":"https:\/\/www.arth-online.ch\/svp\/?page_id=4311"},"modified":"2022-04-25T22:12:57","modified_gmt":"2022-04-25T20:12:57","slug":"abstimmung-15-mai-2022","status":"publish","type":"page","link":"http:\/\/www.arth-online.ch\/svp\/abstimmungen\/abstimmungen-2022\/abstimmung-15-mai-2022\/","title":{"rendered":"Abstimmung 15. Mai 2022"},"content":{"rendered":"<h2>Bund<\/h2>\n<ul>\n<li><strong style=\"background-color:red;color:white;\">NEIN<\/strong> zur \u00c4nderung vom 1. Oktober 2021 des Bundesgesetzes \u00fcber Filmproduktion und Filmkultur (Filmgesetz, FiG) (BBl 2021 2326);<br \/>\n<img loading=\"lazy\" decoding=\"async\" src=\"http:\/\/www.arth-online.ch\/svp\/wp-content\/uploads\/sites\/2\/2022\/04\/logo_filmgesetznein.jpg\" alt=\"\" width=\"320\" height=\"362\" class=\"alignnone size-full wp-image-4465\" srcset=\"http:\/\/www.arth-online.ch\/svp\/wp-content\/uploads\/sites\/2\/2022\/04\/logo_filmgesetznein.jpg 320w, http:\/\/www.arth-online.ch\/svp\/wp-content\/uploads\/sites\/2\/2022\/04\/logo_filmgesetznein-265x300.jpg 265w\" sizes=\"auto, (max-width: 320px) 85vw, 320px\" \/><\/p>\n<div class=\"bx-white\">Bereits heute wird das heimische Filmschaffen j\u00e4hrlich mit 130 Mio. aus Steuern und Geb\u00fchren gest\u00fctzt. Jetzt erhofft sich die Branche \u2013 je nach Quelle \u2013 noch weitere 18 \u2013 30 Mio. pro Jahr aus der \u201eLex Netflix\u201c. Aus Sicht der Konsumenten ist das eine unn\u00f6tige Bevormundung.<\/div>\n<\/li>\n<li><strong style=\"background-color:red;color:white;\">NEIN<\/strong> zur \u00c4nderung vom 1. Oktober 2021 des Bundesgesetzes \u00fcber die Transplantation von Organen, Geweben und Zellen (Transplantationsgesetz) (BBl 2021 2328);<br \/>\n<img loading=\"lazy\" decoding=\"async\" src=\"http:\/\/www.arth-online.ch\/svp\/wp-content\/uploads\/sites\/2\/2022\/04\/logo_organspende-nur-mit-zustimmung.jpg\" alt=\"\" width=\"426\" height=\"158\" class=\"alignnone size-full wp-image-4467\" srcset=\"http:\/\/www.arth-online.ch\/svp\/wp-content\/uploads\/sites\/2\/2022\/04\/logo_organspende-nur-mit-zustimmung.jpg 851w, http:\/\/www.arth-online.ch\/svp\/wp-content\/uploads\/sites\/2\/2022\/04\/logo_organspende-nur-mit-zustimmung-300x111.jpg 300w, http:\/\/www.arth-online.ch\/svp\/wp-content\/uploads\/sites\/2\/2022\/04\/logo_organspende-nur-mit-zustimmung-768x284.jpg 768w\" sizes=\"auto, (max-width: 426px) 85vw, 426px\" \/><\/p>\n<div class=\"bx-white\">Die sogenannte Widerspruchsl\u00f6sung bei der Organspende, welche jeden B\u00fcrger automatisch zum Organspender machen will \u2013 es sei denn, man erkl\u00e4rt, dass man das nicht m\u00f6chte \u2013 ist aus freiheitlichen Gr\u00fcnden abzulehnen. Wenn nicht mehr das proaktive Einverst\u00e4ndnis gefordert ist, laufen wir Gefahr, das Recht auf Selbstbestimmung und k\u00f6rperliche Unversehrtheit aufzugeben.<\/div>\n<\/li>\n<li><strong style=\"background-color:green;color:white;\">JA<\/strong> zum Bundesbeschluss vom 1. Oktober 2021 \u00fcber die Genehmigung und die Umsetzung des Notenaustausches zwischen der Schweiz und der EU betreffend die \u00dcbernahme der Verordnung (EU) 2019\/1896 \u00fcber die Europ\u00e4ische Grenz- und K\u00fcstenwache und zur Aufhebung der Verordnungen (EU) Nr. 1052\/2013 und (EU) 2016\/1624 (Weiterentwicklung des Schengen-Besitzstands) (BBl 2021 2333).\n<div class=\"bx-white\">Der Ausstieg aus dem Frontex- Abkommen h\u00e4tte lange Wartezeiten und Staus an den Grenz\u00fcberg\u00e4ngen zur Folge und auch die wirtschaftlichen Folgen w\u00e4ren weitreichend. Deshalb empfehlen wir, trotz Vorbehalten, die JA-Parole.<\/div>\n<\/li>\n<\/ul>\n<h2>Gemeinde<\/h2>\n<ul>\n<li><strong style=\"background-color:green;color:white;\">JA<\/strong> zum Teilzonenplan Centralstrasse, Goldau<br \/>\n<i class=\"fa fa-file-pdf-o\" aria-hidden=\"true\"><\/i> <a href=\"http:\/\/www.arth-online.ch\/svp\/wp-content\/uploads\/sites\/2\/2022\/04\/7_teilzonenplan_centralstrasse_goldau.pdf\">Trakdandum 7<\/a> zur Gemeindeversammlung vom 20. April 2022<\/p>\n<div class=\"bx-white\">Im bereits \u00fcberbauten Gebiet an prominenter Lage beim Bahnhof Arth-Goldau ist die Innenentwicklung der betroffenen Parzellen an der Centralstrasse sinnvoll. Die n\u00f6tige Infrastruktur f\u00fcr die Erschliessung des Bauzonengebietes ist bereits vorhanden. Wir empfehlen die JA\u2013Parole zur geplanten Umzonung.<\/p>\n<\/div>\n<\/li>\n<li><strong style=\"background-color:red;color:white;\">NEIN<\/strong> zur Verwaltungsreform 2022 &#8211; Genehmigung der \u00c4nderung der Personal- und Besoldungsverordnung (PBVO)<br \/>\n<i class=\"fa fa-file-pdf-o\" aria-hidden=\"true\"><\/i> <a href=\"http:\/\/www.arth-online.ch\/svp\/wp-content\/uploads\/sites\/2\/2022\/04\/8_verwaltungsreform_2022.pdf\">Trakdandum 8<\/a> zur Gemeindeversammlung vom 20. April 2022<\/p>\n<div class=\"bx-white\">Die SVP hat sich bereits letztes Jahr bei zwei Vernehmlassungen kritisch gegen\u00fcber der neuen Einsetzung einer Verwaltungsleitung ge\u00e4ussert. In seiner Abstimmungsempfehlung f\u00fchrt der Gemeinderat an, dass die Einf\u00fchrung des Verwaltungsleitungsmodells zu einer verbesserten Effizienz in der Gemeindeverwaltung f\u00fchre, gleichzeitig soll sie den Gemeinderat zeitlich entlasten und dabei keine finanziellen nachteilige Auswirkungen zu erwarten seien. Neu w\u00fcrde der Gemeindeschreiber, also der Verwaltungsleiter, die Abteilungsleiter personell und administrativ f\u00fchren. Die Verwaltungsleitung, bestehend aus den Abteilungsleitern und dem Gemeindeschreiber als Vorsteher w\u00e4re f\u00fcr fachliche und operative F\u00fchrungsaufgaben zust\u00e4ndig. Aktuell ist der jeweilige Gemeinderat zust\u00e4ndig und w\u00fcrde diese Verantwortung der Verwaltung \u00fcbertragen und k\u00f6nnte somit zeitlich entlastet werden. Hier vertritt die SVP die Meinung, wer sich als Gemeinderat von der Bev\u00f6lkerung w\u00e4hlen l\u00e4sst, sollte sich bewusst sein, wie gross sein Engagement in diesem Amt sein wird. Eine Verwaltung die sich selbst verwaltet und dabei auch noch effizienter arbeitet und dies ohne zus\u00e4tzliche personelle Aufstockung \u2013 ist schlicht Wunschdenken. Gemeinder\u00e4te kennen die Anliegen der Bev\u00f6lkerung besser als eine Verwaltungsleitung, zumal aktuell nur zwei Abteilungsleiter in der Gemeinde Arth wohnen und verwurzelt sind.<\/div>\n<\/li>\n<\/ul>\n","protected":false},"excerpt":{"rendered":"<p>Bund NEIN zur \u00c4nderung vom 1. Oktober 2021 des Bundesgesetzes \u00fcber Filmproduktion und Filmkultur (Filmgesetz, FiG) (BBl 2021 2326); Bereits heute wird das heimische Filmschaffen j\u00e4hrlich mit 130 Mio. aus &hellip; <a href=\"http:\/\/www.arth-online.ch\/svp\/abstimmungen\/abstimmungen-2022\/abstimmung-15-mai-2022\/\" class=\"more-link\"><span class=\"screen-reader-text\">\u201eAbstimmung 15. Mai 2022\u201c <\/span>weiterlesen<\/a><\/p>\n","protected":false},"author":1,"featured_media":0,"parent":4263,"menu_order":0,"comment_status":"closed","ping_status":"closed","template":"","meta":{"ngg_post_thumbnail":0,"footnotes":"","_links_to":"","_links_to_target":""},"class_list":["post-4311","page","type-page","status-publish","hentry"],"distributor_meta":false,"distributor_terms":false,"distributor_media":false,"distributor_original_site_name":"SVP Arth-Oberarth-Goldau","distributor_original_site_url":"http:\/\/www.arth-online.ch\/svp","push-errors":false,"_links":{"self":[{"href":"http:\/\/www.arth-online.ch\/svp\/wp-json\/wp\/v2\/pages\/4311","targetHints":{"allow":["GET"]}}],"collection":[{"href":"http:\/\/www.arth-online.ch\/svp\/wp-json\/wp\/v2\/pages"}],"about":[{"href":"http:\/\/www.arth-online.ch\/svp\/wp-json\/wp\/v2\/types\/page"}],"author":[{"embeddable":true,"href":"http:\/\/www.arth-online.ch\/svp\/wp-json\/wp\/v2\/users\/1"}],"replies":[{"embeddable":true,"href":"http:\/\/www.arth-online.ch\/svp\/wp-json\/wp\/v2\/comments?post=4311"}],"version-history":[{"count":13,"href":"http:\/\/www.arth-online.ch\/svp\/wp-json\/wp\/v2\/pages\/4311\/revisions"}],"predecessor-version":[{"id":4513,"href":"http:\/\/www.arth-online.ch\/svp\/wp-json\/wp\/v2\/pages\/4311\/revisions\/4513"}],"up":[{"embeddable":true,"href":"http:\/\/www.arth-online.ch\/svp\/wp-json\/wp\/v2\/pages\/4263"}],"wp:attachment":[{"href":"http:\/\/www.arth-online.ch\/svp\/wp-json\/wp\/v2\/media?parent=4311"}],"curies":[{"name":"wp","href":"https:\/\/api.w.org\/{rel}","templated":true}]}}