{"id":3094,"date":"2020-06-09T12:34:43","date_gmt":"2020-06-09T10:34:43","guid":{"rendered":"http:\/\/www.arth-online.ch\/svp\/?page_id=3094"},"modified":"2024-02-28T14:51:52","modified_gmt":"2024-02-28T13:51:52","slug":"ehemalige-gemeinderaete","status":"publish","type":"page","link":"http:\/\/www.arth-online.ch\/svp\/unsere-vertreter\/gemeinderat\/ehemalige-gemeinderaete\/","title":{"rendered":"Ehemalige Gemeinder\u00e4te"},"content":{"rendered":"<h2>Matthias Annen, 1987, Ressort Freizeit<\/h2>\n<div class=\"wc-shortcodes-row wc-shortcodes-item wc-shortcodes-clearfix\">\n<div class=\"wc-shortcodes-column wc-shortcodes-content wc-shortcodes-one-third wc-shortcodes-column-first \">\n<figure id=\"attachment_227\" aria-describedby=\"caption-attachment-227\" style=\"width: 200px\" class=\"wp-caption alignleft\"><a href=\"http:\/\/www.arth-online.ch\/svp\/wp-content\/uploads\/sites\/2\/2015\/10\/annen_matthias_gr-wahlen_2014-512px.jpg\"><img loading=\"lazy\" decoding=\"async\" class=\"size-medium wp-image-227\" src=\"http:\/\/www.arth-online.ch\/svp\/wp-content\/uploads\/sites\/2\/2015\/10\/annen_matthias_gr-wahlen_2014-512px-200x300.jpg\" alt=\"Matthias Annen\" width=\"200\" height=\"300\" \/><\/a><figcaption id=\"caption-attachment-227\" class=\"wp-caption-text\">Matthias Annen<\/figcaption><\/figure>\n<\/div>\n<div class=\"wc-shortcodes-column wc-shortcodes-content wc-shortcodes-two-third wc-shortcodes-column-last \">\n6410 Goldau, ledig, Zimmermann<\/p>\n<p>Besuch der Primar- und Sekundarschulen in Goldau und Oberarth Abgeschlossene Ausbildungen als Elektromonteur, Zimmermann und ab Juli als Landwirt.<\/p>\n<p>Mitglied im Schwingerverband am Rigi, Greiflerverein Goldau, Feuerwehr Gemeinde Arth, Landjugend Rigi. OK-Pr\u00e4sident Rothenfluhschwingfest Oberarth.<\/p><\/div>\n<\/div>\n<h2>Martin Inderbitzin, 1982, Ressort Infrastruktur-Werke<\/h2>\n<div class=\"wc-shortcodes-row wc-shortcodes-item wc-shortcodes-clearfix\">\n<div class=\"wc-shortcodes-column wc-shortcodes-content wc-shortcodes-one-third wc-shortcodes-column-first \">\n<figure id=\"attachment_228\" aria-describedby=\"caption-attachment-228\" style=\"width: 200px\" class=\"wp-caption alignleft\"><a href=\"http:\/\/www.arth-online.ch\/svp\/wp-content\/uploads\/sites\/2\/2015\/10\/inderbitzin_martin_gr-wahlen_2014-512px.jpg\"><img loading=\"lazy\" decoding=\"async\" class=\"size-medium wp-image-228\" src=\"http:\/\/www.arth-online.ch\/svp\/wp-content\/uploads\/sites\/2\/2015\/10\/inderbitzin_martin_gr-wahlen_2014-512px-200x300.jpg\" alt=\"Martin Inderbitzin\" width=\"200\" height=\"300\" \/><\/a><figcaption id=\"caption-attachment-228\" class=\"wp-caption-text\">Martin Inderbitzin<\/figcaption><\/figure>\n<\/div>\n<div class=\"wc-shortcodes-column wc-shortcodes-content wc-shortcodes-two-third wc-shortcodes-column-last \">\n6415, Arth, verheiratet, Unternehmer<\/p>\n<p>Die Schulen in Arth und Oberarth besucht. Ausbildung als Heizungs- und Sanit\u00e4rinstallateur, Handelsdiplom. Seit 2003 selbst\u00e4ndigerwerbend. 2010 Gr\u00fcndung der eigenen Firma Inderbitzin GmbH in Oberarth im Bereich Haustechnik.<\/p>\n<p>Mitglied Schwingerverband am Rigi, Vizepr\u00e4sident SVP Arth-Oberarth-Goldau. 2008 bis 2012 Kantonsrat als Mitglied der kantonsr\u00e4tlichen Kommission Bauten, Strassen und Anlagen.\n<\/p><\/div>\n<\/div>\n<h2>Franz Schuler<\/h2>\n<h2>Peter F\u00f6hn<\/h2>\n","protected":false},"excerpt":{"rendered":"<p>Matthias Annen, 1987, Ressort Freizeit 6410 Goldau, ledig, Zimmermann Besuch der Primar- und Sekundarschulen in Goldau und Oberarth Abgeschlossene Ausbildungen als Elektromonteur, Zimmermann und ab Juli als Landwirt. Mitglied im &hellip; <a href=\"http:\/\/www.arth-online.ch\/svp\/unsere-vertreter\/gemeinderat\/ehemalige-gemeinderaete\/\" class=\"more-link\"><span class=\"screen-reader-text\">\u201eEhemalige Gemeinder\u00e4te\u201c <\/span>weiterlesen<\/a><\/p>\n","protected":false},"author":1,"featured_media":0,"parent":2042,"menu_order":0,"comment_status":"closed","ping_status":"closed","template":"","meta":{"ngg_post_thumbnail":0,"footnotes":"","_links_to":"","_links_to_target":""},"class_list":["post-3094","page","type-page","status-publish","hentry"],"distributor_meta":false,"distributor_terms":false,"distributor_media":false,"distributor_original_site_name":"SVP Arth-Oberarth-Goldau","distributor_original_site_url":"http:\/\/www.arth-online.ch\/svp","push-errors":false,"_links":{"self":[{"href":"http:\/\/www.arth-online.ch\/svp\/wp-json\/wp\/v2\/pages\/3094","targetHints":{"allow":["GET"]}}],"collection":[{"href":"http:\/\/www.arth-online.ch\/svp\/wp-json\/wp\/v2\/pages"}],"about":[{"href":"http:\/\/www.arth-online.ch\/svp\/wp-json\/wp\/v2\/types\/page"}],"author":[{"embeddable":true,"href":"http:\/\/www.arth-online.ch\/svp\/wp-json\/wp\/v2\/users\/1"}],"replies":[{"embeddable":true,"href":"http:\/\/www.arth-online.ch\/svp\/wp-json\/wp\/v2\/comments?post=3094"}],"version-history":[{"count":3,"href":"http:\/\/www.arth-online.ch\/svp\/wp-json\/wp\/v2\/pages\/3094\/revisions"}],"predecessor-version":[{"id":6448,"href":"http:\/\/www.arth-online.ch\/svp\/wp-json\/wp\/v2\/pages\/3094\/revisions\/6448"}],"up":[{"embeddable":true,"href":"http:\/\/www.arth-online.ch\/svp\/wp-json\/wp\/v2\/pages\/2042"}],"wp:attachment":[{"href":"http:\/\/www.arth-online.ch\/svp\/wp-json\/wp\/v2\/media?parent=3094"}],"curies":[{"name":"wp","href":"https:\/\/api.w.org\/{rel}","templated":true}]}}