{"id":3077,"date":"2020-06-09T10:47:32","date_gmt":"2020-06-09T08:47:32","guid":{"rendered":"http:\/\/www.arth-online.ch\/svp\/?page_id=3077"},"modified":"2024-02-29T16:47:21","modified_gmt":"2024-02-29T15:47:21","slug":"ehemalige-kantonsraete","status":"publish","type":"page","link":"http:\/\/www.arth-online.ch\/svp\/unsere-vertreter\/kantonsrat\/ehemalige-kantonsraete\/","title":{"rendered":"Ehemalige Kantonsr\u00e4te"},"content":{"rendered":"<h2>Roman B\u00fcrgi (2012-2023)<\/h2>\n<p><a href=\"http:\/\/www.arth-online.ch\/svp\/wp-content\/uploads\/sites\/2\/2015\/10\/kr-buergi_roman_2012.jpg\"><img loading=\"lazy\" decoding=\"async\" src=\"http:\/\/www.arth-online.ch\/svp\/wp-content\/uploads\/sites\/2\/2015\/10\/kr-buergi_roman_2012-225x300.jpg\" alt=\"kr-buergi_roman_2012\" width=\"225\" height=\"300\" class=\"alignleft size-medium wp-image-283\" srcset=\"http:\/\/www.arth-online.ch\/svp\/wp-content\/uploads\/sites\/2\/2015\/10\/kr-buergi_roman_2012-225x300.jpg 225w, http:\/\/www.arth-online.ch\/svp\/wp-content\/uploads\/sites\/2\/2015\/10\/kr-buergi_roman_2012.jpg 600w\" sizes=\"auto, (max-width: 225px) 85vw, 225px\" \/><\/a>10.01.1969<br \/>\nSch\u00f6neggweg 30a<br \/>\n6410 Goldau<br \/>\nverheiratet<br \/>\n1 Tochter<\/p>\n<p>Aufgewachsen in Goldau. Schulen in Goldau und Oberarth. Ausbildung als Carrosserie-Spengler. Absolvent Betriebsfachschule Luzern. Gesch\u00e4ftsf\u00fchrer der B\u00fcrgi-Infra-Grill und K\u00fcchenmaschinen AG. Mehrfacher Schweizermeister im Ringen. Seit 2000 Pr\u00e4sident der Ringerriege Brunnen. Doppellizenzkommission Swiss Wrestling. OK-Pr\u00e4sident mehrerer Schweizermeisterschaften im Ringen.<\/p>\n<p>Meine Zielsetzungen als Kantonsrat: \u201eAls Unternehmer sind f\u00fcr mich attraktive Rahmenbedingungen f\u00fcr Klein- und Mittelbetriebe wichtig. Erhaltung und Schaffung von Arbeitspl\u00e4tzen. F\u00fcr jeden Jugendlichen eine Ausbildungsm\u00f6glichkeit und somit sozialer Friede unter den Mitb\u00fcrgern. Mehr Freiheit \u2013 weniger Staat. Die Auffassung \u201eFreiheit, Toleranz und freie Marktwirtschaft\u201c umschreiben meine Anschauung. Unter Freiheit meine ich nicht schrankenloses Tun und Treiben, jedoch die n\u00f6tige Selbstverantwortung jedes B\u00fcrgers. Nicht alles soll der Staat bis ins letzte Detail normieren. Eine auf die Schweiz zugeschnittene Ausl\u00e4nderpolitik, statt schrankenlose Zuwanderung. Es darf nicht sein, dass tausende ausl\u00e4ndische Arbeitnehmer in unser Land einreisen um zu arbeiten, dabei Schweizer Arbeitnehmer ihre Jobs verlieren. An erster Stelle kommt das eigene Volk.\u201c<\/p>\n<h2>Paul Fischlin (2004-2020)<\/h2>\n<h2>Roland Urech (2000-2012)<\/h2>\n<p><img loading=\"lazy\" decoding=\"async\" src=\"http:\/\/www.arth-online.ch\/svp\/wp-content\/uploads\/sites\/2\/2008\/01\/SVPUrech.jpg\" alt=\"\" width=\"256\" height=\"384\" class=\"alignleft size-full wp-image-182\" srcset=\"http:\/\/www.arth-online.ch\/svp\/wp-content\/uploads\/sites\/2\/2008\/01\/SVPUrech.jpg 256w, http:\/\/www.arth-online.ch\/svp\/wp-content\/uploads\/sites\/2\/2008\/01\/SVPUrech-200x300.jpg 200w\" sizes=\"auto, (max-width: 256px) 85vw, 256px\" \/>01.01.1959<br \/>\nBergstrasse 38<br \/>\n6410 Goldau<br \/>\nverheiratet<\/p>\n<p>16 Jahre Bankerfahrung und langj\u00e4hriger Bankleiter der Raiffeisenbank Arth-Goldau. Weiterbildung im Versicherungs- und Anlagebereich. Seit 2001 eigenes Gesch\u00e4ft mit seiner Frau im Gastrobereich. Seit 2000 Kantonsrat. Seit 2000 bis 27. Februar 2004 Pr\u00e4sident der SVP-Ortspartei. Seit Anfang 2002 bis Mitte 2004 Mitglied in der Staatswirtschaftskommission des Kantons Schwyz, Delegationsleiter f\u00fcr die Departemente Milit\u00e4r- und Polizei sowie Justiz. Mitglied in diversen Spezialkommissionen im Kantonsrat. 2005 Pr\u00e4sident der kantonsr\u00e4tlichen Kommission f\u00fcr die Teilrevision des Steuergesetzes. 2010 Pr\u00e4sident der kantonsr\u00e4tlichen Kommission f\u00fcr die Totalrevision des Gastgewerbegesetzes. Pr\u00e4sident der Kommission Finanzen, Steuern und Gemeinden innerhalb der Kantonalpartei.<\/p>\n<p><strong>Meine Zielsetzung als Kantonsrat:<\/strong> \u201eEin spezielles Augenmerk im Kantonsrat auf die Staatsfinanzen, damit anstelle der Ausgaben\u00fcbersch\u00fcsse wieder eine ausgeglichene Staatsrechnung erreicht wird. Wenn die Finanzen stimmen, dann kann sich der Kanton den Ausbau der Infrastruktur leisten. Der Kanton Schwyz muss national wie international attraktiv bleiben, damit sich neue Unternehmen im Kanton niederlassen. Neue Arbeitspl\u00e4tze und h\u00f6here Steuerertr\u00e4ge sollen damit geschaffen werden. Mit dem Zuzug von Unternehmen und mit einer gr\u00f6sseren Wohnbev\u00f6lkerung darf die intakte Landschaft, welche der Kanton Schwyz noch bietet, nicht vergessen werden.\u201c <\/p>\n<h2>Martin Inderbitzin (2008-2012)<\/h2>\n<p><img loading=\"lazy\" decoding=\"async\" src=\"http:\/\/www.arth-online.ch\/svp\/wp-content\/uploads\/sites\/2\/2008\/01\/SVPInderbitzinMartin-1.jpg\" alt=\"\" width=\"256\" height=\"384\" class=\"alignleft size-full wp-image-523\" srcset=\"http:\/\/www.arth-online.ch\/svp\/wp-content\/uploads\/sites\/2\/2008\/01\/SVPInderbitzinMartin-1.jpg 256w, http:\/\/www.arth-online.ch\/svp\/wp-content\/uploads\/sites\/2\/2008\/01\/SVPInderbitzinMartin-1-200x300.jpg 200w\" sizes=\"auto, (max-width: 256px) 85vw, 256px\" \/>geb. 24.4.1982<br \/>\nBr\u00e4pfet<br \/>\n6415 Arth<br \/>\nledig<\/p>\n<p>Die Schulen in Arth und Oberarth besucht. Ausbildung als Heizungs- und Sanit\u00e4rmonteur, Handelsdiplom. Gr\u00fcndete 2003 mit seinem Kompagnon eigene GmbH in der Heizungsbranche. Bildet im Betrieb bereits zwei Lehrlinge aus.<\/p>\n<p><strong>Meine Zielsetzung als Kantonsrat:<\/strong> \u201eDer Kanton Schwyz muss seine Attraktivit\u00e4t steigern und seinen Wirtschaftlichen Stand halten. Ich bin f\u00fcr die Schaffung von Ausbildungspl\u00e4tzen in den KMU, denn nur mit gut ausgebildeten Jugendlichen k\u00f6nnen wir die gute Schweizer Qualit\u00e4t erhalten. Immer mehr gesetzliche Vorschriften und Abgaben schaden den B\u00fcrgern sowie den KMU in der wirtschaftlichen Entwicklung. Auch in der Schwyzer Energiepolitik ist es m\u00f6glich den Wald und andere alternative Energien zu f\u00f6rdern um so weitere Arbeitspl\u00e4tze zu schaffen. Ich bin f\u00fcr die Integration von Ausl\u00e4ndern jedoch gegen Asyl- und Sozialmissbrauch sowie die Ausmelkung des hart arbeitenden B\u00fcrgers.\u201c<\/p>\n<h2>Zeno Kenel (1996-2004)<\/h2>\n","protected":false},"excerpt":{"rendered":"<p>Roman B\u00fcrgi (2012-2023) 10.01.1969 Sch\u00f6neggweg 30a 6410 Goldau verheiratet 1 Tochter Aufgewachsen in Goldau. Schulen in Goldau und Oberarth. Ausbildung als Carrosserie-Spengler. Absolvent Betriebsfachschule Luzern. Gesch\u00e4ftsf\u00fchrer der B\u00fcrgi-Infra-Grill und K\u00fcchenmaschinen &hellip; <a href=\"http:\/\/www.arth-online.ch\/svp\/unsere-vertreter\/kantonsrat\/ehemalige-kantonsraete\/\" class=\"more-link\"><span class=\"screen-reader-text\">\u201eEhemalige Kantonsr\u00e4te\u201c <\/span>weiterlesen<\/a><\/p>\n","protected":false},"author":1,"featured_media":0,"parent":2040,"menu_order":0,"comment_status":"closed","ping_status":"closed","template":"","meta":{"ngg_post_thumbnail":0,"footnotes":"","_links_to":"","_links_to_target":""},"class_list":["post-3077","page","type-page","status-publish","hentry"],"distributor_meta":false,"distributor_terms":false,"distributor_media":false,"distributor_original_site_name":"SVP Arth-Oberarth-Goldau","distributor_original_site_url":"http:\/\/www.arth-online.ch\/svp","push-errors":false,"_links":{"self":[{"href":"http:\/\/www.arth-online.ch\/svp\/wp-json\/wp\/v2\/pages\/3077","targetHints":{"allow":["GET"]}}],"collection":[{"href":"http:\/\/www.arth-online.ch\/svp\/wp-json\/wp\/v2\/pages"}],"about":[{"href":"http:\/\/www.arth-online.ch\/svp\/wp-json\/wp\/v2\/types\/page"}],"author":[{"embeddable":true,"href":"http:\/\/www.arth-online.ch\/svp\/wp-json\/wp\/v2\/users\/1"}],"replies":[{"embeddable":true,"href":"http:\/\/www.arth-online.ch\/svp\/wp-json\/wp\/v2\/comments?post=3077"}],"version-history":[{"count":21,"href":"http:\/\/www.arth-online.ch\/svp\/wp-json\/wp\/v2\/pages\/3077\/revisions"}],"predecessor-version":[{"id":6463,"href":"http:\/\/www.arth-online.ch\/svp\/wp-json\/wp\/v2\/pages\/3077\/revisions\/6463"}],"up":[{"embeddable":true,"href":"http:\/\/www.arth-online.ch\/svp\/wp-json\/wp\/v2\/pages\/2040"}],"wp:attachment":[{"href":"http:\/\/www.arth-online.ch\/svp\/wp-json\/wp\/v2\/media?parent=3077"}],"curies":[{"name":"wp","href":"https:\/\/api.w.org\/{rel}","templated":true}]}}