{"id":3003,"date":"2020-04-16T17:31:23","date_gmt":"2020-04-16T15:31:23","guid":{"rendered":"http:\/\/www.arth-online.ch\/svp\/?page_id=3003"},"modified":"2020-04-16T20:05:40","modified_gmt":"2020-04-16T18:05:40","slug":"andreas-jost","status":"publish","type":"page","link":"http:\/\/www.arth-online.ch\/svp\/wahlen\/wahlen-2020\/wahlen-17-mai-2020\/andreas-jost\/","title":{"rendered":"Andreas Jost"},"content":{"rendered":"<h2>Rechnungspr\u00fcfungskommission (bisher)<\/h2>\n<p><img loading=\"lazy\" decoding=\"async\" src=\"http:\/\/www.arth-online.ch\/svp\/wp-content\/uploads\/sites\/2\/2020\/04\/rpk20-jost_andreas-684x1024.jpg\" alt=\"\" width=\"684\" height=\"1024\" class=\"alignnone size-large wp-image-3006\" srcset=\"http:\/\/www.arth-online.ch\/svp\/wp-content\/uploads\/sites\/2\/2020\/04\/rpk20-jost_andreas-684x1024.jpg 684w, http:\/\/www.arth-online.ch\/svp\/wp-content\/uploads\/sites\/2\/2020\/04\/rpk20-jost_andreas-200x300.jpg 200w, http:\/\/www.arth-online.ch\/svp\/wp-content\/uploads\/sites\/2\/2020\/04\/rpk20-jost_andreas-768x1151.jpg 768w, http:\/\/www.arth-online.ch\/svp\/wp-content\/uploads\/sites\/2\/2020\/04\/rpk20-jost_andreas-1025x1536.jpg 1025w, http:\/\/www.arth-online.ch\/svp\/wp-content\/uploads\/sites\/2\/2020\/04\/rpk20-jost_andreas-1367x2048.jpg 1367w, http:\/\/www.arth-online.ch\/svp\/wp-content\/uploads\/sites\/2\/2020\/04\/rpk20-jost_andreas-1200x1798.jpg 1200w, http:\/\/www.arth-online.ch\/svp\/wp-content\/uploads\/sites\/2\/2020\/04\/rpk20-jost_andreas-scaled.jpg 1709w\" sizes=\"auto, (max-width: 684px) 85vw, 684px\" \/><\/p>\n<p><em>Geboren 1970, Oberarth, verheiratet, 3 S\u00f6hne, Bankangesteller<\/em><\/p>\n<p>Ausbildung in Bern und Z\u00fcrich absolviert.<br \/>\nKaufm. Lehre bei einer Treuhand-Unternehmung.<br \/>\nWeiterbildung: Betriebs\u00f6konom HWV an der Fachhochschule f\u00fcr Wirtschaft in Bern.<\/p>\n<p>\u00dcber 27 Jahre Erfahrung im Finanzbereich (Anlageberatung\/Verm\u00f6gensverwaltung), davon 18 Jahre bei einer Grossbank und seit rund 9 Jahren bei einer Privatbank.<\/p>\n<p>2016 \u2013 heute Rechnungspr\u00fcfungskommission Gemeinde Arth.<\/p>\n<p>Mitglied Pistolensch\u00fctzen am Rigi (Rechnungsrevisor), Vorstandsmitglied SVP Arth-Oberarth-Goldau.<\/p>\n","protected":false},"excerpt":{"rendered":"<p>Rechnungspr\u00fcfungskommission (bisher) Geboren 1970, Oberarth, verheiratet, 3 S\u00f6hne, Bankangesteller Ausbildung in Bern und Z\u00fcrich absolviert. Kaufm. Lehre bei einer Treuhand-Unternehmung. Weiterbildung: Betriebs\u00f6konom HWV an der Fachhochschule f\u00fcr Wirtschaft in Bern. &hellip; <a href=\"http:\/\/www.arth-online.ch\/svp\/wahlen\/wahlen-2020\/wahlen-17-mai-2020\/andreas-jost\/\" class=\"more-link\"><span class=\"screen-reader-text\">\u201eAndreas Jost\u201c <\/span>weiterlesen<\/a><\/p>\n","protected":false},"author":1,"featured_media":0,"parent":2636,"menu_order":0,"comment_status":"closed","ping_status":"closed","template":"","meta":{"ngg_post_thumbnail":0,"footnotes":"","_links_to":"","_links_to_target":""},"class_list":["post-3003","page","type-page","status-publish","hentry"],"distributor_meta":false,"distributor_terms":false,"distributor_media":false,"distributor_original_site_name":"SVP Arth-Oberarth-Goldau","distributor_original_site_url":"http:\/\/www.arth-online.ch\/svp","push-errors":false,"_links":{"self":[{"href":"http:\/\/www.arth-online.ch\/svp\/wp-json\/wp\/v2\/pages\/3003","targetHints":{"allow":["GET"]}}],"collection":[{"href":"http:\/\/www.arth-online.ch\/svp\/wp-json\/wp\/v2\/pages"}],"about":[{"href":"http:\/\/www.arth-online.ch\/svp\/wp-json\/wp\/v2\/types\/page"}],"author":[{"embeddable":true,"href":"http:\/\/www.arth-online.ch\/svp\/wp-json\/wp\/v2\/users\/1"}],"replies":[{"embeddable":true,"href":"http:\/\/www.arth-online.ch\/svp\/wp-json\/wp\/v2\/comments?post=3003"}],"version-history":[{"count":6,"href":"http:\/\/www.arth-online.ch\/svp\/wp-json\/wp\/v2\/pages\/3003\/revisions"}],"predecessor-version":[{"id":3013,"href":"http:\/\/www.arth-online.ch\/svp\/wp-json\/wp\/v2\/pages\/3003\/revisions\/3013"}],"up":[{"embeddable":true,"href":"http:\/\/www.arth-online.ch\/svp\/wp-json\/wp\/v2\/pages\/2636"}],"wp:attachment":[{"href":"http:\/\/www.arth-online.ch\/svp\/wp-json\/wp\/v2\/media?parent=3003"}],"curies":[{"name":"wp","href":"https:\/\/api.w.org\/{rel}","templated":true}]}}