{"id":2489,"date":"2019-11-24T17:18:20","date_gmt":"2019-11-24T16:18:20","guid":{"rendered":"http:\/\/www.arth-online.ch\/svp\/?page_id=2489"},"modified":"2020-02-09T13:16:52","modified_gmt":"2020-02-09T12:16:52","slug":"abstimmung-9-februar-2020","status":"publish","type":"page","link":"http:\/\/www.arth-online.ch\/svp\/abstimmungen\/abstimmungen-2020\/abstimmung-9-februar-2020\/","title":{"rendered":"Abstimmung 9. Februar 2020"},"content":{"rendered":"<h2>Bund<\/h2>\n<ol>\n<li><strong style=\"color:red;\">NEIN<\/strong> zur Volksinitiative vom 18. Oktober 2016 \u00abMehr bezahlbare Wohnungen\u00bb (BBI 2019 2583);<\/li>\n<li><strong style=\"color:red;\">NEIN<\/strong> zur \u00c4nderung vom 14. Dezember 2018 des Strafgesetzbuches und des Milit\u00e4rstrafgesetzes (Diskriminierung und Aufruf zu Hass aufgrund der sexuellen Orientierung) (BBI 2018 7861).<\/li>\n<\/ol>\n<h2>Gemeinde<\/h2>\n<p><strong style=\"color:green;\">JA<\/strong> zur Wahl des Gemeindeschreibers &#8211; \u00dcbertragung der Wahlbefugnis auf den Gemeinderat<\/p>\n<h2>Abstimmungsempfehlungen der SVP<\/h2>\n<p><strong>Nein zur Volksinitiative \u00abMehr bezahlbare Wohnungen\u00bb<\/strong> <\/p>\n<p>Nein zu staatlichen und planwirtschaftliehen Eingriffen in die Autonomie der Gemeinden im Wohnungsbau. Mietpreis entwicklungen sind kein gesamtschweizerisches Ph\u00e4nomen, sondern jenes der St\u00e4dte und umliegenden Agglomerationen. Durch die nach wie vor zu hohe Einwanderung in unser Land. wird der Boden knapp &#8211; hier schafft die Begrenzungsinitiative vom 17. Mai Abhilfe! <\/p>\n<p><strong>Nein zur \u00c4nderung des Strafgesetzbuches und des Milit\u00e4rgesetzes \u00abZensurgesetz\u00bb<\/strong> <\/p>\n<p>Unsere hochgelebte Meinungs\u00e4usserungsfreiheit muss auch in Zukunft erhalten bleiben und darf nicht durch eine zus\u00e4tzliche Ausweitung der Anti &#8211; Rassismus-Strafnorm erg\u00e4nzt werden. Die sexuelle Orientierung von gewissen Personen und Gruppierungen ist bereits heute ausreichend gesch\u00fctzt und in weiten Teilen der Bev\u00f6lkerung auch akzeptiert. <\/p>\n<p>Zudem stellt sich die Frage: Was kommt als N\u00e4chstes? Wie weit darf Zensur zulasten der Meinungs\u00e4usserungsfreiheit gehen? Und wer beurteilt, was zul\u00e4ssig ist und was nicht? In erster Linie wird hier einmal mehr der Versuch unternommen, missliebige politische und weltanschauliche Ansichten aus dem demokratischen Diskurs zu verbannen und das Verhalten aller B\u00fcrger auf eine Linie zu zwingen. Nein, es muss auch weiterhin m\u00f6glich sein, seine Meinung und \u00dcberzeugung \u00f6ffentlich kundzutun, ohne dass man sich in einem Abhorch- und \u00dcberwachungsstaat wiederfindet. <\/p>\n<p><strong>Ja zur Gemeindeschreiberwahl &#8211; Wahl durch den Gemeinderat<\/strong> <\/p>\n<p>Es besteht eine realistischere Chance, geeignete Bewerberinnen und Bewerber zu finden, da bei einer Anstellung durch den Gemeinderat der Kandidat seine bisherige Stelle erst nach erfolgter Stellenzusage k\u00fcndigen kann. Der meistgenannte Grund f\u00fcr den R\u00fcckzug einer Kandidatur zur Wahl ist, dass diese dem Arbeitgeber (in ungek\u00fcndigtem Arbeitsverh\u00e4ltnis), dem pers\u00f6nlichen Umfeld des Kandidaten und der breiten \u00d6ffentlichkeit bekannt wird. Damit verbunden wird die vom Kandidaten angestrebte berufliche Ver\u00e4nderung kundgetan, obschon der Kandidat auch mit einer allf\u00e4lligen Wahlniederlage rechnen muss. Die Vakanz kann so schneller wiederbesetzt werden, und die Wahlvorbereitungszeit und die Wahlen (mit Beschwerdefrist) fallen weg. Aus diesen Gr\u00fcnden empfehlen wir dieses Sachgesch\u00e4ft zur Annahme. <\/p>\n<p>&#8212;<\/p>\n<p><img loading=\"lazy\" decoding=\"async\" src=\"http:\/\/www.arth-online.ch\/svp\/wp-content\/uploads\/sites\/2\/2019\/11\/logo_mieterverbands-initiative-nein-150x150.png\" alt=\"\" width=\"150\" height=\"150\" class=\"alignnone size-thumbnail wp-image-2574\" \/><br \/>\n<i class=\"fa fa-external-link\" aria-hidden=\"true\"><\/i> <a href=\"http:\/\/www.mieterverbands-initiative-nein.ch\">www.mieterverbands-initiative-nein.ch<\/a><\/p>\n<p><img loading=\"lazy\" decoding=\"async\" src=\"http:\/\/www.arth-online.ch\/svp\/wp-content\/uploads\/sites\/2\/2019\/12\/zensurgesetz_nein.jpg\" alt=\"\" width=\"500\" height=\"500\" class=\"alignnone size-full wp-image-2599\" srcset=\"http:\/\/www.arth-online.ch\/svp\/wp-content\/uploads\/sites\/2\/2019\/12\/zensurgesetz_nein.jpg 500w, http:\/\/www.arth-online.ch\/svp\/wp-content\/uploads\/sites\/2\/2019\/12\/zensurgesetz_nein-300x300.jpg 300w, http:\/\/www.arth-online.ch\/svp\/wp-content\/uploads\/sites\/2\/2019\/12\/zensurgesetz_nein-150x150.jpg 150w\" sizes=\"auto, (max-width: 500px) 85vw, 500px\" \/><br \/>\n<i class=\"fa fa-external-link\" aria-hidden=\"true\"><\/i> <a href=\"https:\/\/zensurgesetz-nein.ch\">zensurgesetz-nein.ch<\/a><\/p>\n<p><em>09.02.2020<\/em><br \/>\n<i class=\"fa fa-external-link\" aria-hidden=\"true\"><\/i> <a href=\"http:\/\/www.arth.ch\/de\/aktuelles\/aktuellesinformationen\/?action=showinfo&#038;info_id=852226\">Gemeinde Arth: Resultat der Abstimmung vom 9. Februar 2020<\/a><\/p>\n","protected":false},"excerpt":{"rendered":"<p>Bund NEIN zur Volksinitiative vom 18. Oktober 2016 \u00abMehr bezahlbare Wohnungen\u00bb (BBI 2019 2583); NEIN zur \u00c4nderung vom 14. Dezember 2018 des Strafgesetzbuches und des Milit\u00e4rstrafgesetzes (Diskriminierung und Aufruf zu &hellip; <a href=\"http:\/\/www.arth-online.ch\/svp\/abstimmungen\/abstimmungen-2020\/abstimmung-9-februar-2020\/\" class=\"more-link\"><span class=\"screen-reader-text\">\u201eAbstimmung 9. Februar 2020\u201c <\/span>weiterlesen<\/a><\/p>\n","protected":false},"author":1,"featured_media":0,"parent":2485,"menu_order":0,"comment_status":"closed","ping_status":"closed","template":"","meta":{"ngg_post_thumbnail":0,"footnotes":"","_links_to":"","_links_to_target":""},"class_list":["post-2489","page","type-page","status-publish","hentry"],"distributor_meta":false,"distributor_terms":false,"distributor_media":false,"distributor_original_site_name":"SVP Arth-Oberarth-Goldau","distributor_original_site_url":"http:\/\/www.arth-online.ch\/svp","push-errors":false,"_links":{"self":[{"href":"http:\/\/www.arth-online.ch\/svp\/wp-json\/wp\/v2\/pages\/2489","targetHints":{"allow":["GET"]}}],"collection":[{"href":"http:\/\/www.arth-online.ch\/svp\/wp-json\/wp\/v2\/pages"}],"about":[{"href":"http:\/\/www.arth-online.ch\/svp\/wp-json\/wp\/v2\/types\/page"}],"author":[{"embeddable":true,"href":"http:\/\/www.arth-online.ch\/svp\/wp-json\/wp\/v2\/users\/1"}],"replies":[{"embeddable":true,"href":"http:\/\/www.arth-online.ch\/svp\/wp-json\/wp\/v2\/comments?post=2489"}],"version-history":[{"count":13,"href":"http:\/\/www.arth-online.ch\/svp\/wp-json\/wp\/v2\/pages\/2489\/revisions"}],"predecessor-version":[{"id":2764,"href":"http:\/\/www.arth-online.ch\/svp\/wp-json\/wp\/v2\/pages\/2489\/revisions\/2764"}],"up":[{"embeddable":true,"href":"http:\/\/www.arth-online.ch\/svp\/wp-json\/wp\/v2\/pages\/2485"}],"wp:attachment":[{"href":"http:\/\/www.arth-online.ch\/svp\/wp-json\/wp\/v2\/media?parent=2489"}],"curies":[{"name":"wp","href":"https:\/\/api.w.org\/{rel}","templated":true}]}}