{"id":2042,"date":"2015-10-10T21:50:01","date_gmt":"2015-10-10T19:50:01","guid":{"rendered":"http:\/\/svp.arth-online.ch\/gemeinderat\/"},"modified":"2024-02-28T15:12:43","modified_gmt":"2024-02-28T14:12:43","slug":"gemeinderat","status":"publish","type":"page","link":"http:\/\/www.arth-online.ch\/svp\/unsere-vertreter\/gemeinderat\/","title":{"rendered":"Gemeinderat"},"content":{"rendered":"<h2>Heimgard Vollenweider, 1966, Ressort Tiefbau-Planung<\/h2>\n<div class=\"wc-shortcodes-row wc-shortcodes-item wc-shortcodes-clearfix\">\n<div class=\"wc-shortcodes-column wc-shortcodes-content wc-shortcodes-one-third wc-shortcodes-column-first \">\n<figure id=\"attachment_229\" aria-describedby=\"caption-attachment-229\" style=\"width: 200px\" class=\"wp-caption alignleft\"><a href=\"http:\/\/www.arth-online.ch\/svp\/wp-content\/uploads\/sites\/2\/2015\/10\/vollenweider_heimgard_gr-wahlen_2014-512px.jpg\"><img loading=\"lazy\" decoding=\"async\" class=\"size-medium wp-image-229\" src=\"http:\/\/www.arth-online.ch\/svp\/wp-content\/uploads\/sites\/2\/2015\/10\/vollenweider_heimgard_gr-wahlen_2014-512px-200x300.jpg\" alt=\"Heimgard Vollenweider\" width=\"200\" height=\"300\" \/><\/a><figcaption id=\"caption-attachment-229\" class=\"wp-caption-text\">Heimgard Vollenweider<\/figcaption><\/figure>\n<\/div>\n<div class=\"wc-shortcodes-column wc-shortcodes-content wc-shortcodes-two-third wc-shortcodes-column-last \">\n6415 Arth, verheiratet, Unternehmerin<\/p>\n<p>Berufsausbildung dipl. Restauratrice \/ Hoteli\u00e8re HF.<br \/>\nLangj\u00e4hrige F\u00fchrungserfahrungen in der Hotellerie und Gastronomie, in Verwaltung und Personalwesen.<br \/>\n2003 Gr\u00fcndung einer eigenen Unternehmung im Bereich Personalberatung, Stellenvermittlung und Unternehmensberatung.<\/p>\n<p>Seit 2010 Gemeinder\u00e4tin Ressort Umwelt und Sicherheit, Vorstandsmitglied Gewerbeverein Arth Oberarth Goldau, Pr\u00e4sidentin der Ortspartei SVP Arth-Oberarth-Goldau.\n<\/p><\/div>\n<\/div>\n<h2>Philippe Szymkowiak<\/h2>\n<div class=\"wc-shortcodes-row wc-shortcodes-item wc-shortcodes-clearfix\">\n<div class=\"wc-shortcodes-column wc-shortcodes-content wc-shortcodes-one-third wc-shortcodes-column-first \">\n<figure id=\"attachment_6452\" aria-describedby=\"caption-attachment-6452\" style=\"width: 200px\" class=\"wp-caption alignnone\"><img loading=\"lazy\" decoding=\"async\" src=\"http:\/\/www.arth-online.ch\/svp\/wp-content\/uploads\/sites\/2\/2024\/02\/gr-philippe_szymkowiak-200x300.jpg\" alt=\"\" width=\"200\" height=\"300\" class=\"size-medium wp-image-6452\" srcset=\"http:\/\/www.arth-online.ch\/svp\/wp-content\/uploads\/sites\/2\/2024\/02\/gr-philippe_szymkowiak-200x300.jpg 200w, http:\/\/www.arth-online.ch\/svp\/wp-content\/uploads\/sites\/2\/2024\/02\/gr-philippe_szymkowiak.jpg 400w\" sizes=\"auto, (max-width: 200px) 85vw, 200px\" \/><figcaption id=\"caption-attachment-6452\" class=\"wp-caption-text\">Philippe Szymkowiak<\/figcaption><\/figure>\n<\/div>\n<div class=\"wc-shortcodes-column wc-shortcodes-content wc-shortcodes-two-third wc-shortcodes-column-last \">\n6415 Arth\n<\/div>\n<\/div>\n<p><a href=\"http:\/\/www.arth-online.ch\/svp\/unsere-vertreter\/gemeinderat\/ehemalige-gemeinderaete\/\">Ehemalige Gemeinder\u00e4te<\/a><\/p>\n","protected":false},"excerpt":{"rendered":"<p>Heimgard Vollenweider, 1966, Ressort Tiefbau-Planung 6415 Arth, verheiratet, Unternehmerin Berufsausbildung dipl. Restauratrice \/ Hoteli\u00e8re HF. Langj\u00e4hrige F\u00fchrungserfahrungen in der Hotellerie und Gastronomie, in Verwaltung und Personalwesen. 2003 Gr\u00fcndung einer eigenen &hellip; <a href=\"http:\/\/www.arth-online.ch\/svp\/unsere-vertreter\/gemeinderat\/\" class=\"more-link\"><span class=\"screen-reader-text\">\u201eGemeinderat\u201c <\/span>weiterlesen<\/a><\/p>\n","protected":false},"author":1,"featured_media":0,"parent":2044,"menu_order":0,"comment_status":"closed","ping_status":"closed","template":"","meta":{"ngg_post_thumbnail":0,"footnotes":"","_links_to":"","_links_to_target":""},"class_list":["post-2042","page","type-page","status-publish","hentry"],"distributor_meta":false,"distributor_terms":false,"distributor_media":false,"distributor_original_site_name":"SVP Arth-Oberarth-Goldau","distributor_original_site_url":"http:\/\/www.arth-online.ch\/svp","push-errors":false,"_links":{"self":[{"href":"http:\/\/www.arth-online.ch\/svp\/wp-json\/wp\/v2\/pages\/2042","targetHints":{"allow":["GET"]}}],"collection":[{"href":"http:\/\/www.arth-online.ch\/svp\/wp-json\/wp\/v2\/pages"}],"about":[{"href":"http:\/\/www.arth-online.ch\/svp\/wp-json\/wp\/v2\/types\/page"}],"author":[{"embeddable":true,"href":"http:\/\/www.arth-online.ch\/svp\/wp-json\/wp\/v2\/users\/1"}],"replies":[{"embeddable":true,"href":"http:\/\/www.arth-online.ch\/svp\/wp-json\/wp\/v2\/comments?post=2042"}],"version-history":[{"count":8,"href":"http:\/\/www.arth-online.ch\/svp\/wp-json\/wp\/v2\/pages\/2042\/revisions"}],"predecessor-version":[{"id":6454,"href":"http:\/\/www.arth-online.ch\/svp\/wp-json\/wp\/v2\/pages\/2042\/revisions\/6454"}],"up":[{"embeddable":true,"href":"http:\/\/www.arth-online.ch\/svp\/wp-json\/wp\/v2\/pages\/2044"}],"wp:attachment":[{"href":"http:\/\/www.arth-online.ch\/svp\/wp-json\/wp\/v2\/media?parent=2042"}],"curies":[{"name":"wp","href":"https:\/\/api.w.org\/{rel}","templated":true}]}}