{"id":2016,"date":"2015-10-10T21:50:01","date_gmt":"2015-10-10T19:50:01","guid":{"rendered":"http:\/\/svp.arth-online.ch\/abstimmungen\/2014-2\/18-mai\/"},"modified":"2015-10-10T21:50:01","modified_gmt":"2015-10-10T19:50:01","slug":"18-mai","status":"publish","type":"page","link":"http:\/\/www.arth-online.ch\/svp\/abstimmungen\/abstimmungen-2014\/18-mai\/","title":{"rendered":"18. Mai"},"content":{"rendered":"<h2>Abstimmungsempfehlungen<\/h2>\n<h3>Ja zum Kampfflugzeug Gripen<\/h3>\n<p><img loading=\"lazy\" decoding=\"async\" src=\"http:\/\/www.arth-online.ch\/svp\/wp-content\/uploads\/sites\/2\/2015\/10\/logo_gripen_d_white.jpg\" alt=\"\" width=\"229\" height=\"205\" class=\"alignleft size-full wp-image-671\" \/>Von einem eigenst\u00e4ndigen, unabh\u00e4ngigen Land darf erwartet werden, dass es auch seinen Luftraum selber sch\u00fctzen kann. Dazu werden leistungsf\u00e4hige Kampfjets ben\u00f6tigt. Die Luftwaffe will deshalb ihre 54 fast 40-j\u00e4hrigen Tiger-F5-Kampfjets durch 22 moderne Gripen E ersetzen. Deren Finanzierung ist \u00fcber einen Spezialfonds und damit \u00fcber das ordentliche Milit\u00e4rbudget, verteilt auf zehn Jahre, gesichert. Der Werkplatz Schweiz profitiert zudem von Gegengesch\u00e4ften in Milliardenh\u00f6he. Diese bringen Arbeitspl\u00e4tze, technologisches Know-How und dem Land mehr Sicherheit. Im Ernstfall vertraue wir der Armee und einer glaubw\u00fcrdigen Luftwaffe mehr als den Friedensaposteln der Gruppe f\u00fcr eine Schweiz ohne Armee (GSoA), welche mit Sicherheit auch jede andere Flugzeugbeschaffung bek\u00e4mpfen werden.<\/p>\n<h3>Nein zur Medizinischen Grundversorgung<\/h3>\n<p>Beim neuen Verfassungsartikel \u00fcber die medizinische Grundversorgung handelt es sich um einen direkten Gegenentwurf zur zur\u00fcckgezogenen Volksinitiative \u201eJa zur Hausarztmedizin&#8220;. Die Bedeutung der Haus\u00e4rzte f\u00fcr unser Gesundheitssystem ist unbestritten. Es ist jedoch ordnungspolitisch v\u00f6llig verfehlt, in einer freien Wirtschaftsordnung einem einzelnen Berufsstand verfassungsm\u00e4ssige Einkommens- und Besitzstandsgarantien zu gew\u00e4hren. Dies w\u00e4re ein weiterer Schritt auf dem Weg zu einer Staatsmedizin und muss im Interesse eines freiheitlichen Arztberufs und Gesundheitswesens entschieden abgelehnt werden. Um die Stellung der Haus\u00e4rzte sowie deren Aus- und Weiterbildung zu st\u00e4rken, braucht es keinen neuen Verfassungsartikel.<\/p>\n<h3>Nein zur Mindestlohninititive<\/h3>\n<p>Die Gewerkschaften behaupten, ihre Initiative sch\u00fctze Angestellte mit tiefen L\u00f6hnen. Das Gegenteil ist der Fall: Die Initiative schadet den Schw\u00e4cheren auf dem Arbeitsmarkt. Internationale Erfahrungen zeigen, dass gerade Berufseinsteiger, Wiedereinsteiger und weniger gut Qualifizierte durch einen hohen Mindestlohn benachteiligt werden. Wo es Mindestl\u00f6hne gibt, werden schw\u00e4chere Arbeitnehmende h\u00e4ufiger durch Maschinen oder durch besser qualifizierte und produktivere Mitarbeitende ersetzt. Besonders betroffen sind Berufseinsteiger. Ihre Chance, den Einstieg ins Berufsleben zu schaffen, schwindet mit einem gesetzlichen Mindestlohn. Wenn Arbeitgeber ohnehin den Mindestlohn bezahlen m\u00fcssen, ziehen sie Leute mit Erfahrung vor.Vor allem in l\u00e4ndlichen Regionen arbeiten viele Frauen in Teilzeitjobs in der N\u00e4he ihres Wohnorts. So k\u00f6nnen sie ein Zusatzeinkommen f\u00fcr die Familie verdienen. Genau diese Teilzeitjobs werden mit dem geforderten Stundenlohn von 22 Franken gef\u00e4hrdet, weil viele Kleinbetriebe den h\u00f6heren Lohn nicht zahlen k\u00f6nnen.<\/p>\n<h3>Ja zur P\u00e4dophilen\u2013Initiative<\/h3>\n<p>Die Volksinitiative \u201eP\u00e4dophile sollen nicht mehr mit Kindern arbeiten d\u00fcrfen&#8220; verlangt, dass ein Straft\u00e4ter, der aufgrund eines Sexualdelikts mit Kindern oder abh\u00e4ngigen Personen (z.B. Behinderten) verurteilt worden ist, das Recht verliert, eine berufliche oder ehrenamtliche T\u00e4tigkeit mit Minderj\u00e4hrigen oder Abh\u00e4ngigen auszu\u00fcben. Viele P\u00e4dophile sind Wiederholungst\u00e4ter. Darum ist es wichtig, dass sie nicht mehr mit Kindern arbeiten d\u00fcrfen, sei das im Beruf oder in der Freizeit. Nur mit dieser Initiative kann verhindert werden, dass P\u00e4dophile an Schulen, Behinderteninstitutionen oder in Sportvereinen t\u00e4tig sind. Es ist nicht einzusehen, warum ein solcher Sexualstraft\u00e4ter nach Verb\u00fcssung seiner Strafe eine T\u00e4tigkeit aus\u00fcben soll, welche ihn wieder in Kontakt mit potenziellen Opfern bringt. So k\u00f6nnen weitere Straftaten vermieden und die Zahl der Opfer gesenkt werden. Null-Toleranz ist f\u00fcr einmal angebracht! Eine zweite Chance verdienen diese T\u00e4ter nicht.<\/p>\n","protected":false},"excerpt":{"rendered":"<p>Abstimmungsempfehlungen Ja zum Kampfflugzeug Gripen Von einem eigenst\u00e4ndigen, unabh\u00e4ngigen Land darf erwartet werden, dass es auch seinen Luftraum selber sch\u00fctzen kann. Dazu werden leistungsf\u00e4hige Kampfjets ben\u00f6tigt. Die Luftwaffe will deshalb &hellip; <a href=\"http:\/\/www.arth-online.ch\/svp\/abstimmungen\/abstimmungen-2014\/18-mai\/\" class=\"more-link\"><span class=\"screen-reader-text\">\u201e18. Mai\u201c <\/span>weiterlesen<\/a><\/p>\n","protected":false},"author":1,"featured_media":0,"parent":2013,"menu_order":0,"comment_status":"closed","ping_status":"closed","template":"","meta":{"ngg_post_thumbnail":0,"footnotes":"","_links_to":"","_links_to_target":""},"class_list":["post-2016","page","type-page","status-publish","hentry"],"distributor_meta":false,"distributor_terms":false,"distributor_media":false,"distributor_original_site_name":"SVP Arth-Oberarth-Goldau","distributor_original_site_url":"http:\/\/www.arth-online.ch\/svp","push-errors":false,"_links":{"self":[{"href":"http:\/\/www.arth-online.ch\/svp\/wp-json\/wp\/v2\/pages\/2016","targetHints":{"allow":["GET"]}}],"collection":[{"href":"http:\/\/www.arth-online.ch\/svp\/wp-json\/wp\/v2\/pages"}],"about":[{"href":"http:\/\/www.arth-online.ch\/svp\/wp-json\/wp\/v2\/types\/page"}],"author":[{"embeddable":true,"href":"http:\/\/www.arth-online.ch\/svp\/wp-json\/wp\/v2\/users\/1"}],"replies":[{"embeddable":true,"href":"http:\/\/www.arth-online.ch\/svp\/wp-json\/wp\/v2\/comments?post=2016"}],"version-history":[{"count":0,"href":"http:\/\/www.arth-online.ch\/svp\/wp-json\/wp\/v2\/pages\/2016\/revisions"}],"up":[{"embeddable":true,"href":"http:\/\/www.arth-online.ch\/svp\/wp-json\/wp\/v2\/pages\/2013"}],"wp:attachment":[{"href":"http:\/\/www.arth-online.ch\/svp\/wp-json\/wp\/v2\/media?parent=2016"}],"curies":[{"name":"wp","href":"https:\/\/api.w.org\/{rel}","templated":true}]}}