{"id":2007,"date":"2015-10-10T21:50:01","date_gmt":"2015-10-10T19:50:01","guid":{"rendered":"http:\/\/svp.arth-online.ch\/home\/"},"modified":"2026-02-21T19:43:33","modified_gmt":"2026-02-21T18:43:33","slug":"home","status":"publish","type":"page","link":"http:\/\/www.arth-online.ch\/svp\/","title":{"rendered":"Willkommen!"},"content":{"rendered":"<div class=\"wc-shortcodes-box wc-shortcodes-item wc-shortcodes-content wc-shortcodes-clearfix wc-shortcodes-box-secondary \" style=\"text-align:center;\">\n<a href=\"https:\/\/www.arth-online.ch\/svp\/abstimmungen\/abstimmungen-2026\/abstimmung-8-maerz-2026\/\">Abstimmung 8. M\u00e4rz 2026<\/a>\n<\/div>\n<p>&nbsp;<\/p>\n\n<!-- NOTE: If you need to make changes to this file, copy it to your current theme's main\n\tdirectory so your changes won't be overwritten when the plugin is upgraded. -->\n\n<!-- Post Wrap Start-->\n<div class=\"post hentry ivycat-post\">\n\n\t<!-- \tThis outputs the post TITLE -->\n\t<h1 class=\"entry-title\"><a href=\"http:\/\/www.arth-online.ch\/svp\/abstimmungsempfehlungen-der-svp-arth-oberarth-goldau\/\">Abstimmungsempfehlungen der SVP Arth \u2013 Oberarth \u2013 Goldau<\/a><\/h2>\n\n\t<!-- \tThis outputs the post EXCERPT.  To display full content including images and html,\n\t\treplace the_excerpt(); with the_content();  below. -->\n\t<div class=\"entry-contetnt\">\n\t\t<p>Eidgen\u00f6ssische Vorlagen: JA zur Volksinitiative &#8222;Ja zu einer unabh\u00e4ngigen, freien Schweizer W\u00e4hrung mit M\u00fcnzen oder Banknoten (Bargeld ist Freiheit)&#8220; und direkter Gegenentwurf Bundesbeschluss \u00fcber die schweizerische W\u00e4hrung und die Bargeldversorgung &hellip; <a href=\"http:\/\/www.arth-online.ch\/svp\/abstimmungsempfehlungen-der-svp-arth-oberarth-goldau\/\" class=\"more-link\"><span class=\"screen-reader-text\">\u201eAbstimmungsempfehlungen der SVP Arth \u2013 Oberarth \u2013 Goldau\u201c <\/span>weiterlesen<\/a><\/p>\n\t<\/div>\n\n\t<!--\tThis outputs the post META information -->\n\t<div class=\"entry-utility\">\n\t\t\t\t\t<span class=\"cat-links\">\n\t\t\t\t<span class=\"entry-utility-prep entry-utility-prep-cat-links\">Kategorie(n):<\/span> <a href=\"http:\/\/www.arth-online.ch\/svp\/category\/allgemein\/\" rel=\"category tag\">Allgemein<\/a>\t\t\t<\/span>\n\t\t\t<span class=\"meta-sep\"><\/span>\n\t\t\t\t\t\t<!--<span class=\"comments-link\">\n\t\t\t<a href=\"http:\/\/www.arth-online.ch\/svp\/abstimmungsempfehlungen-der-svp-arth-oberarth-goldau\/#respond\">Leave a comment<\/a>\t\t<\/span>-->\n\t\t\t<\/div>\n<\/div>\n<!-- \/\/ Post Wrap End -->\n\n<p><!--\n\n<h2>Geeint und entschlossen gegen die masslose Zuwanderung<\/h2>\n\n\nhttps:\/\/www.youtube.com\/watch?v=WuQi6kM4KEE--><\/p>\n<p><!--\n\n<h2>Referendum gegen das CO<sub>2<\/sub>-Gesetz<\/h2>\n\n\n<a href=\"http:\/\/www.vernuenftig-bleiben.ch\"><img loading=\"lazy\" decoding=\"async\" src=\"http:\/\/www.arth-online.ch\/svp\/wp-content\/uploads\/sites\/2\/2020\/10\/logo_vernuenftig-bleiben.jpg\" alt=\"\" width=\"600\" height=\"158\" class=\"alignnone size-full wp-image-3492\" srcset=\"http:\/\/www.arth-online.ch\/svp\/wp-content\/uploads\/sites\/2\/2020\/10\/logo_vernuenftig-bleiben.jpg 600w, http:\/\/www.arth-online.ch\/svp\/wp-content\/uploads\/sites\/2\/2020\/10\/logo_vernuenftig-bleiben-300x79.jpg 300w\" sizes=\"auto, (max-width: 709px) 85vw, (max-width: 909px) 67vw, (max-width: 984px) 61vw, (max-width: 1362px) 45vw, 600px\" \/><\/a>--><\/p>\n<p><!--<img loading=\"lazy\" decoding=\"async\" src=\"http:\/\/www.arth-online.ch\/svp\/wp-content\/uploads\/sites\/2\/2021\/09\/Stimmzettel_de-neu-2-1024x722.png\" alt=\"\" width=\"410\" height=\"296\" class=\"alignnone size-large wp-image-3949\" \/>--><\/p>\n<p><i class=\"fa fa-facebook-official fa-2x\"><\/i> Besuchen Sie uns auf <a href=\"http:\/\/fb.me\/svparth\">Facebook<\/a>!<\/p>\n","protected":false},"excerpt":{"rendered":"<p>Abstimmung 8. M\u00e4rz 2026 &nbsp; Besuchen Sie uns auf Facebook!<\/p>\n","protected":false},"author":1,"featured_media":0,"parent":0,"menu_order":0,"comment_status":"closed","ping_status":"closed","template":"","meta":{"ngg_post_thumbnail":0,"footnotes":"","_links_to":"","_links_to_target":""},"class_list":["post-2007","page","type-page","status-publish","hentry"],"distributor_meta":false,"distributor_terms":false,"distributor_media":false,"distributor_original_site_name":"SVP Arth-Oberarth-Goldau","distributor_original_site_url":"http:\/\/www.arth-online.ch\/svp","push-errors":false,"_links":{"self":[{"href":"http:\/\/www.arth-online.ch\/svp\/wp-json\/wp\/v2\/pages\/2007","targetHints":{"allow":["GET"]}}],"collection":[{"href":"http:\/\/www.arth-online.ch\/svp\/wp-json\/wp\/v2\/pages"}],"about":[{"href":"http:\/\/www.arth-online.ch\/svp\/wp-json\/wp\/v2\/types\/page"}],"author":[{"embeddable":true,"href":"http:\/\/www.arth-online.ch\/svp\/wp-json\/wp\/v2\/users\/1"}],"replies":[{"embeddable":true,"href":"http:\/\/www.arth-online.ch\/svp\/wp-json\/wp\/v2\/comments?post=2007"}],"version-history":[{"count":106,"href":"http:\/\/www.arth-online.ch\/svp\/wp-json\/wp\/v2\/pages\/2007\/revisions"}],"predecessor-version":[{"id":6660,"href":"http:\/\/www.arth-online.ch\/svp\/wp-json\/wp\/v2\/pages\/2007\/revisions\/6660"}],"wp:attachment":[{"href":"http:\/\/www.arth-online.ch\/svp\/wp-json\/wp\/v2\/media?parent=2007"}],"curies":[{"name":"wp","href":"https:\/\/api.w.org\/{rel}","templated":true}]}}