{"id":1912,"date":"2019-10-28T21:48:42","date_gmt":"2019-10-28T20:48:42","guid":{"rendered":"http:\/\/svp.arth-online.ch\/?page_id=1912"},"modified":"2019-10-28T21:48:42","modified_gmt":"2019-10-28T20:48:42","slug":"wahlen-18-mai-2014","status":"publish","type":"page","link":"http:\/\/www.arth-online.ch\/svp\/wahlen\/wahlen-2014\/wahlen-18-mai-2014\/","title":{"rendered":"Wahlen 18. Mai 2014"},"content":{"rendered":"<h2>Gemeinderat<\/h2>\n<h3>Unsere Kandiaten<\/h3>\n<p><img loading=\"lazy\" decoding=\"async\" src=\"http:\/\/www.arth-online.ch\/svp\/wp-content\/uploads\/sites\/2\/2019\/10\/vollenweider_heimgard_gr-wahlen_2014-512px.jpg\" alt=\"\" width=\"512\" height=\"768\" class=\"alignleft size-full wp-image-1916\" srcset=\"http:\/\/www.arth-online.ch\/svp\/wp-content\/uploads\/sites\/2\/2019\/10\/vollenweider_heimgard_gr-wahlen_2014-512px.jpg 512w, http:\/\/www.arth-online.ch\/svp\/wp-content\/uploads\/sites\/2\/2019\/10\/vollenweider_heimgard_gr-wahlen_2014-512px-200x300.jpg 200w\" sizes=\"auto, (max-width: 512px) 85vw, 512px\" \/><strong>Heimgard Vollenweider, 1966<\/strong><br \/>\n6415 Arth, verheiratet, Unternehmerin<\/p>\n<p>Berufsausbildung dipl. Restauratrice \/ Hoteli\u00e8re HF.<br \/>\nLangj\u00e4hrige F\u00fchrungserfahrungen in der Hotellerie und Gastronomie, in Verwaltung und Personalwesen.<br \/>\n2003 Gr\u00fcndung einer eigenen Unternehmung im Bereich Personalberatung, Stellenvermittlung und Unternehmensberatung.<\/p>\n<p>Seit 2010 Gemeinder\u00e4tin Ressort Umwelt und Sicherheit, Vorstandsmitglied Gewerbeverein Arth Oberarth Goldau, Pr\u00e4sidentin der Ortspartei SVP Arth-Oberarth-Goldau.<\/p>\n<div style=\"clear:both\"><\/div>\n<p><img loading=\"lazy\" decoding=\"async\" src=\"http:\/\/www.arth-online.ch\/svp\/wp-content\/uploads\/sites\/2\/2019\/10\/inderbitzin_martin_gr-wahlen_2014-512px.jpg\" alt=\"\" width=\"512\" height=\"768\" class=\"alignleft size-full wp-image-1921\" srcset=\"http:\/\/www.arth-online.ch\/svp\/wp-content\/uploads\/sites\/2\/2019\/10\/inderbitzin_martin_gr-wahlen_2014-512px.jpg 512w, http:\/\/www.arth-online.ch\/svp\/wp-content\/uploads\/sites\/2\/2019\/10\/inderbitzin_martin_gr-wahlen_2014-512px-200x300.jpg 200w\" sizes=\"auto, (max-width: 512px) 85vw, 512px\" \/><strong>Martin Inderbitzin, 1982<\/strong><br \/>\n6415, Arth, ledig, Unternehmer<\/p>\n<p>Die Schulen in Arth und Oberarth besucht. Ausbildung als Heizungs- und Sanit\u00e4rinstallateur, Handelsdiplom. Seit 2003 selbst\u00e4ndigerwerbend. 2010 Gr\u00fcndung der eigenen Firma Inderbitzin GmbH in Oberarth im Bereich Haustechnik.<\/p>\n<p>Mitglied Schwingerverband am Rigi, Vizepr\u00e4sident SVP Arth-Oberarth-Goldau. 2008 bis 2012 Kantonsrat als Mitglied der kantonsr\u00e4tlichen Kommission Bauten, Strassen und Anlagen.<\/p>\n<div style=\"clear:both\"><\/div>\n<p><img loading=\"lazy\" decoding=\"async\" src=\"http:\/\/www.arth-online.ch\/svp\/wp-content\/uploads\/sites\/2\/2019\/10\/annen_matthias_gr-wahlen_2014-512px.jpg\" alt=\"\" width=\"512\" height=\"768\" class=\"alignleft size-full wp-image-1924\" srcset=\"http:\/\/www.arth-online.ch\/svp\/wp-content\/uploads\/sites\/2\/2019\/10\/annen_matthias_gr-wahlen_2014-512px.jpg 512w, http:\/\/www.arth-online.ch\/svp\/wp-content\/uploads\/sites\/2\/2019\/10\/annen_matthias_gr-wahlen_2014-512px-200x300.jpg 200w\" sizes=\"auto, (max-width: 512px) 85vw, 512px\" \/><strong>Matthias Annen, 1987<\/strong><br \/>\n6410 Goldau, ledig, Zimmermann<\/p>\n<p>Besuch der Primar- und Sekundarschulen in Goldau und Oberarth. Abgeschlossene Ausbildungen als Elektromonteur, Zimmermann und ab Juli als Landwirt.<\/p>\n<p>Mitglied im Schwingerverband am Rigi, Greiflerverein Goldau, Feuerwehr Gemeinde Arth, Landjugend Rigi. OK-Pr\u00e4sident Rothenfluhschwingfest Oberarth.<\/p>\n<div style=\"clear:both\"><\/div>\n<p><img loading=\"lazy\" decoding=\"async\" src=\"http:\/\/www.arth-online.ch\/svp\/wp-content\/uploads\/sites\/2\/2019\/10\/schuler_franz_gr-wahlen_2014-512px.jpg\" alt=\"\" width=\"512\" height=\"768\" class=\"alignleft size-full wp-image-1925\" srcset=\"http:\/\/www.arth-online.ch\/svp\/wp-content\/uploads\/sites\/2\/2019\/10\/schuler_franz_gr-wahlen_2014-512px.jpg 512w, http:\/\/www.arth-online.ch\/svp\/wp-content\/uploads\/sites\/2\/2019\/10\/schuler_franz_gr-wahlen_2014-512px-200x300.jpg 200w\" sizes=\"auto, (max-width: 512px) 85vw, 512px\" \/><strong>Franz Schuler-Mettler, 1955, Rechnungspr\u00fcfungskommission<\/strong><br \/>\n6410 Goldau, verheiratet, Versicherungsfachmann<\/p>\n<p>Wohnt seit 1990 in der Gemeinde Arth, seit 2006 ist er in der Rechnungspr\u00fcfungskommission. Als Gemeinderat von 2002 bis 2006 verantwortlich f\u00fcr das Ressort Gesellschaft.<\/p>\n<p>Mitglied im Stiftungsrat der \u201ePflegezentren der Gemeinde Arth\u201c, Vorstandmitglied SVP Arth-Oberarth-Goldau und Aktivmitglied im Jodlerclub M\u00e4nnertreu.<\/p>\n<h3>Testimonials<\/h3>\n<div id=\"8578\">\n\t<div id=\"gallery_bank_main_container_8578\" class=\"gallery_bank_main_container\">\n\t\t\t\t<\/div>\n\t\t<a style=\"display:none;\" href=\"https:\/\/tech-banker.com\/\" rel=\"dofollow\">Powered by Tech Banker<\/a>\n\t<\/div>\n<\/div>\n\n","protected":false},"excerpt":{"rendered":"<p>Gemeinderat Unsere Kandiaten Heimgard Vollenweider, 1966 6415 Arth, verheiratet, Unternehmerin Berufsausbildung dipl. Restauratrice \/ Hoteli\u00e8re HF. Langj\u00e4hrige F\u00fchrungserfahrungen in der Hotellerie und Gastronomie, in Verwaltung und Personalwesen. 2003 Gr\u00fcndung einer &hellip; <a href=\"http:\/\/www.arth-online.ch\/svp\/wahlen\/wahlen-2014\/wahlen-18-mai-2014\/\" class=\"more-link\"><span class=\"screen-reader-text\">\u201eWahlen 18. Mai 2014\u201c <\/span>weiterlesen<\/a><\/p>\n","protected":false},"author":1,"featured_media":0,"parent":1910,"menu_order":0,"comment_status":"closed","ping_status":"closed","template":"","meta":{"ngg_post_thumbnail":0,"footnotes":"","_links_to":"","_links_to_target":""},"class_list":["post-1912","page","type-page","status-publish","hentry"],"distributor_meta":false,"distributor_terms":false,"distributor_media":false,"distributor_original_site_name":"SVP Arth-Oberarth-Goldau","distributor_original_site_url":"http:\/\/www.arth-online.ch\/svp","push-errors":false,"_links":{"self":[{"href":"http:\/\/www.arth-online.ch\/svp\/wp-json\/wp\/v2\/pages\/1912","targetHints":{"allow":["GET"]}}],"collection":[{"href":"http:\/\/www.arth-online.ch\/svp\/wp-json\/wp\/v2\/pages"}],"about":[{"href":"http:\/\/www.arth-online.ch\/svp\/wp-json\/wp\/v2\/types\/page"}],"author":[{"embeddable":true,"href":"http:\/\/www.arth-online.ch\/svp\/wp-json\/wp\/v2\/users\/1"}],"replies":[{"embeddable":true,"href":"http:\/\/www.arth-online.ch\/svp\/wp-json\/wp\/v2\/comments?post=1912"}],"version-history":[{"count":0,"href":"http:\/\/www.arth-online.ch\/svp\/wp-json\/wp\/v2\/pages\/1912\/revisions"}],"up":[{"embeddable":true,"href":"http:\/\/www.arth-online.ch\/svp\/wp-json\/wp\/v2\/pages\/1910"}],"wp:attachment":[{"href":"http:\/\/www.arth-online.ch\/svp\/wp-json\/wp\/v2\/media?parent=1912"}],"curies":[{"name":"wp","href":"https:\/\/api.w.org\/{rel}","templated":true}]}}