{"id":1315,"date":"2018-05-21T18:31:53","date_gmt":"2018-05-21T16:31:53","guid":{"rendered":"http:\/\/svp.arth-online.ch\/?page_id=1315"},"modified":"2018-05-21T18:31:53","modified_gmt":"2018-05-21T16:31:53","slug":"10-juni","status":"publish","type":"page","link":"http:\/\/www.arth-online.ch\/svp\/abstimmungen\/abstimmungen-2018\/10-juni\/","title":{"rendered":"10. Juni"},"content":{"rendered":"<h2>Eidgen\u00f6ssische Volksabstimmung<\/h2>\n<ul>\n<li><strong style=\"color: red\">NEIN<\/strong> zur Volksinitiative vom 1. Dezember 2015 &#8222;F\u00fcr krisensicheres Geld: Geldsch\u00f6pfung allein durch die Nationalbank! (Vollgeld-Initiative)&#8220;<\/li>\n<p><a href=\"https:\/\/vollgeldinitiative-nein.ch\"><img loading=\"lazy\" decoding=\"async\" src=\"http:\/\/www.arth-online.ch\/svp\/wp-content\/uploads\/sites\/2\/2018\/05\/vollgeld-nein-1024x379.png\" alt=\"\" width=\"840\" height=\"311\" class=\"alignnone size-large wp-image-1327\" srcset=\"http:\/\/www.arth-online.ch\/svp\/wp-content\/uploads\/sites\/2\/2018\/05\/vollgeld-nein-1024x379.png 1024w, http:\/\/www.arth-online.ch\/svp\/wp-content\/uploads\/sites\/2\/2018\/05\/vollgeld-nein-300x111.png 300w, http:\/\/www.arth-online.ch\/svp\/wp-content\/uploads\/sites\/2\/2018\/05\/vollgeld-nein-768x284.png 768w, http:\/\/www.arth-online.ch\/svp\/wp-content\/uploads\/sites\/2\/2018\/05\/vollgeld-nein-1200x444.png 1200w, http:\/\/www.arth-online.ch\/svp\/wp-content\/uploads\/sites\/2\/2018\/05\/vollgeld-nein.png 1702w\" sizes=\"auto, (max-width: 709px) 85vw, (max-width: 909px) 67vw, (max-width: 1362px) 62vw, 840px\" \/><\/a><\/p>\n<li><strong style=\"color: red\">NEIN<\/strong> zum Bundesgesetz vom 29. September 2017 \u00fcber Geldspiele (Geldspielgesetz, BGS)<\/li>\n<p><a href=\"https:\/\/gsg-nein.ch\"><img loading=\"lazy\" decoding=\"async\" src=\"http:\/\/www.arth-online.ch\/svp\/wp-content\/uploads\/sites\/2\/2018\/05\/gsg-nein-1024x390.jpg\" alt=\"\" width=\"840\" height=\"320\" class=\"alignnone size-large wp-image-1326\" srcset=\"http:\/\/www.arth-online.ch\/svp\/wp-content\/uploads\/sites\/2\/2018\/05\/gsg-nein-1024x390.jpg 1024w, http:\/\/www.arth-online.ch\/svp\/wp-content\/uploads\/sites\/2\/2018\/05\/gsg-nein-300x114.jpg 300w, http:\/\/www.arth-online.ch\/svp\/wp-content\/uploads\/sites\/2\/2018\/05\/gsg-nein-768x292.jpg 768w, http:\/\/www.arth-online.ch\/svp\/wp-content\/uploads\/sites\/2\/2018\/05\/gsg-nein-1200x457.jpg 1200w\" sizes=\"auto, (max-width: 709px) 85vw, (max-width: 909px) 67vw, (max-width: 1362px) 62vw, 840px\" \/><\/a>\n<\/ul>\n<h2>Kantonale Volksabstimmung<\/h2>\n<ul>\n<li><strong style=\"color: red\">NEIN<\/strong> zum Kantonsratsbeschluss Ausgabenbewilligung f\u00fcr den Kauf der Liegenschaft GS Nr. 1133 Einsiedeln<\/li>\n<\/ul>\n<h2>Gemeindevolksabstimmung<\/h2>\n<ul>\n<li><strong style=\"color: green\">JA<\/strong> zum Verpflichtungskredit von Fr. 9&#8217;245&#8217;500.00 f\u00fcr die Sanierung und Umnutzung des ehemaligen Alters- und Pflegeheims Hofmatt<\/li>\n<li><strong style=\"color: red\">NEIN<\/strong> zum Reglement \u00fcber die familienerg\u00e4nzende Kinderbetreuung der Gemeinde Arth vom 19. Februar 2018<\/li>\n<li><strong style=\"color: green\">JA<\/strong> zum Kurtaxen-Reglement der Gemeinde Arth vom 19. Februar 2018<\/li>\n<\/ul>\n<h2>Ersatzwahl Gemeindeschreiber<\/h2>\n<p>Folgender Wahlvorschlag wurde eingereicht:<br \/>\nGemeinsamer Wahlvorschlag CVP, FDP, SP und SVP:<\/p>\n<ul>\n<li>Andermatt Roger, 1964, Gemeindeschreiber, Sagenmatt 9, Rothenthurm<\/li>\n<\/ul>\n","protected":false},"excerpt":{"rendered":"<p>Eidgen\u00f6ssische Volksabstimmung NEIN zur Volksinitiative vom 1. Dezember 2015 &#8222;F\u00fcr krisensicheres Geld: Geldsch\u00f6pfung allein durch die Nationalbank! (Vollgeld-Initiative)&#8220; NEIN zum Bundesgesetz vom 29. September 2017 \u00fcber Geldspiele (Geldspielgesetz, BGS) Kantonale &hellip; <a href=\"http:\/\/www.arth-online.ch\/svp\/abstimmungen\/abstimmungen-2018\/10-juni\/\" class=\"more-link\"><span class=\"screen-reader-text\">\u201e10. Juni\u201c <\/span>weiterlesen<\/a><\/p>\n","protected":false},"author":1,"featured_media":0,"parent":1136,"menu_order":0,"comment_status":"closed","ping_status":"closed","template":"","meta":{"ngg_post_thumbnail":0,"footnotes":"","_links_to":"","_links_to_target":""},"class_list":["post-1315","page","type-page","status-publish","hentry"],"distributor_meta":false,"distributor_terms":false,"distributor_media":false,"distributor_original_site_name":"SVP Arth-Oberarth-Goldau","distributor_original_site_url":"http:\/\/www.arth-online.ch\/svp","push-errors":false,"_links":{"self":[{"href":"http:\/\/www.arth-online.ch\/svp\/wp-json\/wp\/v2\/pages\/1315","targetHints":{"allow":["GET"]}}],"collection":[{"href":"http:\/\/www.arth-online.ch\/svp\/wp-json\/wp\/v2\/pages"}],"about":[{"href":"http:\/\/www.arth-online.ch\/svp\/wp-json\/wp\/v2\/types\/page"}],"author":[{"embeddable":true,"href":"http:\/\/www.arth-online.ch\/svp\/wp-json\/wp\/v2\/users\/1"}],"replies":[{"embeddable":true,"href":"http:\/\/www.arth-online.ch\/svp\/wp-json\/wp\/v2\/comments?post=1315"}],"version-history":[{"count":0,"href":"http:\/\/www.arth-online.ch\/svp\/wp-json\/wp\/v2\/pages\/1315\/revisions"}],"up":[{"embeddable":true,"href":"http:\/\/www.arth-online.ch\/svp\/wp-json\/wp\/v2\/pages\/1136"}],"wp:attachment":[{"href":"http:\/\/www.arth-online.ch\/svp\/wp-json\/wp\/v2\/media?parent=1315"}],"curies":[{"name":"wp","href":"https:\/\/api.w.org\/{rel}","templated":true}]}}