{"id":1019,"date":"2017-08-21T09:51:45","date_gmt":"2017-08-21T07:51:45","guid":{"rendered":"http:\/\/svp.arth-online.ch\/?page_id=1019"},"modified":"2017-08-21T09:51:45","modified_gmt":"2017-08-21T07:51:45","slug":"24-september","status":"publish","type":"page","link":"http:\/\/www.arth-online.ch\/svp\/abstimmungen\/abstimmungen-2017\/24-september\/","title":{"rendered":"24. September"},"content":{"rendered":"<p><img loading=\"lazy\" decoding=\"async\" src=\"http:\/\/www.arth-online.ch\/svp\/wp-content\/uploads\/sites\/2\/2017\/08\/ahv-scheinreform_nein-1024x488.jpg\" alt=\"\" width=\"840\" height=\"400\" class=\"alignleft size-large wp-image-1022\" srcset=\"http:\/\/www.arth-online.ch\/svp\/wp-content\/uploads\/sites\/2\/2017\/08\/ahv-scheinreform_nein-1024x488.jpg 1024w, http:\/\/www.arth-online.ch\/svp\/wp-content\/uploads\/sites\/2\/2017\/08\/ahv-scheinreform_nein-300x143.jpg 300w, http:\/\/www.arth-online.ch\/svp\/wp-content\/uploads\/sites\/2\/2017\/08\/ahv-scheinreform_nein-768x366.jpg 768w, http:\/\/www.arth-online.ch\/svp\/wp-content\/uploads\/sites\/2\/2017\/08\/ahv-scheinreform_nein-1200x572.jpg 1200w, http:\/\/www.arth-online.ch\/svp\/wp-content\/uploads\/sites\/2\/2017\/08\/ahv-scheinreform_nein.jpg 1280w\" sizes=\"auto, (max-width: 709px) 85vw, (max-width: 909px) 67vw, (max-width: 1362px) 62vw, 840px\" \/><\/p>\n<h2>Eidgen\u00f6ssische Volksabstimmung<\/h2>\n<ul>\n<li><strong style=\"color: green\">JA<\/strong> zum Bundesbeschluss vom 14. M\u00e4rz 2017 \u00fcber die Ern\u00e4hrungssicherheit (direkter Gegenentwurf zur zur\u00fcckgezogenen Volksinitiative &#8222;F\u00fcr Ern\u00e4hrungssicherheit&#8220;)<\/li>\n<li><strong style=\"color: red\">NEIN<\/strong> zum Bundesbeschluss vom 17. M\u00e4rz 2017 \u00fcber die Zusatzfinanzierung der AHV durch eine Erh\u00f6hung der Mehrwertsteuer<\/li>\n<li><strong style=\"color: red\">NEIN<\/strong> zum Bundesgesetz vom 17. M\u00e4rz 2017 \u00fcber die Reform der Altersvorsorge 2020<\/li>\n<\/ul>\n<h2>Kantonale Volksabstimmung<\/h2>\n<ul>\n<li><strong style=\"color: green\">JA<\/strong> zur Aufhebung des Gesetzes \u00fcber die Wohnbau- und Eigentumsf\u00f6rderung<\/li>\n<li><strong style=\"color: green\">JA<\/strong> zur K\u00fcndigung der Vereinbarung \u00fcber die interkantonale Zusammenarbeit im Bereich \u00fcberregionaler Kultureinrichtungen<\/li>\n<\/ul>\n","protected":false},"excerpt":{"rendered":"<p>Eidgen\u00f6ssische Volksabstimmung JA zum Bundesbeschluss vom 14. M\u00e4rz 2017 \u00fcber die Ern\u00e4hrungssicherheit (direkter Gegenentwurf zur zur\u00fcckgezogenen Volksinitiative &#8222;F\u00fcr Ern\u00e4hrungssicherheit&#8220;) NEIN zum Bundesbeschluss vom 17. M\u00e4rz 2017 \u00fcber die Zusatzfinanzierung der &hellip; <a href=\"http:\/\/www.arth-online.ch\/svp\/abstimmungen\/abstimmungen-2017\/24-september\/\" class=\"more-link\"><span class=\"screen-reader-text\">\u201e24. September\u201c <\/span>weiterlesen<\/a><\/p>\n","protected":false},"author":1,"featured_media":0,"parent":336,"menu_order":0,"comment_status":"closed","ping_status":"closed","template":"","meta":{"ngg_post_thumbnail":0,"footnotes":"","_links_to":"","_links_to_target":""},"class_list":["post-1019","page","type-page","status-publish","hentry"],"distributor_meta":false,"distributor_terms":false,"distributor_media":false,"distributor_original_site_name":"SVP Arth-Oberarth-Goldau","distributor_original_site_url":"http:\/\/www.arth-online.ch\/svp","push-errors":false,"_links":{"self":[{"href":"http:\/\/www.arth-online.ch\/svp\/wp-json\/wp\/v2\/pages\/1019","targetHints":{"allow":["GET"]}}],"collection":[{"href":"http:\/\/www.arth-online.ch\/svp\/wp-json\/wp\/v2\/pages"}],"about":[{"href":"http:\/\/www.arth-online.ch\/svp\/wp-json\/wp\/v2\/types\/page"}],"author":[{"embeddable":true,"href":"http:\/\/www.arth-online.ch\/svp\/wp-json\/wp\/v2\/users\/1"}],"replies":[{"embeddable":true,"href":"http:\/\/www.arth-online.ch\/svp\/wp-json\/wp\/v2\/comments?post=1019"}],"version-history":[{"count":0,"href":"http:\/\/www.arth-online.ch\/svp\/wp-json\/wp\/v2\/pages\/1019\/revisions"}],"up":[{"embeddable":true,"href":"http:\/\/www.arth-online.ch\/svp\/wp-json\/wp\/v2\/pages\/336"}],"wp:attachment":[{"href":"http:\/\/www.arth-online.ch\/svp\/wp-json\/wp\/v2\/media?parent=1019"}],"curies":[{"name":"wp","href":"https:\/\/api.w.org\/{rel}","templated":true}]}}