{"id":99,"date":"2019-11-23T01:37:57","date_gmt":"2019-11-23T00:37:57","guid":{"rendered":"http:\/\/www.arth-online.ch\/irrgarthen\/?page_id=99"},"modified":"2019-11-23T13:22:44","modified_gmt":"2019-11-23T12:22:44","slug":"kulinarische-freuden","status":"publish","type":"page","link":"http:\/\/www.arth-online.ch\/irrgarthen\/events\/kulinarische-freuden\/","title":{"rendered":"Kulinarische Freuden"},"content":{"rendered":"<p><img loading=\"lazy\" decoding=\"async\" src=\"http:\/\/www.arth-online.ch\/irrgarthen\/wp-content\/uploads\/sites\/13\/2019\/11\/kulinarische_freuden.gif\" alt=\"\" width=\"500\" height=\"322\" class=\"alignleft size-full wp-image-176\" \/><\/p>\n<div style=\"clear:both;\"><\/div>\n<p><strong>Buure-Zmorge &#8211; So 27. August, 9-13 Uhr<\/strong><br \/>\nFr. 20.00 &#8211; Kinder ab 6 Jahren, pro Jahr Fr. 1.00<br \/>\n<em>Anmeldung<\/em> \t<\/p>\n<p>Ein w\u00e4hrschaftes und reichhaltiges IrrgARTHen-Buure-Zmorge ist die beste Vorbereitung auf den Gang durchs Labyrinth.<\/p>\n<p><strong>Polenta-Zmorge &#8211; So 10. September, 9-13 Uhr<\/strong><br \/>\nFr. 12.00 &#8211; Kinder ab 6 Jahren Fr. 6.00<br \/>\n<em>Anmeldung<\/em> \t<\/p>\n<p>Die Kr\u00f6nung f\u00fcr jeden Polenta-Fan: Mais macht nicht nur m\u00fcde M\u00e4nner munter&#8230;<\/p>\n<p><strong>Grillbuffet \u00e0 discretion &#8211; Fr 1. September, ab 18 Uhr<\/strong><br \/>\nFr. 34.00 &#8211; Kinder ab 6 Jahren Fr. 17.00<br \/>\n<em>Anmeldung<\/em> \t<\/p>\n<p>Grillplausch unter freiem Himmel. bei dem man ausser Maiskolben viele andere gluschtige Sachen grillieren kann.<\/p>\n<p>Vollmond-Fondueplausch &#8211; Mi 13. September, ab 18 Uhr<br \/>\nFr. 18.00<br \/>\n<em>Anmeldung<\/em> \t<\/p>\n<p>Gem\u00fctlicher Fondueplausch rechtzeitig zur Vollmondnacht.<\/p>\n<p>F\u00fcr alle kulinarischen Freuden ist eine Anmeldung erforderlich!<br \/>\nTelefon 079 435 2154<br \/>\nFax 041 855 4217<br \/>\nE-Mail irrgarthen@arth-online.ch<\/p>\n","protected":false},"excerpt":{"rendered":"<p>Buure-Zmorge &#8211; So 27. August, 9-13 Uhr Fr. 20.00 &#8211; Kinder ab 6 Jahren, pro Jahr Fr. 1.00 Anmeldung Ein w\u00e4hrschaftes und reichhaltiges IrrgARTHen-Buure-Zmorge ist die beste Vorbereitung auf den Gang durchs Labyrinth. Polenta-Zmorge &#8211; So 10. September, 9-13 Uhr Fr. 12.00 &#8211; Kinder ab 6 Jahren Fr. 6.00 Anmeldung Die Kr\u00f6nung f\u00fcr jeden Polenta-Fan: &hellip; <a href=\"http:\/\/www.arth-online.ch\/irrgarthen\/events\/kulinarische-freuden\/\" class=\"more-link\"><span class=\"screen-reader-text\">\u201eKulinarische Freuden\u201c <\/span>weiterlesen<\/a><\/p>\n","protected":false},"author":1,"featured_media":0,"parent":7,"menu_order":0,"comment_status":"closed","ping_status":"closed","template":"","meta":{"ngg_post_thumbnail":0,"footnotes":"","_links_to":"","_links_to_target":""},"class_list":["post-99","page","type-page","status-publish","hentry"],"_links":{"self":[{"href":"http:\/\/www.arth-online.ch\/irrgarthen\/wp-json\/wp\/v2\/pages\/99","targetHints":{"allow":["GET"]}}],"collection":[{"href":"http:\/\/www.arth-online.ch\/irrgarthen\/wp-json\/wp\/v2\/pages"}],"about":[{"href":"http:\/\/www.arth-online.ch\/irrgarthen\/wp-json\/wp\/v2\/types\/page"}],"author":[{"embeddable":true,"href":"http:\/\/www.arth-online.ch\/irrgarthen\/wp-json\/wp\/v2\/users\/1"}],"replies":[{"embeddable":true,"href":"http:\/\/www.arth-online.ch\/irrgarthen\/wp-json\/wp\/v2\/comments?post=99"}],"version-history":[{"count":4,"href":"http:\/\/www.arth-online.ch\/irrgarthen\/wp-json\/wp\/v2\/pages\/99\/revisions"}],"predecessor-version":[{"id":178,"href":"http:\/\/www.arth-online.ch\/irrgarthen\/wp-json\/wp\/v2\/pages\/99\/revisions\/178"}],"up":[{"embeddable":true,"href":"http:\/\/www.arth-online.ch\/irrgarthen\/wp-json\/wp\/v2\/pages\/7"}],"wp:attachment":[{"href":"http:\/\/www.arth-online.ch\/irrgarthen\/wp-json\/wp\/v2\/media?parent=99"}],"curies":[{"name":"wp","href":"https:\/\/api.w.org\/{rel}","templated":true}]}}