{"id":101,"date":"2019-11-23T01:38:22","date_gmt":"2019-11-23T00:38:22","guid":{"rendered":"http:\/\/www.arth-online.ch\/irrgarthen\/?page_id=101"},"modified":"2019-11-23T13:25:11","modified_gmt":"2019-11-23T12:25:11","slug":"naechte-des-grauens","status":"publish","type":"page","link":"http:\/\/www.arth-online.ch\/irrgarthen\/events\/naechte-des-grauens\/","title":{"rendered":"N\u00e4chte des Grauens"},"content":{"rendered":"<p>In den Vollmondn\u00e4chten vom 18. und 19. August sowie vom 15. und 16. September geht&#8217;s ab 19 Uhr (\u00d6ffnung Bar mit Grilladen) bzw. 21 Uhr im IrrgARTHen gruselig zu und her.<\/p>\n<p>Die bedauernswerten Besucherinnen und Besucher erwartet ein hexensabbatig-halloweenisch-horrorm\u00e4ssig gestaltetes Labyrinth mit Spuk und Grauen an allen Ecken und Enden.<\/p>\n<p>Durch die N\u00e4chte des Grauens f\u00fchren mit kaltem H\u00e4ndchen die \u00abHarpyiens\u00bb. Dabei handelt es sich um eine innovative Arth-Goldauer Fasnachtsgruppe, die seit 1995 mit ihren mystisch-grausligen Kost\u00fcmen die sch\u00f6nsten Tage im Jahr unsicher macht. Nun suchen die \u00abHarpyiens\u00bb den IrrgARTHen heim. Hilfe&#8230;!!!<\/p>\n<figure id=\"attachment_179\" aria-describedby=\"caption-attachment-179\" style=\"width: 512px\" class=\"wp-caption alignleft\"><img loading=\"lazy\" decoding=\"async\" src=\"http:\/\/www.arth-online.ch\/irrgarthen\/wp-content\/uploads\/sites\/13\/2019\/11\/harpyiens.jpg\" alt=\"\" width=\"512\" height=\"384\" class=\"size-full wp-image-179\" srcset=\"http:\/\/www.arth-online.ch\/irrgarthen\/wp-content\/uploads\/sites\/13\/2019\/11\/harpyiens.jpg 512w, http:\/\/www.arth-online.ch\/irrgarthen\/wp-content\/uploads\/sites\/13\/2019\/11\/harpyiens-300x225.jpg 300w\" sizes=\"auto, (max-width: 512px) 85vw, 512px\" \/><figcaption id=\"caption-attachment-179\" class=\"wp-caption-text\">Die \u00abHarpyiens\u00bb am Fasnachtsumzug 2000 in Arth<\/figcaption><\/figure>\n","protected":false},"excerpt":{"rendered":"<p>In den Vollmondn\u00e4chten vom 18. und 19. August sowie vom 15. und 16. September geht&#8217;s ab 19 Uhr (\u00d6ffnung Bar mit Grilladen) bzw. 21 Uhr im IrrgARTHen gruselig zu und her. Die bedauernswerten Besucherinnen und Besucher erwartet ein hexensabbatig-halloweenisch-horrorm\u00e4ssig gestaltetes Labyrinth mit Spuk und Grauen an allen Ecken und Enden. Durch die N\u00e4chte des Grauens &hellip; <a href=\"http:\/\/www.arth-online.ch\/irrgarthen\/events\/naechte-des-grauens\/\" class=\"more-link\"><span class=\"screen-reader-text\">\u201eN\u00e4chte des Grauens\u201c <\/span>weiterlesen<\/a><\/p>\n","protected":false},"author":1,"featured_media":0,"parent":7,"menu_order":0,"comment_status":"closed","ping_status":"closed","template":"","meta":{"ngg_post_thumbnail":0,"footnotes":"","_links_to":"","_links_to_target":""},"class_list":["post-101","page","type-page","status-publish","hentry"],"_links":{"self":[{"href":"http:\/\/www.arth-online.ch\/irrgarthen\/wp-json\/wp\/v2\/pages\/101","targetHints":{"allow":["GET"]}}],"collection":[{"href":"http:\/\/www.arth-online.ch\/irrgarthen\/wp-json\/wp\/v2\/pages"}],"about":[{"href":"http:\/\/www.arth-online.ch\/irrgarthen\/wp-json\/wp\/v2\/types\/page"}],"author":[{"embeddable":true,"href":"http:\/\/www.arth-online.ch\/irrgarthen\/wp-json\/wp\/v2\/users\/1"}],"replies":[{"embeddable":true,"href":"http:\/\/www.arth-online.ch\/irrgarthen\/wp-json\/wp\/v2\/comments?post=101"}],"version-history":[{"count":5,"href":"http:\/\/www.arth-online.ch\/irrgarthen\/wp-json\/wp\/v2\/pages\/101\/revisions"}],"predecessor-version":[{"id":181,"href":"http:\/\/www.arth-online.ch\/irrgarthen\/wp-json\/wp\/v2\/pages\/101\/revisions\/181"}],"up":[{"embeddable":true,"href":"http:\/\/www.arth-online.ch\/irrgarthen\/wp-json\/wp\/v2\/pages\/7"}],"wp:attachment":[{"href":"http:\/\/www.arth-online.ch\/irrgarthen\/wp-json\/wp\/v2\/media?parent=101"}],"curies":[{"name":"wp","href":"https:\/\/api.w.org\/{rel}","templated":true}]}}